{"id":876,"date":"2018-11-01T12:15:33","date_gmt":"2018-11-01T10:15:33","guid":{"rendered":"https:\/\/antonioanaut.com\/?post_type=product&#038;p=876\/"},"modified":"2024-06-28T21:30:37","modified_gmt":"2024-06-28T19:30:37","slug":"madeleine-400g","status":"publish","type":"product","link":"https:\/\/antonioanaut.com\/fr\/producto\/madeleine-400g\/","title":{"rendered":"Madeleine 400g"},"content":{"rendered":"<p><span lang=\"FR\">Celles de toujours. Riches en \u0153uf. \u00c9labor\u00e9es uniquement avec de l\u2019huile de tournesol. Elles vous apportent de l\u2019\u00e9nergie \u00e0 tout moment de la journ\u00e9e d\u2019une mani\u00e8re naturelle et nutritive. Si vous pensez \u00e0 \u00e9laborer de bonnes madeleines, nous faisons le travail pour vous. Vous aimerez leur spongiosit\u00e9<\/span>.<\/p>\n<p><b><span lang=\"ES\"><span lang=\"FR\">Elles sont sans lait (sans lactose, sans prot\u00e9ines de lait) et sans fruits secs<\/span>.<\/span><\/b><\/p>\n","protected":false},"excerpt":{"rendered":"<p>Bolsa de 400 g<\/p>\n","protected":false},"featured_media":5783,"comment_status":"open","ping_status":"closed","template":"","meta":{"_acf_changed":false},"product_brand":[],"product_cat":[91,85],"product_tag":[94,95,108],"class_list":{"0":"post-876","1":"product","2":"type-product","3":"status-publish","4":"has-post-thumbnail","6":"product_cat-madeleine","7":"product_cat-patisserie-traditionnelle","8":"product_tag-sans-lactose","9":"product_tag-sans-lait","10":"product_tag-sans-proteines-de-lait","12":"first","13":"instock","14":"taxable","15":"shipping-taxable","16":"purchasable","17":"product-type-simple"},"acf":[],"_links":{"self":[{"href":"https:\/\/antonioanaut.com\/fr\/wp-json\/wp\/v2\/product\/876","targetHints":{"allow":["GET"]}}],"collection":[{"href":"https:\/\/antonioanaut.com\/fr\/wp-json\/wp\/v2\/product"}],"about":[{"href":"https:\/\/antonioanaut.com\/fr\/wp-json\/wp\/v2\/types\/product"}],"replies":[{"embeddable":true,"href":"https:\/\/antonioanaut.com\/fr\/wp-json\/wp\/v2\/comments?post=876"}],"wp:featuredmedia":[{"embeddable":true,"href":"https:\/\/antonioanaut.com\/fr\/wp-json\/wp\/v2\/media\/5783"}],"wp:attachment":[{"href":"https:\/\/antonioanaut.com\/fr\/wp-json\/wp\/v2\/media?parent=876"}],"wp:term":[{"taxonomy":"product_brand","embeddable":true,"href":"https:\/\/antonioanaut.com\/fr\/wp-json\/wp\/v2\/product_brand?post=876"},{"taxonomy":"product_cat","embeddable":true,"href":"https:\/\/antonioanaut.com\/fr\/wp-json\/wp\/v2\/product_cat?post=876"},{"taxonomy":"product_tag","embeddable":true,"href":"https:\/\/antonioanaut.com\/fr\/wp-json\/wp\/v2\/product_tag?post=876"}],"curies":[{"name":"wp","href":"https:\/\/api.w.org\/{rel}","templated":true}]}}