{"id":875,"date":"2018-11-01T12:21:06","date_gmt":"2018-11-01T10:21:06","guid":{"rendered":"https:\/\/antonioanaut.com\/?post_type=product&#038;p=875\/"},"modified":"2024-03-26T09:20:02","modified_gmt":"2024-03-26T07:20:02","slug":"madeleine-au-cacao","status":"publish","type":"product","link":"https:\/\/antonioanaut.com\/fr\/producto\/madeleine-au-cacao\/","title":{"rendered":"Madeleine au cacao"},"content":{"rendered":"<p>Nos madeleines au cacao 100%. Vous aimerez leur spongiosit\u00e9 et leur saveur, et l\u2019ar\u00f4me du cacao pur. Riches en \u0153uf. \u00c9labor\u00e9es uniquement avec de l\u2019huile de tournesol.<\/p>\n<p><b><span lang=\"ES\"><span lang=\"FR\">Elles sont sans lait (sans lactose, sans prot\u00e9ines de lait) et sans fruits secs<\/span>.<\/span><\/b><\/p>\n","protected":false},"excerpt":{"rendered":"<p>Sachet 325 g<\/p>\n","protected":false},"featured_media":4987,"comment_status":"open","ping_status":"closed","template":"","meta":{"_acf_changed":false},"product_brand":[],"product_cat":[91,85],"product_tag":[99,93,94,95,108],"class_list":{"0":"post-875","1":"product","2":"type-product","3":"status-publish","4":"has-post-thumbnail","6":"product_cat-madeleine","7":"product_cat-patisserie-traditionnelle","8":"product_tag-au-cacao","9":"product_tag-sans-fruits-secs","10":"product_tag-sans-lactose","11":"product_tag-sans-lait","12":"product_tag-sans-proteines-de-lait","14":"first","15":"instock","16":"taxable","17":"shipping-taxable","18":"purchasable","19":"product-type-simple"},"acf":[],"_links":{"self":[{"href":"https:\/\/antonioanaut.com\/fr\/wp-json\/wp\/v2\/product\/875","targetHints":{"allow":["GET"]}}],"collection":[{"href":"https:\/\/antonioanaut.com\/fr\/wp-json\/wp\/v2\/product"}],"about":[{"href":"https:\/\/antonioanaut.com\/fr\/wp-json\/wp\/v2\/types\/product"}],"replies":[{"embeddable":true,"href":"https:\/\/antonioanaut.com\/fr\/wp-json\/wp\/v2\/comments?post=875"}],"wp:featuredmedia":[{"embeddable":true,"href":"https:\/\/antonioanaut.com\/fr\/wp-json\/wp\/v2\/media\/4987"}],"wp:attachment":[{"href":"https:\/\/antonioanaut.com\/fr\/wp-json\/wp\/v2\/media?parent=875"}],"wp:term":[{"taxonomy":"product_brand","embeddable":true,"href":"https:\/\/antonioanaut.com\/fr\/wp-json\/wp\/v2\/product_brand?post=875"},{"taxonomy":"product_cat","embeddable":true,"href":"https:\/\/antonioanaut.com\/fr\/wp-json\/wp\/v2\/product_cat?post=875"},{"taxonomy":"product_tag","embeddable":true,"href":"https:\/\/antonioanaut.com\/fr\/wp-json\/wp\/v2\/product_tag?post=875"}],"curies":[{"name":"wp","href":"https:\/\/api.w.org\/{rel}","templated":true}]}}