{"id":871,"date":"2018-11-01T15:47:53","date_gmt":"2018-11-01T13:47:53","guid":{"rendered":"https:\/\/antonioanaut.com\/?post_type=product&#038;p=871\/"},"modified":"2022-04-17T23:18:37","modified_gmt":"2022-04-17T23:18:37","slug":"tontita-fr","status":"publish","type":"product","link":"https:\/\/antonioanaut.com\/fr\/producto\/tontita-fr\/","title":{"rendered":"Tontita"},"content":{"rendered":"<p>Une d\u00e9licieuse p\u00e2te croustillante. Elles nous accompagnent pour le go\u00fbter ou une pause-caf\u00e9, un encas parfait \u00e0 toute heure. Vous pouvez en varier le go\u00fbt en les tartinant avec de la confiture, du beurre ou de la cr\u00e8me de cacao, selon vos pr\u00e9f\u00e9rences. \u00c9labor\u00e9es uniquement avec de l\u2019huile de tournesol.<\/p>\n<p><b><span lang=\"ES\"><span lang=\"FR\">Elles sont sans lait (sans lactose, sans prot\u00e9ines de lait) et sans fruits secs<\/span>.<\/span><\/b><\/p>\n","protected":false},"excerpt":{"rendered":"<p>Sachet 220 g<\/p>\n","protected":false},"featured_media":5586,"comment_status":"open","ping_status":"closed","template":"","meta":{"_acf_changed":false},"product_brand":[],"product_cat":[85,90],"product_tag":[],"class_list":{"0":"post-871","1":"product","2":"type-product","3":"status-publish","4":"has-post-thumbnail","6":"product_cat-patisserie-traditionnelle","7":"product_cat-tontita-fr","9":"first","10":"instock","11":"taxable","12":"shipping-taxable","13":"purchasable","14":"product-type-simple"},"acf":[],"_links":{"self":[{"href":"https:\/\/antonioanaut.com\/fr\/wp-json\/wp\/v2\/product\/871","targetHints":{"allow":["GET"]}}],"collection":[{"href":"https:\/\/antonioanaut.com\/fr\/wp-json\/wp\/v2\/product"}],"about":[{"href":"https:\/\/antonioanaut.com\/fr\/wp-json\/wp\/v2\/types\/product"}],"replies":[{"embeddable":true,"href":"https:\/\/antonioanaut.com\/fr\/wp-json\/wp\/v2\/comments?post=871"}],"wp:featuredmedia":[{"embeddable":true,"href":"https:\/\/antonioanaut.com\/fr\/wp-json\/wp\/v2\/media\/5586"}],"wp:attachment":[{"href":"https:\/\/antonioanaut.com\/fr\/wp-json\/wp\/v2\/media?parent=871"}],"wp:term":[{"taxonomy":"product_brand","embeddable":true,"href":"https:\/\/antonioanaut.com\/fr\/wp-json\/wp\/v2\/product_brand?post=871"},{"taxonomy":"product_cat","embeddable":true,"href":"https:\/\/antonioanaut.com\/fr\/wp-json\/wp\/v2\/product_cat?post=871"},{"taxonomy":"product_tag","embeddable":true,"href":"https:\/\/antonioanaut.com\/fr\/wp-json\/wp\/v2\/product_tag?post=871"}],"curies":[{"name":"wp","href":"https:\/\/api.w.org\/{rel}","templated":true}]}}