{"id":5600,"date":"2025-03-11T14:13:54","date_gmt":"2025-03-11T12:13:54","guid":{"rendered":"https:\/\/antonioanaut.com\/?post_type=product&#038;p=5600"},"modified":"2025-05-16T07:07:32","modified_gmt":"2025-05-16T05:07:32","slug":"coquilles","status":"publish","type":"product","link":"https:\/\/antonioanaut.com\/fr\/producto\/coquilles\/","title":{"rendered":"Coquilles"},"content":{"rendered":"<p id=\"tw-target-text\" class=\"tw-data-text tw-text-large tw-ta\" dir=\"ltr\" data-placeholder=\"Traducci\u00f3n\" data-ved=\"2ahUKEwj7i7OGmqeNAxVdUaQEHSmwBLAQ3ewLegQICRAV\" aria-label=\"Texto traducido: Nos p\u00e2tes inspir\u00e9es de la coquille embl\u00e9matique du Chemin de Saint-Jacques. Ils sont parfaits pour accompagner le caf\u00e9 ou le th\u00e9 ou pour tout moment que vous souhaitez. Vous pouvez personnaliser votre bo\u00eete avec le tampon au dos et la transformer en un beau cadeau.\"><span class=\"Y2IQFc\" lang=\"fr\">Nos p\u00e2tes inspir\u00e9es de la coquille embl\u00e9matique du Chemin de Saint-Jacques. Ils sont parfaits pour accompagner le caf\u00e9 ou le th\u00e9 ou pour tout moment que vous souhaitez. Vous pouvez personnaliser votre bo\u00eete avec le tampon au dos et la transformer en un beau cadeau.<\/span><\/p>\n<p><b><span lang=\"ES\"><span lang=\"FR\">Elles sont sans lait (sans lactose, sans prot\u00e9ines de lait) .<\/span><\/span><\/b><\/p>\n","protected":false},"excerpt":{"rendered":"<p>Sachet 800 g<\/p>\n","protected":false},"featured_media":5592,"comment_status":"open","ping_status":"closed","template":"","meta":{"_acf_changed":false},"product_brand":[],"product_cat":[91,85],"product_tag":[94,95,108],"class_list":{"0":"post-5600","1":"product","2":"type-product","3":"status-publish","4":"has-post-thumbnail","6":"product_cat-madeleine","7":"product_cat-patisserie-traditionnelle","8":"product_tag-sans-lactose","9":"product_tag-sans-lait","10":"product_tag-sans-proteines-de-lait","12":"first","13":"instock","14":"taxable","15":"shipping-taxable","16":"purchasable","17":"product-type-simple"},"acf":[],"_links":{"self":[{"href":"https:\/\/antonioanaut.com\/fr\/wp-json\/wp\/v2\/product\/5600","targetHints":{"allow":["GET"]}}],"collection":[{"href":"https:\/\/antonioanaut.com\/fr\/wp-json\/wp\/v2\/product"}],"about":[{"href":"https:\/\/antonioanaut.com\/fr\/wp-json\/wp\/v2\/types\/product"}],"replies":[{"embeddable":true,"href":"https:\/\/antonioanaut.com\/fr\/wp-json\/wp\/v2\/comments?post=5600"}],"wp:featuredmedia":[{"embeddable":true,"href":"https:\/\/antonioanaut.com\/fr\/wp-json\/wp\/v2\/media\/5592"}],"wp:attachment":[{"href":"https:\/\/antonioanaut.com\/fr\/wp-json\/wp\/v2\/media?parent=5600"}],"wp:term":[{"taxonomy":"product_brand","embeddable":true,"href":"https:\/\/antonioanaut.com\/fr\/wp-json\/wp\/v2\/product_brand?post=5600"},{"taxonomy":"product_cat","embeddable":true,"href":"https:\/\/antonioanaut.com\/fr\/wp-json\/wp\/v2\/product_cat?post=5600"},{"taxonomy":"product_tag","embeddable":true,"href":"https:\/\/antonioanaut.com\/fr\/wp-json\/wp\/v2\/product_tag?post=5600"}],"curies":[{"name":"wp","href":"https:\/\/api.w.org\/{rel}","templated":true}]}}