{"id":4866,"date":"2024-02-06T15:02:54","date_gmt":"2024-02-06T13:02:54","guid":{"rendered":"https:\/\/antonioanaut.com\/?post_type=product&#038;p=4866"},"modified":"2024-03-26T09:36:49","modified_gmt":"2024-03-26T07:36:49","slug":"tontita-avec-du-chocolat","status":"publish","type":"product","link":"https:\/\/antonioanaut.com\/fr\/producto\/tontita-avec-du-chocolat\/","title":{"rendered":"Tontita avec du chocolat"},"content":{"rendered":"<p>Une d\u00e9licieuse p\u00e2te croustillante. Elles nous accompagnent pour le go\u00fbter ou une pause-caf\u00e9, un encas parfait \u00e0 toute heure.<\/p>\n<p>\u00c9labor\u00e9es uniquement avec de l\u2019huile de tournesol.<\/p>\n<p><b><span lang=\"ES\"><span lang=\"FR\">Elles sont sans fruits secs<\/span>.<\/span><\/b><\/p>\n","protected":false},"excerpt":{"rendered":"<p>Sachet 200 g<\/p>\n","protected":false},"featured_media":5562,"comment_status":"open","ping_status":"closed","template":"","meta":{"_acf_changed":false},"product_brand":[],"product_cat":[85,90],"product_tag":[93],"class_list":{"0":"post-4866","1":"product","2":"type-product","3":"status-publish","4":"has-post-thumbnail","6":"product_cat-patisserie-traditionnelle","7":"product_cat-tontita-fr","8":"product_tag-sans-fruits-secs","10":"first","11":"instock","12":"taxable","13":"shipping-taxable","14":"purchasable","15":"product-type-simple"},"acf":[],"_links":{"self":[{"href":"https:\/\/antonioanaut.com\/fr\/wp-json\/wp\/v2\/product\/4866","targetHints":{"allow":["GET"]}}],"collection":[{"href":"https:\/\/antonioanaut.com\/fr\/wp-json\/wp\/v2\/product"}],"about":[{"href":"https:\/\/antonioanaut.com\/fr\/wp-json\/wp\/v2\/types\/product"}],"replies":[{"embeddable":true,"href":"https:\/\/antonioanaut.com\/fr\/wp-json\/wp\/v2\/comments?post=4866"}],"wp:featuredmedia":[{"embeddable":true,"href":"https:\/\/antonioanaut.com\/fr\/wp-json\/wp\/v2\/media\/5562"}],"wp:attachment":[{"href":"https:\/\/antonioanaut.com\/fr\/wp-json\/wp\/v2\/media?parent=4866"}],"wp:term":[{"taxonomy":"product_brand","embeddable":true,"href":"https:\/\/antonioanaut.com\/fr\/wp-json\/wp\/v2\/product_brand?post=4866"},{"taxonomy":"product_cat","embeddable":true,"href":"https:\/\/antonioanaut.com\/fr\/wp-json\/wp\/v2\/product_cat?post=4866"},{"taxonomy":"product_tag","embeddable":true,"href":"https:\/\/antonioanaut.com\/fr\/wp-json\/wp\/v2\/product_tag?post=4866"}],"curies":[{"name":"wp","href":"https:\/\/api.w.org\/{rel}","templated":true}]}}