{"id":2318,"date":"2021-09-10T04:52:58","date_gmt":"2021-09-10T02:52:58","guid":{"rendered":"https:\/\/antonioanaut.com\/?post_type=product&#038;p=2318"},"modified":"2023-11-12T16:41:15","modified_gmt":"2023-11-12T14:41:15","slug":"polvoron-traditionnel-4-kg","status":"publish","type":"product","link":"https:\/\/antonioanaut.com\/fr\/producto\/polvoron-traditionnel-4-kg\/","title":{"rendered":"Polvoron traditionnel 4 kg"},"content":{"rendered":"<p><span lang=\"FR\">Au doux ar\u00f4me naturel de cannelle. Leur \u00e9laboration soigneuse leur donne une texture d\u00e9licate extraordinaire, incroyablement facile \u00e0 manger. Ils nous ram\u00e8nent aux saveurs d\u2019antan, tout en continuant \u00e0 faire la joie des enfants. Ils sont beaucoup plus l\u00e9gers qu\u2019il n\u2019y para\u00eet. Nous les enveloppons individuellement dans du papier de soie<\/span>.<\/p>\n<p><b><span lang=\"ES\"><span lang=\"FR\">Ils sont sans lait (sans lactose, sans prot\u00e9ines de lait) et sans fruits secs<\/span>.<\/span><\/b><\/p>\n","protected":false},"excerpt":{"rendered":"<p>Sachet 400 g<\/p>\n","protected":false},"featured_media":2325,"comment_status":"open","ping_status":"closed","template":"","meta":{"_acf_changed":false},"product_brand":[],"product_cat":[85,92],"product_tag":[93,94,95,108],"class_list":{"0":"post-2318","1":"product","2":"type-product","3":"status-publish","4":"has-post-thumbnail","6":"product_cat-patisserie-traditionnelle","7":"product_cat-polvoron-fr","8":"product_tag-sans-fruits-secs","9":"product_tag-sans-lactose","10":"product_tag-sans-lait","11":"product_tag-sans-proteines-de-lait","13":"first","14":"instock","15":"taxable","16":"shipping-taxable","17":"purchasable","18":"product-type-simple"},"acf":[],"_links":{"self":[{"href":"https:\/\/antonioanaut.com\/fr\/wp-json\/wp\/v2\/product\/2318","targetHints":{"allow":["GET"]}}],"collection":[{"href":"https:\/\/antonioanaut.com\/fr\/wp-json\/wp\/v2\/product"}],"about":[{"href":"https:\/\/antonioanaut.com\/fr\/wp-json\/wp\/v2\/types\/product"}],"replies":[{"embeddable":true,"href":"https:\/\/antonioanaut.com\/fr\/wp-json\/wp\/v2\/comments?post=2318"}],"wp:featuredmedia":[{"embeddable":true,"href":"https:\/\/antonioanaut.com\/fr\/wp-json\/wp\/v2\/media\/2325"}],"wp:attachment":[{"href":"https:\/\/antonioanaut.com\/fr\/wp-json\/wp\/v2\/media?parent=2318"}],"wp:term":[{"taxonomy":"product_brand","embeddable":true,"href":"https:\/\/antonioanaut.com\/fr\/wp-json\/wp\/v2\/product_brand?post=2318"},{"taxonomy":"product_cat","embeddable":true,"href":"https:\/\/antonioanaut.com\/fr\/wp-json\/wp\/v2\/product_cat?post=2318"},{"taxonomy":"product_tag","embeddable":true,"href":"https:\/\/antonioanaut.com\/fr\/wp-json\/wp\/v2\/product_tag?post=2318"}],"curies":[{"name":"wp","href":"https:\/\/api.w.org\/{rel}","templated":true}]}}