{"id":1720,"date":"2020-09-25T10:34:02","date_gmt":"2020-09-25T08:34:02","guid":{"rendered":"https:\/\/antonioanaut.com\/?post_type=product&#038;p=1720"},"modified":"2024-11-11T11:50:04","modified_gmt":"2024-11-11T09:50:04","slug":"madeleine-sans-sucre-300-g","status":"publish","type":"product","link":"https:\/\/antonioanaut.com\/fr\/producto\/madeleine-sans-sucre-300-g\/","title":{"rendered":"Madeleine sans sucre 300 g"},"content":{"rendered":"<p><span lang=\"FR\">Sans ajout de sucre. Riches en \u0153uf. \u00c9labor\u00e9es uniquement avec de l\u2019huile de tournesol et du maltitol<\/span>.<\/p>\n<p><b><span lang=\"ES\"><span lang=\"FR\">Elles sont sans lait (sans lactose, sans prot\u00e9ines de lait) et sans fruits secs<\/span>.<\/span><\/b><\/p>\n","protected":false},"excerpt":{"rendered":"<p>box 300 g<\/p>\n","protected":false},"featured_media":4992,"comment_status":"open","ping_status":"closed","template":"","meta":{"_acf_changed":false},"product_brand":[],"product_cat":[91,85],"product_tag":[93,94,95,108,106],"class_list":{"0":"post-1720","1":"product","2":"type-product","3":"status-publish","4":"has-post-thumbnail","6":"product_cat-madeleine","7":"product_cat-patisserie-traditionnelle","8":"product_tag-sans-fruits-secs","9":"product_tag-sans-lactose","10":"product_tag-sans-lait","11":"product_tag-sans-proteines-de-lait","12":"product_tag-sans-sucre","14":"first","15":"instock","16":"taxable","17":"shipping-taxable","18":"purchasable","19":"product-type-simple"},"acf":[],"_links":{"self":[{"href":"https:\/\/antonioanaut.com\/fr\/wp-json\/wp\/v2\/product\/1720","targetHints":{"allow":["GET"]}}],"collection":[{"href":"https:\/\/antonioanaut.com\/fr\/wp-json\/wp\/v2\/product"}],"about":[{"href":"https:\/\/antonioanaut.com\/fr\/wp-json\/wp\/v2\/types\/product"}],"replies":[{"embeddable":true,"href":"https:\/\/antonioanaut.com\/fr\/wp-json\/wp\/v2\/comments?post=1720"}],"wp:featuredmedia":[{"embeddable":true,"href":"https:\/\/antonioanaut.com\/fr\/wp-json\/wp\/v2\/media\/4992"}],"wp:attachment":[{"href":"https:\/\/antonioanaut.com\/fr\/wp-json\/wp\/v2\/media?parent=1720"}],"wp:term":[{"taxonomy":"product_brand","embeddable":true,"href":"https:\/\/antonioanaut.com\/fr\/wp-json\/wp\/v2\/product_brand?post=1720"},{"taxonomy":"product_cat","embeddable":true,"href":"https:\/\/antonioanaut.com\/fr\/wp-json\/wp\/v2\/product_cat?post=1720"},{"taxonomy":"product_tag","embeddable":true,"href":"https:\/\/antonioanaut.com\/fr\/wp-json\/wp\/v2\/product_tag?post=1720"}],"curies":[{"name":"wp","href":"https:\/\/api.w.org\/{rel}","templated":true}]}}