{"id":1600,"date":"2020-07-21T08:40:00","date_gmt":"2020-07-21T06:40:00","guid":{"rendered":"https:\/\/antonioanaut.com\/?post_type=product&#038;p=1600"},"modified":"2022-04-20T12:06:55","modified_gmt":"2022-04-20T10:06:55","slug":"beignets-sans-sucre-ajoute","status":"publish","type":"product","link":"https:\/\/antonioanaut.com\/fr\/producto\/beignets-sans-sucre-ajoute\/","title":{"rendered":"Beignets sans sucre ajout\u00e9"},"content":{"rendered":"<p>Une p\u00e2te croustillante \u00e0 laquelle nous n\u2019ajoutons pas de sucre. \u00c9labor\u00e9es uniquement avec de l\u2019huile de tournesol et du maltitol. Elles nous accompagnent pour le go\u00fbter ou une pause-caf\u00e9, un encas parfait \u00e0 toute heure. Vous pouvez en varier le go\u00fbt en les tartinant avec de la confiture, du beurre ou de la cr\u00e8me de cacao, selon vos pr\u00e9f\u00e9rences.<\/p>\n<p><b><span lang=\"ES\"><span lang=\"FR\">Elles sont sans lait (sans lactose, sans prot\u00e9ines de lait) et sans fruits secs.<\/span><\/span><\/b><\/p>\n","protected":false},"excerpt":{"rendered":"<p>Sachet 220 g<\/p>\n","protected":false},"featured_media":4805,"comment_status":"open","ping_status":"closed","template":"","meta":{"_acf_changed":false},"product_brand":[],"product_cat":[85,90],"product_tag":[93,94,95,108,106],"class_list":{"0":"post-1600","1":"product","2":"type-product","3":"status-publish","4":"has-post-thumbnail","6":"product_cat-patisserie-traditionnelle","7":"product_cat-tontita-fr","8":"product_tag-sans-fruits-secs","9":"product_tag-sans-lactose","10":"product_tag-sans-lait","11":"product_tag-sans-proteines-de-lait","12":"product_tag-sans-sucre","14":"first","15":"outofstock","16":"taxable","17":"shipping-taxable","18":"purchasable","19":"product-type-simple"},"acf":[],"_links":{"self":[{"href":"https:\/\/antonioanaut.com\/fr\/wp-json\/wp\/v2\/product\/1600","targetHints":{"allow":["GET"]}}],"collection":[{"href":"https:\/\/antonioanaut.com\/fr\/wp-json\/wp\/v2\/product"}],"about":[{"href":"https:\/\/antonioanaut.com\/fr\/wp-json\/wp\/v2\/types\/product"}],"replies":[{"embeddable":true,"href":"https:\/\/antonioanaut.com\/fr\/wp-json\/wp\/v2\/comments?post=1600"}],"wp:featuredmedia":[{"embeddable":true,"href":"https:\/\/antonioanaut.com\/fr\/wp-json\/wp\/v2\/media\/4805"}],"wp:attachment":[{"href":"https:\/\/antonioanaut.com\/fr\/wp-json\/wp\/v2\/media?parent=1600"}],"wp:term":[{"taxonomy":"product_brand","embeddable":true,"href":"https:\/\/antonioanaut.com\/fr\/wp-json\/wp\/v2\/product_brand?post=1600"},{"taxonomy":"product_cat","embeddable":true,"href":"https:\/\/antonioanaut.com\/fr\/wp-json\/wp\/v2\/product_cat?post=1600"},{"taxonomy":"product_tag","embeddable":true,"href":"https:\/\/antonioanaut.com\/fr\/wp-json\/wp\/v2\/product_tag?post=1600"}],"curies":[{"name":"wp","href":"https:\/\/api.w.org\/{rel}","templated":true}]}}