{"id":616,"date":"2018-10-23T08:40:59","date_gmt":"2018-10-23T08:40:59","guid":{"rendered":"https:\/\/antonioanaut.com\/?page_id=616\/"},"modified":"2025-06-06T10:39:36","modified_gmt":"2025-06-06T08:39:36","slug":"tontita-0-sucre-ajoute","status":"publish","type":"page","link":"https:\/\/antonioanaut.com\/fr\/patisserie-traditionnelle\/tontita-0-sucre-ajoute\/","title":{"rendered":"TONTITA 0% SUCRE AJOUT\u00c9"},"content":{"rendered":"<p><div class=\"fusion-fullwidth fullwidth-box fusion-builder-row-1 nonhundred-percent-fullwidth non-hundred-percent-height-scrolling\" style=\"--awb-border-radius-top-left:0px;--awb-border-radius-top-right:0px;--awb-border-radius-bottom-right:0px;--awb-border-radius-bottom-left:0px;--awb-flex-wrap:wrap;\" ><div class=\"fusion-builder-row fusion-row\"><div class=\"fusion-layout-column fusion_builder_column fusion-builder-column-0 fusion_builder_column_1_1 1_1 fusion-one-full fusion-column-first fusion-column-last\" style=\"--awb-bg-size:cover;\"><div class=\"fusion-column-wrapper fusion-flex-column-wrapper-legacy\"><div class=\"fusion-title title fusion-title-1 fusion-sep-none fusion-title-text fusion-title-size-one\"><h1 class=\"fusion-title-heading title-heading-left fusion-responsive-typography-calculated\" style=\"margin:0;--fontSize:40;line-height:1.4;\">Tontita 0% sucre ajout\u00e9s<\/h1><\/div><div class=\"fusion-image-element fusion-image-align-center in-legacy-container\" style=\"text-align:center;--awb-caption-title-font-family:var(--h2_typography-font-family);--awb-caption-title-font-weight:var(--h2_typography-font-weight);--awb-caption-title-font-style:var(--h2_typography-font-style);--awb-caption-title-size:var(--h2_typography-font-size);--awb-caption-title-transform:var(--h2_typography-text-transform);--awb-caption-title-line-height:var(--h2_typography-line-height);--awb-caption-title-letter-spacing:var(--h2_typography-letter-spacing);\"><div class=\"imageframe-align-center\"><span class=\" fusion-imageframe imageframe-none imageframe-1 hover-type-none\"><img decoding=\"async\" width=\"1200\" height=\"600\" alt=\"Dulce tradicional Antonio Anaut\" title=\"ANAUT_BODEGON_TONTITAS\" src=\"https:\/\/antonioanaut.com\/wp-content\/uploads\/2018\/07\/ANAUT_BODEGON_TONTITAS.jpg\" class=\"img-responsive wp-image-238\" srcset=\"https:\/\/antonioanaut.com\/wp-content\/uploads\/2018\/07\/ANAUT_BODEGON_TONTITAS-200x100.jpg 200w, https:\/\/antonioanaut.com\/wp-content\/uploads\/2018\/07\/ANAUT_BODEGON_TONTITAS-400x200.jpg 400w, https:\/\/antonioanaut.com\/wp-content\/uploads\/2018\/07\/ANAUT_BODEGON_TONTITAS-600x300.jpg 600w, https:\/\/antonioanaut.com\/wp-content\/uploads\/2018\/07\/ANAUT_BODEGON_TONTITAS-800x400.jpg 800w, https:\/\/antonioanaut.com\/wp-content\/uploads\/2018\/07\/ANAUT_BODEGON_TONTITAS.jpg 1200w\" sizes=\"(max-width: 800px) 100vw, 1200px\" \/><\/span><\/div><\/div><div class=\"fusion-text fusion-text-1\"><p style=\"text-align: center;\">Une p\u00e2te croustillante \u00e0 laquelle nous n\u2019ajoutons pas de sucre. \u00c9labor\u00e9es uniquement avec de l\u2019huile de tournesol et du maltitol. Elles nous accompagnent pour le go\u00fbter ou une pause-caf\u00e9, un encas parfait \u00e0 toute heure. Vous pouvez en varier le go\u00fbt en les tartinant avec de la confiture, du beurre ou de la cr\u00e8me de cacao, selon vos pr\u00e9f\u00e9rences.<\/p>\n<p style=\"text-align: center;\"><b><span lang=\"FR\">Elles sont sans lait (sans lactose, sans prot\u00e9ines de lait) et sans fruits secs.<\/span><\/b><\/p>\n<p style=\"text-align: center;\">Si vous cherchez des produits \u00e9labor\u00e9s avec des ingr\u00e9dients de production bio, nous vous proposons nos <a href=\"https:\/\/antonioanaut.com\/fr\/?page_id=637\"><strong>tontitas int\u00e9grales bio \u00e0 la chia<\/strong><\/a>.<\/p>\n<\/div><div class=\"fusion-clearfix\"><\/div><\/div><\/div><\/div><\/div><div class=\"fusion-fullwidth fullwidth-box fusion-builder-row-2 nonhundred-percent-fullwidth non-hundred-percent-height-scrolling\" style=\"--awb-border-radius-top-left:0px;--awb-border-radius-top-right:0px;--awb-border-radius-bottom-right:0px;--awb-border-radius-bottom-left:0px;--awb-flex-wrap:wrap;\" ><div class=\"fusion-builder-row fusion-row\"><div class=\"fusion-layout-column fusion_builder_column fusion-builder-column-1 fusion_builder_column_1_3 1_3 fusion-one-third fusion-column-first\" style=\"--awb-bg-size:cover;width:33.333333333333%;width:calc(33.333333333333% - ( ( 4% + 4% ) * 0.33333333333333 ) );margin-right: 4%;\"><div class=\"fusion-column-wrapper fusion-flex-column-wrapper-legacy\"><div class=\"fusion-clearfix\"><\/div><\/div><\/div><div class=\"fusion-layout-column fusion_builder_column fusion-builder-column-2 fusion_builder_column_1_3 1_3 fusion-one-third\" style=\"--awb-padding-right:4%;--awb-padding-left:4%;--awb-bg-size:cover;width:33.333333333333%;width:calc(33.333333333333% - ( ( 4% + 4% ) * 0.33333333333333 ) );margin-right: 4%;\"><div class=\"fusion-column-wrapper fusion-flex-column-wrapper-legacy\"><div class=\"fusion-image-element in-legacy-container\" style=\"--awb-caption-title-font-family:var(--h2_typography-font-family);--awb-caption-title-font-weight:var(--h2_typography-font-weight);--awb-caption-title-font-style:var(--h2_typography-font-style);--awb-caption-title-size:var(--h2_typography-font-size);--awb-caption-title-transform:var(--h2_typography-text-transform);--awb-caption-title-line-height:var(--h2_typography-line-height);--awb-caption-title-letter-spacing:var(--h2_typography-letter-spacing);\"><span class=\" fusion-imageframe imageframe-none imageframe-2 hover-type-none\"><img decoding=\"async\" width=\"492\" height=\"117\" title=\"ANAUT_SELLO_TONTITA_SA_FR\" src=\"https:\/\/antonioanaut.com\/wp-content\/uploads\/2018\/10\/ANAUT_SELLO_TONTITA_SA_FR.png\" alt class=\"img-responsive wp-image-714\" srcset=\"https:\/\/antonioanaut.com\/wp-content\/uploads\/2018\/10\/ANAUT_SELLO_TONTITA_SA_FR-200x48.png 200w, https:\/\/antonioanaut.com\/wp-content\/uploads\/2018\/10\/ANAUT_SELLO_TONTITA_SA_FR-400x95.png 400w, https:\/\/antonioanaut.com\/wp-content\/uploads\/2018\/10\/ANAUT_SELLO_TONTITA_SA_FR.png 492w\" sizes=\"(max-width: 800px) 100vw, 400px\" \/><\/span><\/div><div class=\"fusion-clearfix\"><\/div><\/div><\/div><div class=\"fusion-layout-column fusion_builder_column fusion-builder-column-3 fusion_builder_column_1_3 1_3 fusion-one-third fusion-column-last\" style=\"--awb-bg-size:cover;width:33.333333333333%;width:calc(33.333333333333% - ( ( 4% + 4% ) * 0.33333333333333 ) );\"><div class=\"fusion-column-wrapper fusion-flex-column-wrapper-legacy\"><div class=\"fusion-clearfix\"><\/div><\/div><\/div><\/div><\/div><div class=\"fusion-fullwidth fullwidth-box fusion-builder-row-3 nonhundred-percent-fullwidth non-hundred-percent-height-scrolling\" style=\"--awb-border-radius-top-left:0px;--awb-border-radius-top-right:0px;--awb-border-radius-bottom-right:0px;--awb-border-radius-bottom-left:0px;--awb-flex-wrap:wrap;\" ><div class=\"fusion-builder-row fusion-row\"><div class=\"fusion-layout-column fusion_builder_column fusion-builder-column-4 fusion_builder_column_1_2 1_2 fusion-one-half fusion-column-first\" style=\"--awb-bg-size:cover;width:50%;width:calc(50% - ( ( 4% ) * 0.5 ) );margin-right: 4%;\"><div class=\"fusion-column-wrapper fusion-flex-column-wrapper-legacy\"><div class=\"fusion-text fusion-text-2\"><h3>Ingr\u00e9dients<\/h3>\n<\/div><div class=\"fusion-text fusion-text-3\"><p style=\"text-align: left;\">Farine de BL\u00c9,\u00e9dulcorant(maltitol), huile de tournesol raffin\u00e9e,OEUF, ar\u00f4me naturel d`anis et poudre \u00e0 lever (bicarbonate de sodium)<\/p>\n<p><strong>Il contient du gluten. Sans colorants ni conservateurs.<\/strong><\/p>\n<p style=\"text-align: left;\"><strong>\u00a0<\/strong><\/p>\n<\/div><div class=\"fusion-text fusion-text-4\"><h3>Information nutritionnelle pour 100 g<\/h3>\n<\/div>\n<div class=\"table-1\">\n<table width=\"100%\">\n<tbody>\n<tr>\n<td align=\"left\">Valeur \u00e9nerg\u00e9tique<\/td>\n<td style=\"text-align: right;\" align=\"left\">1.932,2 KJ \/ 463,5 kcal.<\/td>\n<\/tr>\n<tr>\n<td align=\"left\">Graisses<\/td>\n<td style=\"text-align: right;\" align=\"left\">25,4 g<\/td>\n<\/tr>\n<tr>\n<td align=\"left\">dont acides gras satur\u00e9s<\/td>\n<td style=\"text-align: right;\" align=\"left\">2,2 g<\/td>\n<\/tr>\n<tr>\n<td align=\"left\">Hydrates de carbone<\/td>\n<td style=\"text-align: right;\" align=\"left\">59,9 g<\/td>\n<\/tr>\n<tr>\n<td align=\"left\">dont sucres<\/td>\n<td style=\"text-align: right;\" align=\"left\">0,19 g<\/td>\n<\/tr>\n<tr>\n<td align=\"left\">Prot\u00e9ines<\/td>\n<td style=\"text-align: right;\" align=\"left\">7,55 g<\/td>\n<\/tr>\n<tr>\n<td align=\"left\">Sel<\/td>\n<td style=\"text-align: right;\" align=\"left\">0,18 g<\/td>\n<\/tr>\n<\/tbody>\n<\/table>\n<\/div>\n<div class=\"fusion-text fusion-text-5\"><p><strong>Format: Au d\u00e9tail \/ Sachet 220 g<br \/>\n<\/strong><\/p>\n<p><strong>\u00a0<\/strong><\/p>\n<\/div><div class=\"fusion-alignleft\"><a class=\"fusion-button button-flat button-small button-default fusion-button-default button-1 fusion-button-default-span \" target=\"_self\" href=\" https:\/\/antonioanaut.com\/fr\/producto\/tontita-sans-sucre\/\"><span class=\"fusion-button-text awb-button__text awb-button__text--default\">ACHETER<\/span><\/a><\/div><div class=\"fusion-clearfix\"><\/div><\/div><\/div><div class=\"fusion-layout-column fusion_builder_column fusion-builder-column-5 fusion_builder_column_1_2 1_2 fusion-one-half fusion-column-last\" style=\"--awb-bg-size:cover;width:50%;width:calc(50% - ( ( 4% ) * 0.5 ) );\"><div class=\"fusion-column-wrapper fusion-flex-column-wrapper-legacy\"><div class=\"fusion-image-element fusion-image-align-center in-legacy-container\" style=\"text-align:center;--awb-caption-title-font-family:var(--h2_typography-font-family);--awb-caption-title-font-weight:var(--h2_typography-font-weight);--awb-caption-title-font-style:var(--h2_typography-font-style);--awb-caption-title-size:var(--h2_typography-font-size);--awb-caption-title-transform:var(--h2_typography-text-transform);--awb-caption-title-line-height:var(--h2_typography-line-height);--awb-caption-title-letter-spacing:var(--h2_typography-letter-spacing);\"><div class=\"imageframe-align-center\"><span class=\" fusion-imageframe imageframe-none imageframe-3 hover-type-none\"><img decoding=\"async\" width=\"1920\" height=\"2560\" title=\"TONTITAS SIN AZUCAR EAN8414334000360\" src=\"https:\/\/antonioanaut.com\/wp-content\/uploads\/2018\/11\/TONTITAS-SIN-AZUCAR-EAN8414334000360-scaled.jpg\" alt class=\"img-responsive wp-image-5689\" srcset=\"https:\/\/antonioanaut.com\/wp-content\/uploads\/2018\/11\/TONTITAS-SIN-AZUCAR-EAN8414334000360-200x267.jpg 200w, https:\/\/antonioanaut.com\/wp-content\/uploads\/2018\/11\/TONTITAS-SIN-AZUCAR-EAN8414334000360-400x533.jpg 400w, https:\/\/antonioanaut.com\/wp-content\/uploads\/2018\/11\/TONTITAS-SIN-AZUCAR-EAN8414334000360-600x800.jpg 600w, https:\/\/antonioanaut.com\/wp-content\/uploads\/2018\/11\/TONTITAS-SIN-AZUCAR-EAN8414334000360-800x1067.jpg 800w, https:\/\/antonioanaut.com\/wp-content\/uploads\/2018\/11\/TONTITAS-SIN-AZUCAR-EAN8414334000360-1200x1600.jpg 1200w, https:\/\/antonioanaut.com\/wp-content\/uploads\/2018\/11\/TONTITAS-SIN-AZUCAR-EAN8414334000360-scaled.jpg 1920w\" sizes=\"(max-width: 800px) 100vw, 600px\" \/><\/span><\/div><\/div><div class=\"fusion-sep-clear\"><\/div><div class=\"fusion-separator fusion-full-width-sep\" style=\"margin-left: auto;margin-right: auto;margin-top:130px;margin-bottom:20px;width:100%;\"><div class=\"fusion-separator-border sep-single sep-solid\" style=\"--awb-height:20px;--awb-amount:20px;border-color:#e0dede;border-top-width:1px;\"><\/div><\/div><div class=\"fusion-sep-clear\"><\/div><div class=\"fusion-image-element fusion-image-align-right in-legacy-container\" style=\"text-align:right;--awb-max-width:150px;--awb-caption-title-font-family:var(--h2_typography-font-family);--awb-caption-title-font-weight:var(--h2_typography-font-weight);--awb-caption-title-font-style:var(--h2_typography-font-style);--awb-caption-title-size:var(--h2_typography-font-size);--awb-caption-title-transform:var(--h2_typography-text-transform);--awb-caption-title-line-height:var(--h2_typography-line-height);--awb-caption-title-letter-spacing:var(--h2_typography-letter-spacing);\"><span class=\" fusion-imageframe imageframe-none imageframe-4 hover-type-none\" style=\"margin-left:25px;float:right;\"><img decoding=\"async\" width=\"1227\" height=\"1228\" title=\"RG transparente\" src=\"https:\/\/antonioanaut.com\/wp-content\/uploads\/2024\/01\/RG-transparente-1.png\" alt class=\"img-responsive wp-image-4640\" srcset=\"https:\/\/antonioanaut.com\/wp-content\/uploads\/2024\/01\/RG-transparente-1-200x200.png 200w, https:\/\/antonioanaut.com\/wp-content\/uploads\/2024\/01\/RG-transparente-1-400x400.png 400w, https:\/\/antonioanaut.com\/wp-content\/uploads\/2024\/01\/RG-transparente-1-600x600.png 600w, https:\/\/antonioanaut.com\/wp-content\/uploads\/2024\/01\/RG-transparente-1-800x801.png 800w, https:\/\/antonioanaut.com\/wp-content\/uploads\/2024\/01\/RG-transparente-1-1200x1201.png 1200w, https:\/\/antonioanaut.com\/wp-content\/uploads\/2024\/01\/RG-transparente-1.png 1227w\" sizes=\"(max-width: 800px) 100vw, 600px\" \/><\/span><\/div><div class=\"fusion-clearfix\"><\/div><\/div><\/div><\/div><\/div><\/p>\n","protected":false},"excerpt":{"rendered":"","protected":false},"author":1,"featured_media":0,"parent":606,"menu_order":0,"comment_status":"closed","ping_status":"closed","template":"","meta":{"_acf_changed":false,"footnotes":""},"class_list":["post-616","page","type-page","status-publish","hentry"],"acf":[],"_links":{"self":[{"href":"https:\/\/antonioanaut.com\/fr\/wp-json\/wp\/v2\/pages\/616","targetHints":{"allow":["GET"]}}],"collection":[{"href":"https:\/\/antonioanaut.com\/fr\/wp-json\/wp\/v2\/pages"}],"about":[{"href":"https:\/\/antonioanaut.com\/fr\/wp-json\/wp\/v2\/types\/page"}],"author":[{"embeddable":true,"href":"https:\/\/antonioanaut.com\/fr\/wp-json\/wp\/v2\/users\/1"}],"replies":[{"embeddable":true,"href":"https:\/\/antonioanaut.com\/fr\/wp-json\/wp\/v2\/comments?post=616"}],"version-history":[{"count":17,"href":"https:\/\/antonioanaut.com\/fr\/wp-json\/wp\/v2\/pages\/616\/revisions"}],"predecessor-version":[{"id":5838,"href":"https:\/\/antonioanaut.com\/fr\/wp-json\/wp\/v2\/pages\/616\/revisions\/5838"}],"up":[{"embeddable":true,"href":"https:\/\/antonioanaut.com\/fr\/wp-json\/wp\/v2\/pages\/606"}],"wp:attachment":[{"href":"https:\/\/antonioanaut.com\/fr\/wp-json\/wp\/v2\/media?parent=616"}],"curies":[{"name":"wp","href":"https:\/\/api.w.org\/{rel}","templated":true}]}}