{"id":609,"date":"2018-10-23T08:31:50","date_gmt":"2018-10-23T08:31:50","guid":{"rendered":"https:\/\/antonioanaut.com\/?page_id=609\/"},"modified":"2026-03-03T08:42:11","modified_gmt":"2026-03-03T06:42:11","slug":"madeleine","status":"publish","type":"page","link":"https:\/\/antonioanaut.com\/fr\/patisserie-traditionnelle\/madeleine\/","title":{"rendered":"MADELEINE"},"content":{"rendered":"<p><div class=\"fusion-fullwidth fullwidth-box fusion-builder-row-1 nonhundred-percent-fullwidth non-hundred-percent-height-scrolling\" style=\"--awb-border-radius-top-left:0px;--awb-border-radius-top-right:0px;--awb-border-radius-bottom-right:0px;--awb-border-radius-bottom-left:0px;--awb-flex-wrap:wrap;\" ><div class=\"fusion-builder-row fusion-row\"><div class=\"fusion-layout-column fusion_builder_column fusion-builder-column-0 fusion_builder_column_1_1 1_1 fusion-one-full fusion-column-first fusion-column-last\" style=\"--awb-bg-size:cover;\"><div class=\"fusion-column-wrapper fusion-flex-column-wrapper-legacy\"><div class=\"fusion-title title fusion-title-1 fusion-sep-none fusion-title-text fusion-title-size-one\"><h1 class=\"fusion-title-heading title-heading-left fusion-responsive-typography-calculated\" style=\"margin:0;--fontSize:40;line-height:1.4;\">Madeleine<\/h1><\/div><div class=\"fusion-image-element fusion-image-align-center in-legacy-container\" style=\"text-align:center;--awb-caption-title-font-family:var(--h2_typography-font-family);--awb-caption-title-font-weight:var(--h2_typography-font-weight);--awb-caption-title-font-style:var(--h2_typography-font-style);--awb-caption-title-size:var(--h2_typography-font-size);--awb-caption-title-transform:var(--h2_typography-text-transform);--awb-caption-title-line-height:var(--h2_typography-line-height);--awb-caption-title-letter-spacing:var(--h2_typography-letter-spacing);\"><div class=\"imageframe-align-center\"><span class=\" fusion-imageframe imageframe-none imageframe-1 hover-type-none\"><img decoding=\"async\" width=\"1200\" height=\"600\" alt=\"Dulce tradicional Antonio Anaut\" title=\"ANAUT_BODEGON_T_MAGDALENA\" src=\"https:\/\/antonioanaut.com\/wp-content\/uploads\/2018\/07\/ANAUT_BODEGON_T_MAGDALENA.jpg\" class=\"img-responsive wp-image-151\" srcset=\"https:\/\/antonioanaut.com\/wp-content\/uploads\/2018\/07\/ANAUT_BODEGON_T_MAGDALENA-200x100.jpg 200w, https:\/\/antonioanaut.com\/wp-content\/uploads\/2018\/07\/ANAUT_BODEGON_T_MAGDALENA-400x200.jpg 400w, https:\/\/antonioanaut.com\/wp-content\/uploads\/2018\/07\/ANAUT_BODEGON_T_MAGDALENA-600x300.jpg 600w, https:\/\/antonioanaut.com\/wp-content\/uploads\/2018\/07\/ANAUT_BODEGON_T_MAGDALENA-800x400.jpg 800w, https:\/\/antonioanaut.com\/wp-content\/uploads\/2018\/07\/ANAUT_BODEGON_T_MAGDALENA.jpg 1200w\" sizes=\"(max-width: 800px) 100vw, 1200px\" \/><\/span><\/div><\/div><div class=\"fusion-text fusion-text-1\"><p style=\"text-align: center;\">Celles de toujours. Riches en \u0153uf. \u00c9labor\u00e9es uniquement avec de l\u2019huile de tournesol. Elles vous apportent de l\u2019\u00e9nergie \u00e0 tout moment de la journ\u00e9e d\u2019une mani\u00e8re naturelle et nutritive. Si vous pensez \u00e0 \u00e9laborer de bonnes madeleines, nous faisons le travail pour vous. Vous aimerez leur spongiosit\u00e9.<\/p>\n<div class=\"fusion-text\">\n<p style=\"text-align: center;\"><b><span lang=\"FR\">Elles sont sans lait (sans lactose, sans prot\u00e9ines de lait) et sans fruits secs.<\/span><\/b><\/p>\n<\/div>\n<p style=\"text-align: center;\">\u00a0Pour celles et ceux qui ne peuvent pas ou ne veulent pas prendre de sucre, nous proposons les <a href=\"https:\/\/antonioanaut.com\/fr\/patisserie-traditionnelle\/madeleine-sans-sucre\/\"><strong>madeleines\u00a0sans sucre ajout\u00e9<\/strong><\/a>.<\/p>\n<\/div><div class=\"fusion-clearfix\"><\/div><\/div><\/div><\/div><\/div><div class=\"fusion-fullwidth fullwidth-box fusion-builder-row-2 nonhundred-percent-fullwidth non-hundred-percent-height-scrolling\" style=\"--awb-border-radius-top-left:0px;--awb-border-radius-top-right:0px;--awb-border-radius-bottom-right:0px;--awb-border-radius-bottom-left:0px;--awb-flex-wrap:wrap;\" ><div class=\"fusion-builder-row fusion-row\"><div class=\"fusion-layout-column fusion_builder_column fusion-builder-column-1 fusion_builder_column_1_3 1_3 fusion-one-third fusion-column-first\" style=\"--awb-bg-size:cover;width:33.333333333333%;width:calc(33.333333333333% - ( ( 4% + 4% ) * 0.33333333333333 ) );margin-right: 4%;\"><div class=\"fusion-column-wrapper fusion-flex-column-wrapper-legacy\"><div class=\"fusion-clearfix\"><\/div><\/div><\/div><div class=\"fusion-layout-column fusion_builder_column fusion-builder-column-2 fusion_builder_column_1_3 1_3 fusion-one-third\" style=\"--awb-padding-right:4%;--awb-padding-left:4%;--awb-bg-size:cover;width:33.333333333333%;width:calc(33.333333333333% - ( ( 4% + 4% ) * 0.33333333333333 ) );margin-right: 4%;\"><div class=\"fusion-column-wrapper fusion-flex-column-wrapper-legacy\"><div class=\"fusion-clearfix\"><\/div><\/div><\/div><div class=\"fusion-layout-column fusion_builder_column fusion-builder-column-3 fusion_builder_column_1_3 1_3 fusion-one-third fusion-column-last\" style=\"--awb-bg-size:cover;width:33.333333333333%;width:calc(33.333333333333% - ( ( 4% + 4% ) * 0.33333333333333 ) );\"><div class=\"fusion-column-wrapper fusion-flex-column-wrapper-legacy\"><div class=\"fusion-clearfix\"><\/div><\/div><\/div><\/div><\/div><div class=\"fusion-fullwidth fullwidth-box fusion-builder-row-3 nonhundred-percent-fullwidth non-hundred-percent-height-scrolling\" style=\"--awb-border-radius-top-left:0px;--awb-border-radius-top-right:0px;--awb-border-radius-bottom-right:0px;--awb-border-radius-bottom-left:0px;--awb-flex-wrap:wrap;\" ><div class=\"fusion-builder-row fusion-row\"><div class=\"fusion-layout-column fusion_builder_column fusion-builder-column-4 fusion_builder_column_1_2 1_2 fusion-one-half fusion-column-first\" style=\"--awb-bg-size:cover;width:50%;width:calc(50% - ( ( 4% ) * 0.5 ) );margin-right: 4%;\"><div class=\"fusion-column-wrapper fusion-flex-column-wrapper-legacy\"><div class=\"fusion-text fusion-text-2\"><h3 style=\"text-align: left;\">Ingr\u00e9dients<\/h3>\n<\/div><div class=\"fusion-text fusion-text-3\"><p style=\"text-align: left;\">Farine de BL\u00c9, sucre, OEUF, huile de tournesol raffin\u00e9e, poudre \u00e0 lever (bicarbonate de sodium, pyrophosphate de sodium, acide citrique), l\u00b4amidon de m\u00e4is pr\u00e9g\u00e9latinis\u00e9, sel, sucre invert,\u00a0 ar\u00f4me naturel de citron avec d\u00b4autres a\u00f4mes naturels.<\/p>\n<p style=\"text-align: left;\"><strong>Contient du gluten.<\/strong><\/p>\n<p id=\"tw-target-text\" class=\"tw-data-text tw-text-large tw-ta\" dir=\"ltr\" data-placeholder=\"Traducci\u00f3n\" data-ved=\"2ahUKEwiGps_r65WNAxXyAfsDHcBiE0AQ3ewLegQICRAV\" aria-label=\"Texto traducido: Peut contenir des traces de soja et de moutarde.\"><strong><span class=\"Y2IQFc\" lang=\"fr\">Peut contenir des traces de soja et de moutarde.<\/span><\/strong><\/p>\n<\/div><div class=\"fusion-text fusion-text-4\"><h3 style=\"text-align: left;\">Information nutritionnelle pour 100 g<\/h3>\n<\/div>\n<div class=\"table-1\">\n<table width=\"100%\">\n<tbody>\n<tr>\n<td align=\"left\">Valeur \u00e9nerg\u00e9tique<\/td>\n<td style=\"text-align: right;\" align=\"left\">1.652 kJ \/ 395 kcal.<\/td>\n<\/tr>\n<tr>\n<td align=\"left\">Graisses<\/td>\n<td style=\"text-align: right;\" align=\"left\">20,4 g<\/td>\n<\/tr>\n<tr>\n<td align=\"left\">dont acides gras satur\u00e9s<\/td>\n<td style=\"text-align: right;\" align=\"left\">2,4 g<\/td>\n<\/tr>\n<tr>\n<td align=\"left\">Hydrates de carbone<\/td>\n<td style=\"text-align: right;\" align=\"left\">46,5 g<\/td>\n<\/tr>\n<tr>\n<td align=\"left\">dont sucres<\/td>\n<td style=\"text-align: right;\" align=\"left\">27,5\u00a0 g<\/td>\n<\/tr>\n<tr>\n<td align=\"left\">Prot\u00e9ines<\/td>\n<td style=\"text-align: right;\" align=\"left\">5,4 g<\/td>\n<\/tr>\n<tr>\n<td align=\"left\">Sel<\/td>\n<td style=\"text-align: right;\" align=\"left\">1,3 g<\/td>\n<\/tr>\n<tr>\n<td align=\"left\"><\/td>\n<td style=\"text-align: right;\" align=\"left\"><\/td>\n<\/tr>\n<\/tbody>\n<\/table>\n<\/div>\n<div class=\"fusion-text fusion-text-5\"><p><strong>Format\u00a0: Sachet 400 g\/ Sachet 800 g<\/strong><\/p>\n<\/div><div class=\"fusion-alignleft\"><a class=\"fusion-button button-flat button-small button-default fusion-button-default button-1 fusion-button-default-span \" target=\"_self\" href=\"https:\/\/antonioanaut.com\/fr\/producto\/madeleine-400g\/\"><span class=\"fusion-button-text awb-button__text awb-button__text--default\">SACHET 400 G<\/span><\/a><\/div><div class=\"fusion-alignleft\"><a class=\"fusion-button button-flat button-small button-default fusion-button-default button-2 fusion-button-default-span \" target=\"_self\" href=\"https:\/\/antonioanaut.com\/fr\/producto\/madeleine-800g\/\"><span class=\"fusion-button-text awb-button__text awb-button__text--default\">SACHET 800 G<\/span><\/a><\/div><div class=\"fusion-clearfix\"><\/div><\/div><\/div><div class=\"fusion-layout-column fusion_builder_column fusion-builder-column-5 fusion_builder_column_1_2 1_2 fusion-one-half fusion-column-last\" style=\"--awb-bg-size:cover;width:50%;width:calc(50% - ( ( 4% ) * 0.5 ) );\"><div class=\"fusion-column-wrapper fusion-flex-column-wrapper-legacy\"><div class=\"fusion-image-element fusion-image-align-center in-legacy-container\" style=\"text-align:center;--awb-caption-title-font-family:var(--h2_typography-font-family);--awb-caption-title-font-weight:var(--h2_typography-font-weight);--awb-caption-title-font-style:var(--h2_typography-font-style);--awb-caption-title-size:var(--h2_typography-font-size);--awb-caption-title-transform:var(--h2_typography-text-transform);--awb-caption-title-line-height:var(--h2_typography-line-height);--awb-caption-title-letter-spacing:var(--h2_typography-letter-spacing);\"><div class=\"imageframe-align-center\"><span class=\" fusion-imageframe imageframe-none imageframe-2 hover-type-none\"><img decoding=\"async\" width=\"1924\" height=\"2560\" alt=\"Bolsa magdalenas Antonio Anaut 400gr\" title=\"Anaut 400\" src=\"https:\/\/antonioanaut.com\/wp-content\/uploads\/2022\/12\/Anaut-400-scaled.jpg\" class=\"img-responsive wp-image-4136\" srcset=\"https:\/\/antonioanaut.com\/wp-content\/uploads\/2022\/12\/Anaut-400-200x266.jpg 200w, https:\/\/antonioanaut.com\/wp-content\/uploads\/2022\/12\/Anaut-400-400x532.jpg 400w, https:\/\/antonioanaut.com\/wp-content\/uploads\/2022\/12\/Anaut-400-600x798.jpg 600w, https:\/\/antonioanaut.com\/wp-content\/uploads\/2022\/12\/Anaut-400-800x1064.jpg 800w, https:\/\/antonioanaut.com\/wp-content\/uploads\/2022\/12\/Anaut-400-1200x1597.jpg 1200w, https:\/\/antonioanaut.com\/wp-content\/uploads\/2022\/12\/Anaut-400-scaled.jpg 1924w\" sizes=\"(max-width: 800px) 100vw, 600px\" \/><\/span><\/div><\/div><div class=\"fusion-sep-clear\"><\/div><div class=\"fusion-separator fusion-full-width-sep\" style=\"margin-left: auto;margin-right: auto;margin-top:55px;margin-bottom:20px;width:100%;\"><div class=\"fusion-separator-border sep-single sep-solid\" style=\"--awb-height:20px;--awb-amount:20px;border-color:#e0dede;border-top-width:1px;\"><\/div><\/div><div class=\"fusion-sep-clear\"><\/div><div class=\"fusion-image-element fusion-image-align-right in-legacy-container\" style=\"text-align:right;--awb-max-width:150px;--awb-caption-title-font-family:var(--h2_typography-font-family);--awb-caption-title-font-weight:var(--h2_typography-font-weight);--awb-caption-title-font-style:var(--h2_typography-font-style);--awb-caption-title-size:var(--h2_typography-font-size);--awb-caption-title-transform:var(--h2_typography-text-transform);--awb-caption-title-line-height:var(--h2_typography-line-height);--awb-caption-title-letter-spacing:var(--h2_typography-letter-spacing);\"><span class=\" fusion-imageframe imageframe-none imageframe-3 hover-type-none\" style=\"margin-left:25px;float:right;\"><img decoding=\"async\" width=\"1227\" height=\"1228\" title=\"RG transparente\" src=\"https:\/\/antonioanaut.com\/wp-content\/uploads\/2024\/01\/RG-transparente.png\" alt class=\"img-responsive wp-image-4636\" srcset=\"https:\/\/antonioanaut.com\/wp-content\/uploads\/2024\/01\/RG-transparente-200x200.png 200w, https:\/\/antonioanaut.com\/wp-content\/uploads\/2024\/01\/RG-transparente-400x400.png 400w, https:\/\/antonioanaut.com\/wp-content\/uploads\/2024\/01\/RG-transparente-600x600.png 600w, https:\/\/antonioanaut.com\/wp-content\/uploads\/2024\/01\/RG-transparente-800x801.png 800w, https:\/\/antonioanaut.com\/wp-content\/uploads\/2024\/01\/RG-transparente-1200x1201.png 1200w, https:\/\/antonioanaut.com\/wp-content\/uploads\/2024\/01\/RG-transparente.png 1227w\" sizes=\"(max-width: 800px) 100vw, 600px\" \/><\/span><\/div><div class=\"fusion-clearfix\"><\/div><\/div><\/div><\/div><\/div><\/p>\n","protected":false},"excerpt":{"rendered":"","protected":false},"author":1,"featured_media":0,"parent":606,"menu_order":0,"comment_status":"closed","ping_status":"closed","template":"","meta":{"_acf_changed":false,"footnotes":""},"class_list":["post-609","page","type-page","status-publish","hentry"],"acf":[],"_links":{"self":[{"href":"https:\/\/antonioanaut.com\/fr\/wp-json\/wp\/v2\/pages\/609","targetHints":{"allow":["GET"]}}],"collection":[{"href":"https:\/\/antonioanaut.com\/fr\/wp-json\/wp\/v2\/pages"}],"about":[{"href":"https:\/\/antonioanaut.com\/fr\/wp-json\/wp\/v2\/types\/page"}],"author":[{"embeddable":true,"href":"https:\/\/antonioanaut.com\/fr\/wp-json\/wp\/v2\/users\/1"}],"replies":[{"embeddable":true,"href":"https:\/\/antonioanaut.com\/fr\/wp-json\/wp\/v2\/comments?post=609"}],"version-history":[{"count":22,"href":"https:\/\/antonioanaut.com\/fr\/wp-json\/wp\/v2\/pages\/609\/revisions"}],"predecessor-version":[{"id":6534,"href":"https:\/\/antonioanaut.com\/fr\/wp-json\/wp\/v2\/pages\/609\/revisions\/6534"}],"up":[{"embeddable":true,"href":"https:\/\/antonioanaut.com\/fr\/wp-json\/wp\/v2\/pages\/606"}],"wp:attachment":[{"href":"https:\/\/antonioanaut.com\/fr\/wp-json\/wp\/v2\/media?parent=609"}],"curies":[{"name":"wp","href":"https:\/\/api.w.org\/{rel}","templated":true}]}}