{"id":606,"date":"2018-06-28T10:05:28","date_gmt":"2018-06-28T10:05:28","guid":{"rendered":"https:\/\/antonioanaut.com\/dulce-tradicional\/"},"modified":"2025-06-06T10:32:01","modified_gmt":"2025-06-06T08:32:01","slug":"patisserie-traditionnelle","status":"publish","type":"page","link":"https:\/\/antonioanaut.com\/fr\/patisserie-traditionnelle\/","title":{"rendered":"P\u00c2TISSERIE TRADITIONNELLE"},"content":{"rendered":"<p><div class=\"fusion-fullwidth fullwidth-box fusion-builder-row-1 nonhundred-percent-fullwidth non-hundred-percent-height-scrolling\" style=\"--awb-border-radius-top-left:0px;--awb-border-radius-top-right:0px;--awb-border-radius-bottom-right:0px;--awb-border-radius-bottom-left:0px;--awb-flex-wrap:wrap;\" ><div class=\"fusion-builder-row fusion-row\"><div class=\"fusion-layout-column fusion_builder_column fusion-builder-column-0 fusion_builder_column_1_1 1_1 fusion-one-full fusion-column-first fusion-column-last\" style=\"--awb-bg-size:cover;\"><div class=\"fusion-column-wrapper fusion-flex-column-wrapper-legacy\"><div class=\"fusion-title title fusion-title-1 fusion-sep-none fusion-title-text fusion-title-size-one\"><h1 class=\"fusion-title-heading title-heading-left fusion-responsive-typography-calculated\" style=\"margin:0;--fontSize:40;line-height:1.4;\">P\u00e2tisserie traditionnelle<\/h1><\/div><div class=\"fusion-image-element fusion-image-align-center in-legacy-container\" style=\"text-align:center;--awb-caption-title-font-family:var(--h2_typography-font-family);--awb-caption-title-font-weight:var(--h2_typography-font-weight);--awb-caption-title-font-style:var(--h2_typography-font-style);--awb-caption-title-size:var(--h2_typography-font-size);--awb-caption-title-transform:var(--h2_typography-text-transform);--awb-caption-title-line-height:var(--h2_typography-line-height);--awb-caption-title-letter-spacing:var(--h2_typography-letter-spacing);\"><div class=\"imageframe-align-center\"><span class=\" fusion-imageframe imageframe-none imageframe-1 hover-type-none\"><img decoding=\"async\" width=\"800\" height=\"300\" alt=\"Dulce tradicional Antonio Anaut\" title=\"ANAUT_DULCE_TRADICIONAL\" src=\"https:\/\/antonioanaut.com\/wp-content\/uploads\/2025\/05\/ANAUT_DULCE_TRADICIONAL.jpg\" class=\"img-responsive wp-image-5794\" srcset=\"https:\/\/antonioanaut.com\/wp-content\/uploads\/2025\/05\/ANAUT_DULCE_TRADICIONAL-200x75.jpg 200w, https:\/\/antonioanaut.com\/wp-content\/uploads\/2025\/05\/ANAUT_DULCE_TRADICIONAL-400x150.jpg 400w, https:\/\/antonioanaut.com\/wp-content\/uploads\/2025\/05\/ANAUT_DULCE_TRADICIONAL-600x225.jpg 600w, https:\/\/antonioanaut.com\/wp-content\/uploads\/2025\/05\/ANAUT_DULCE_TRADICIONAL.jpg 800w\" sizes=\"(max-width: 800px) 100vw, 800px\" \/><\/span><\/div><\/div><div class=\"fusion-text fusion-text-1\"><p style=\"text-align: center;\">En suivant nos recettes traditionnelles nous offrons une vari\u00e9t\u00e9 de p\u00e2tisseries au go\u00fbt authentique, sans conservateurs ni colorants. La qualit\u00e9 des ingr\u00e9dients naturels et notre savoir-faire s\u2019allient pour offrir des produits uniques en saveur et en texture.<\/p>\n<p style=\"text-align: center;\"><strong>Tous nos produits sont sans lait (sans lactose, sans prot\u00e9ines de lait) et sans fruits secs.<\/strong><\/p>\n<\/div><div class=\"fusion-image-element fusion-image-align-center in-legacy-container\" style=\"text-align:center;--awb-max-width:150px;--awb-caption-title-font-family:var(--h2_typography-font-family);--awb-caption-title-font-weight:var(--h2_typography-font-weight);--awb-caption-title-font-style:var(--h2_typography-font-style);--awb-caption-title-size:var(--h2_typography-font-size);--awb-caption-title-transform:var(--h2_typography-text-transform);--awb-caption-title-line-height:var(--h2_typography-line-height);--awb-caption-title-letter-spacing:var(--h2_typography-letter-spacing);\"><div class=\"imageframe-align-center\"><span class=\" fusion-imageframe imageframe-none imageframe-2 hover-type-none\"><img decoding=\"async\" width=\"1227\" height=\"1228\" title=\"RG transparente\" src=\"https:\/\/antonioanaut.com\/wp-content\/uploads\/2024\/01\/RG-transparente-1.png\" alt class=\"img-responsive wp-image-4640\" srcset=\"https:\/\/antonioanaut.com\/wp-content\/uploads\/2024\/01\/RG-transparente-1-200x200.png 200w, https:\/\/antonioanaut.com\/wp-content\/uploads\/2024\/01\/RG-transparente-1-400x400.png 400w, https:\/\/antonioanaut.com\/wp-content\/uploads\/2024\/01\/RG-transparente-1-600x600.png 600w, https:\/\/antonioanaut.com\/wp-content\/uploads\/2024\/01\/RG-transparente-1-800x801.png 800w, https:\/\/antonioanaut.com\/wp-content\/uploads\/2024\/01\/RG-transparente-1-1200x1201.png 1200w, https:\/\/antonioanaut.com\/wp-content\/uploads\/2024\/01\/RG-transparente-1.png 1227w\" sizes=\"(max-width: 800px) 100vw, 1200px\" \/><\/span><\/div><\/div><div class=\"fusion-clearfix\"><\/div><\/div><\/div><\/div><\/div><div class=\"fusion-fullwidth fullwidth-box fusion-builder-row-2 lista-productos nonhundred-percent-fullwidth non-hundred-percent-height-scrolling fusion-equal-height-columns\" style=\"--awb-border-radius-top-left:0px;--awb-border-radius-top-right:0px;--awb-border-radius-bottom-right:0px;--awb-border-radius-bottom-left:0px;--awb-flex-wrap:wrap;\" ><div class=\"fusion-builder-row fusion-row\"><div class=\"fusion-layout-column fusion_builder_column fusion-builder-column-1 fusion_builder_column_1_3 1_3 fusion-one-third fusion-column-first fusion-column-inner-bg-wrapper\" style=\"--awb-inner-bg-size:cover;width:33.333333333333%;width:calc(33.333333333333% - ( ( 4% + 4% ) * 0.33333333333333 ) );margin-right: 4%;\"><span class=\"fusion-column-inner-bg hover-type-none\"><a class=\"fusion-column-anchor\" href=\"https:\/\/antonioanaut.com\/fr\/patisserie-traditionnelle\/madeleine\/\"><span class=\"fusion-column-inner-bg-image\"><\/span><\/a><\/span><div class=\"fusion-column-wrapper fusion-flex-column-wrapper-legacy\"><div class=\"fusion-image-element fusion-image-align-center in-legacy-container\" style=\"text-align:center;--awb-caption-title-font-family:var(--h2_typography-font-family);--awb-caption-title-font-weight:var(--h2_typography-font-weight);--awb-caption-title-font-style:var(--h2_typography-font-style);--awb-caption-title-size:var(--h2_typography-font-size);--awb-caption-title-transform:var(--h2_typography-text-transform);--awb-caption-title-line-height:var(--h2_typography-line-height);--awb-caption-title-letter-spacing:var(--h2_typography-letter-spacing);\"><div class=\"imageframe-align-center\"><span class=\" fusion-imageframe imageframe-none imageframe-3 hover-type-none\"><img decoding=\"async\" width=\"600\" height=\"600\" title=\"ANAUT_MAGDALENA\" src=\"https:\/\/antonioanaut.com\/wp-content\/uploads\/2018\/07\/ANAUT_MAGDALENA.jpg\" alt class=\"img-responsive wp-image-2585\" srcset=\"https:\/\/antonioanaut.com\/wp-content\/uploads\/2018\/07\/ANAUT_MAGDALENA-200x200.jpg 200w, https:\/\/antonioanaut.com\/wp-content\/uploads\/2018\/07\/ANAUT_MAGDALENA-400x400.jpg 400w, https:\/\/antonioanaut.com\/wp-content\/uploads\/2018\/07\/ANAUT_MAGDALENA.jpg 600w\" sizes=\"(max-width: 800px) 100vw, 400px\" \/><\/span><\/div><\/div><div class=\"fusion-text fusion-text-2\"><h2 style=\"text-align: center;\">Madeleine<\/h2>\n<\/div><div class=\"fusion-clearfix\"><\/div><\/div><\/div><div class=\"fusion-layout-column fusion_builder_column fusion-builder-column-2 fusion_builder_column_1_3 1_3 fusion-one-third fusion-column-inner-bg-wrapper\" style=\"--awb-inner-bg-size:cover;width:33.333333333333%;width:calc(33.333333333333% - ( ( 4% + 4% ) * 0.33333333333333 ) );margin-right: 4%;\"><span class=\"fusion-column-inner-bg hover-type-none\"><a class=\"fusion-column-anchor\" href=\"https:\/\/antonioanaut.com\/fr\/patisserie-traditionnelle\/madeleine-au-cacao\/\"><span class=\"fusion-column-inner-bg-image\"><\/span><\/a><\/span><div class=\"fusion-column-wrapper fusion-flex-column-wrapper-legacy\"><div class=\"fusion-image-element fusion-image-align-center in-legacy-container\" style=\"text-align:center;--awb-caption-title-font-family:var(--h2_typography-font-family);--awb-caption-title-font-weight:var(--h2_typography-font-weight);--awb-caption-title-font-style:var(--h2_typography-font-style);--awb-caption-title-size:var(--h2_typography-font-size);--awb-caption-title-transform:var(--h2_typography-text-transform);--awb-caption-title-line-height:var(--h2_typography-line-height);--awb-caption-title-letter-spacing:var(--h2_typography-letter-spacing);\"><div class=\"imageframe-align-center\"><span class=\" fusion-imageframe imageframe-none imageframe-4 hover-type-none\"><img decoding=\"async\" width=\"600\" height=\"600\" title=\"ANAUT_MAGDALENA_CACAO\" src=\"https:\/\/antonioanaut.com\/wp-content\/uploads\/2018\/07\/ANAUT_MAGDALENA_CACAO.jpg\" alt class=\"img-responsive wp-image-2586\" srcset=\"https:\/\/antonioanaut.com\/wp-content\/uploads\/2018\/07\/ANAUT_MAGDALENA_CACAO-200x200.jpg 200w, https:\/\/antonioanaut.com\/wp-content\/uploads\/2018\/07\/ANAUT_MAGDALENA_CACAO-400x400.jpg 400w, https:\/\/antonioanaut.com\/wp-content\/uploads\/2018\/07\/ANAUT_MAGDALENA_CACAO.jpg 600w\" sizes=\"(max-width: 800px) 100vw, 400px\" \/><\/span><\/div><\/div><div class=\"fusion-text fusion-text-3\"><h2 style=\"text-align: center;\">Madeleine au cacao<\/h2>\n<\/div><div class=\"fusion-clearfix\"><\/div><\/div><\/div><div class=\"fusion-layout-column fusion_builder_column fusion-builder-column-3 fusion_builder_column_1_3 1_3 fusion-one-third fusion-column-last fusion-column-inner-bg-wrapper\" style=\"--awb-inner-bg-size:cover;width:33.333333333333%;width:calc(33.333333333333% - ( ( 4% + 4% ) * 0.33333333333333 ) );\"><span class=\"fusion-column-inner-bg hover-type-none\"><a class=\"fusion-column-anchor\" href=\"https:\/\/antonioanaut.com\/fr\/patisserie-traditionnelle\/madeleine-sans-sucre\/\"><span class=\"fusion-column-inner-bg-image\"><\/span><\/a><\/span><div class=\"fusion-column-wrapper fusion-flex-column-wrapper-legacy\"><div class=\"fusion-image-element fusion-image-align-center in-legacy-container\" style=\"text-align:center;--awb-caption-title-font-family:var(--h2_typography-font-family);--awb-caption-title-font-weight:var(--h2_typography-font-weight);--awb-caption-title-font-style:var(--h2_typography-font-style);--awb-caption-title-size:var(--h2_typography-font-size);--awb-caption-title-transform:var(--h2_typography-text-transform);--awb-caption-title-line-height:var(--h2_typography-line-height);--awb-caption-title-letter-spacing:var(--h2_typography-letter-spacing);\"><div class=\"imageframe-align-center\"><span class=\" fusion-imageframe imageframe-none imageframe-5 hover-type-none\"><img decoding=\"async\" width=\"600\" height=\"600\" title=\"ANAUT_MAGDALENA_SA\" src=\"https:\/\/antonioanaut.com\/wp-content\/uploads\/2018\/07\/ANAUT_MAGDALENA_SA.jpg\" alt class=\"img-responsive wp-image-2587\" srcset=\"https:\/\/antonioanaut.com\/wp-content\/uploads\/2018\/07\/ANAUT_MAGDALENA_SA-200x200.jpg 200w, https:\/\/antonioanaut.com\/wp-content\/uploads\/2018\/07\/ANAUT_MAGDALENA_SA-400x400.jpg 400w, https:\/\/antonioanaut.com\/wp-content\/uploads\/2018\/07\/ANAUT_MAGDALENA_SA.jpg 600w\" sizes=\"(max-width: 800px) 100vw, 400px\" \/><\/span><\/div><\/div><div class=\"fusion-text fusion-text-4\"><h2 style=\"text-align: center;\">Madeleine sans sucre<\/h2>\n<\/div><div class=\"fusion-clearfix\"><\/div><\/div><\/div><\/div><\/div><div class=\"fusion-fullwidth fullwidth-box fusion-builder-row-3 lista-productos nonhundred-percent-fullwidth non-hundred-percent-height-scrolling fusion-equal-height-columns\" style=\"--awb-border-radius-top-left:0px;--awb-border-radius-top-right:0px;--awb-border-radius-bottom-right:0px;--awb-border-radius-bottom-left:0px;--awb-flex-wrap:wrap;\" ><div class=\"fusion-builder-row fusion-row\"><div class=\"fusion-layout-column fusion_builder_column fusion-builder-column-4 fusion_builder_column_1_3 1_3 fusion-one-third fusion-column-first fusion-column-inner-bg-wrapper\" style=\"--awb-inner-bg-size:cover;width:33.333333333333%;width:calc(33.333333333333% - ( ( 4% + 4% ) * 0.33333333333333 ) );margin-right: 4%;\"><span class=\"fusion-column-inner-bg hover-type-none\"><a class=\"fusion-column-anchor\" href=\"https:\/\/antonioanaut.com\/fr\/patisserie-traditionnelle\/polvoron-traditionnel\/\"><span class=\"fusion-column-inner-bg-image\"><\/span><\/a><\/span><div class=\"fusion-column-wrapper fusion-flex-column-wrapper-legacy\"><div class=\"fusion-image-element fusion-image-align-center in-legacy-container\" style=\"text-align:center;--awb-caption-title-font-family:var(--h2_typography-font-family);--awb-caption-title-font-weight:var(--h2_typography-font-weight);--awb-caption-title-font-style:var(--h2_typography-font-style);--awb-caption-title-size:var(--h2_typography-font-size);--awb-caption-title-transform:var(--h2_typography-text-transform);--awb-caption-title-line-height:var(--h2_typography-line-height);--awb-caption-title-letter-spacing:var(--h2_typography-letter-spacing);\"><div class=\"imageframe-align-center\"><span class=\" fusion-imageframe imageframe-none imageframe-6 hover-type-none\"><img decoding=\"async\" width=\"600\" height=\"600\" title=\"ANAUT_POLVORON\" src=\"https:\/\/antonioanaut.com\/wp-content\/uploads\/2018\/07\/ANAUT_POLVORON.jpg\" alt class=\"img-responsive wp-image-2590\" srcset=\"https:\/\/antonioanaut.com\/wp-content\/uploads\/2018\/07\/ANAUT_POLVORON-200x200.jpg 200w, https:\/\/antonioanaut.com\/wp-content\/uploads\/2018\/07\/ANAUT_POLVORON-400x400.jpg 400w, https:\/\/antonioanaut.com\/wp-content\/uploads\/2018\/07\/ANAUT_POLVORON.jpg 600w\" sizes=\"(max-width: 800px) 100vw, 400px\" \/><\/span><\/div><\/div><div class=\"fusion-text fusion-text-5\"><h2 style=\"text-align: center;\">Polvoron traditionnel<\/h2>\n<\/div><div class=\"fusion-clearfix\"><\/div><\/div><\/div><div class=\"fusion-layout-column fusion_builder_column fusion-builder-column-5 fusion_builder_column_1_3 1_3 fusion-one-third fusion-column-inner-bg-wrapper\" style=\"--awb-inner-bg-size:cover;width:33.333333333333%;width:calc(33.333333333333% - ( ( 4% + 4% ) * 0.33333333333333 ) );margin-right: 4%;\"><span class=\"fusion-column-inner-bg hover-type-none\"><a class=\"fusion-column-anchor\" href=\"https:\/\/antonioanaut.com\/fr\/patisserie-traditionnelle\/polvoron-au-cacao\/\"><span class=\"fusion-column-inner-bg-image\"><\/span><\/a><\/span><div class=\"fusion-column-wrapper fusion-flex-column-wrapper-legacy\"><div class=\"fusion-image-element fusion-image-align-center in-legacy-container\" style=\"text-align:center;--awb-caption-title-font-family:var(--h2_typography-font-family);--awb-caption-title-font-weight:var(--h2_typography-font-weight);--awb-caption-title-font-style:var(--h2_typography-font-style);--awb-caption-title-size:var(--h2_typography-font-size);--awb-caption-title-transform:var(--h2_typography-text-transform);--awb-caption-title-line-height:var(--h2_typography-line-height);--awb-caption-title-letter-spacing:var(--h2_typography-letter-spacing);\"><div class=\"imageframe-align-center\"><span class=\" fusion-imageframe imageframe-none imageframe-7 hover-type-none\"><img decoding=\"async\" width=\"600\" height=\"600\" title=\"ANAUT_POLVORON_CACAO\" src=\"https:\/\/antonioanaut.com\/wp-content\/uploads\/2018\/07\/ANAUT_POLVORON_CACAO.jpg\" alt class=\"img-responsive wp-image-2588\" srcset=\"https:\/\/antonioanaut.com\/wp-content\/uploads\/2018\/07\/ANAUT_POLVORON_CACAO-200x200.jpg 200w, https:\/\/antonioanaut.com\/wp-content\/uploads\/2018\/07\/ANAUT_POLVORON_CACAO-400x400.jpg 400w, https:\/\/antonioanaut.com\/wp-content\/uploads\/2018\/07\/ANAUT_POLVORON_CACAO.jpg 600w\" sizes=\"(max-width: 800px) 100vw, 400px\" \/><\/span><\/div><\/div><div class=\"fusion-text fusion-text-6\"><h2 style=\"text-align: center;\">Polvoron au cacao<\/h2>\n<\/div><div class=\"fusion-clearfix\"><\/div><\/div><\/div><div class=\"fusion-layout-column fusion_builder_column fusion-builder-column-6 fusion_builder_column_1_3 1_3 fusion-one-third fusion-column-last fusion-column-inner-bg-wrapper\" style=\"--awb-inner-bg-size:cover;width:33.333333333333%;width:calc(33.333333333333% - ( ( 4% + 4% ) * 0.33333333333333 ) );\"><span class=\"fusion-column-inner-bg hover-type-none\"><a class=\"fusion-column-anchor\" href=\"https:\/\/antonioanaut.com\/fr\/patisserie-traditionnelle\/polvoron-a-larome-de-citron\/\"><span class=\"fusion-column-inner-bg-image\"><\/span><\/a><\/span><div class=\"fusion-column-wrapper fusion-flex-column-wrapper-legacy\"><div class=\"fusion-image-element fusion-image-align-center in-legacy-container\" style=\"text-align:center;--awb-caption-title-font-family:var(--h2_typography-font-family);--awb-caption-title-font-weight:var(--h2_typography-font-weight);--awb-caption-title-font-style:var(--h2_typography-font-style);--awb-caption-title-size:var(--h2_typography-font-size);--awb-caption-title-transform:var(--h2_typography-text-transform);--awb-caption-title-line-height:var(--h2_typography-line-height);--awb-caption-title-letter-spacing:var(--h2_typography-letter-spacing);\"><div class=\"imageframe-align-center\"><span class=\" fusion-imageframe imageframe-none imageframe-8 hover-type-none\"><img decoding=\"async\" width=\"600\" height=\"600\" title=\"ANAUT_POLVORON_LIMON\" src=\"https:\/\/antonioanaut.com\/wp-content\/uploads\/2018\/07\/ANAUT_POLVORON_LIMON.jpg\" alt class=\"img-responsive wp-image-2589\" srcset=\"https:\/\/antonioanaut.com\/wp-content\/uploads\/2018\/07\/ANAUT_POLVORON_LIMON-200x200.jpg 200w, https:\/\/antonioanaut.com\/wp-content\/uploads\/2018\/07\/ANAUT_POLVORON_LIMON-400x400.jpg 400w, https:\/\/antonioanaut.com\/wp-content\/uploads\/2018\/07\/ANAUT_POLVORON_LIMON.jpg 600w\" sizes=\"(max-width: 800px) 100vw, 400px\" \/><\/span><\/div><\/div><div class=\"fusion-text fusion-text-7\"><h2 style=\"text-align: center;\">Polvoron ar\u00f4me citron<\/h2>\n<\/div><div class=\"fusion-clearfix\"><\/div><\/div><\/div><\/div><\/div><div class=\"fusion-fullwidth fullwidth-box fusion-builder-row-4 lista-productos nonhundred-percent-fullwidth non-hundred-percent-height-scrolling fusion-equal-height-columns\" style=\"--awb-border-radius-top-left:0px;--awb-border-radius-top-right:0px;--awb-border-radius-bottom-right:0px;--awb-border-radius-bottom-left:0px;--awb-flex-wrap:wrap;\" ><div class=\"fusion-builder-row fusion-row\"><div class=\"fusion-layout-column fusion_builder_column fusion-builder-column-7 fusion_builder_column_1_3 1_3 fusion-one-third fusion-column-first fusion-column-inner-bg-wrapper\" style=\"--awb-inner-bg-size:cover;width:33.333333333333%;width:calc(33.333333333333% - ( ( 4% ) * 0.33333333333333 ) );margin-right: 4%;\"><span class=\"fusion-column-inner-bg hover-type-none\"><a class=\"fusion-column-anchor\" href=\"https:\/\/antonioanaut.com\/fr\/patisserie-traditionnelle\/tontita\/\"><span class=\"fusion-column-inner-bg-image\"><\/span><\/a><\/span><div class=\"fusion-column-wrapper fusion-flex-column-wrapper-legacy\"><div class=\"fusion-image-element fusion-image-align-center in-legacy-container\" style=\"text-align:center;--awb-caption-title-font-family:var(--h2_typography-font-family);--awb-caption-title-font-weight:var(--h2_typography-font-weight);--awb-caption-title-font-style:var(--h2_typography-font-style);--awb-caption-title-size:var(--h2_typography-font-size);--awb-caption-title-transform:var(--h2_typography-text-transform);--awb-caption-title-line-height:var(--h2_typography-line-height);--awb-caption-title-letter-spacing:var(--h2_typography-letter-spacing);\"><div class=\"imageframe-align-center\"><span class=\" fusion-imageframe imageframe-none imageframe-9 hover-type-none\"><img decoding=\"async\" width=\"600\" height=\"600\" title=\"ANAUT_TONTITA\" src=\"https:\/\/antonioanaut.com\/wp-content\/uploads\/2018\/07\/ANAUT_TONTITA.jpg\" alt class=\"img-responsive wp-image-2591\" srcset=\"https:\/\/antonioanaut.com\/wp-content\/uploads\/2018\/07\/ANAUT_TONTITA-200x200.jpg 200w, https:\/\/antonioanaut.com\/wp-content\/uploads\/2018\/07\/ANAUT_TONTITA-400x400.jpg 400w, https:\/\/antonioanaut.com\/wp-content\/uploads\/2018\/07\/ANAUT_TONTITA.jpg 600w\" sizes=\"(max-width: 800px) 100vw, 400px\" \/><\/span><\/div><\/div><div class=\"fusion-text fusion-text-8\"><h2 style=\"text-align: center;\">Tontita<\/h2>\n<\/div><div class=\"fusion-clearfix\"><\/div><\/div><\/div><div class=\"fusion-layout-column fusion_builder_column fusion-builder-column-8 fusion_builder_column_1_3 1_3 fusion-one-third fusion-column-last fusion-column-inner-bg-wrapper\" style=\"--awb-inner-bg-size:cover;width:33.333333333333%;width:calc(33.333333333333% - ( ( 4% ) * 0.33333333333333 ) );\"><span class=\"fusion-column-inner-bg hover-type-none\"><a class=\"fusion-column-anchor\" href=\"https:\/\/antonioanaut.com\/fr\/patisserie-traditionnelle\/tontita-sans-sucre-ajoute\/\"><span class=\"fusion-column-inner-bg-image\"><\/span><\/a><\/span><div class=\"fusion-column-wrapper fusion-flex-column-wrapper-legacy\"><div class=\"fusion-image-element fusion-image-align-center in-legacy-container\" style=\"text-align:center;--awb-caption-title-font-family:var(--h2_typography-font-family);--awb-caption-title-font-weight:var(--h2_typography-font-weight);--awb-caption-title-font-style:var(--h2_typography-font-style);--awb-caption-title-size:var(--h2_typography-font-size);--awb-caption-title-transform:var(--h2_typography-text-transform);--awb-caption-title-line-height:var(--h2_typography-line-height);--awb-caption-title-letter-spacing:var(--h2_typography-letter-spacing);\"><div class=\"imageframe-align-center\"><span class=\" fusion-imageframe imageframe-none imageframe-10 hover-type-none\"><img decoding=\"async\" width=\"600\" height=\"600\" title=\"ANAUT_TONTITA_S_A\" src=\"https:\/\/antonioanaut.com\/wp-content\/uploads\/2018\/08\/ANAUT_TONTITA_S_A.jpg\" alt class=\"img-responsive wp-image-320\" srcset=\"https:\/\/antonioanaut.com\/wp-content\/uploads\/2018\/08\/ANAUT_TONTITA_S_A-200x200.jpg 200w, https:\/\/antonioanaut.com\/wp-content\/uploads\/2018\/08\/ANAUT_TONTITA_S_A-400x400.jpg 400w, https:\/\/antonioanaut.com\/wp-content\/uploads\/2018\/08\/ANAUT_TONTITA_S_A.jpg 600w\" sizes=\"(max-width: 800px) 100vw, 400px\" \/><\/span><\/div><\/div><div class=\"fusion-text fusion-text-9\"><h2 style=\"text-align: center;\">Tontita sans sucre<\/h2>\n<\/div><div class=\"fusion-clearfix\"><\/div><\/div><\/div><\/div><\/div><\/p>\n","protected":false},"excerpt":{"rendered":"","protected":false},"author":1,"featured_media":0,"parent":0,"menu_order":0,"comment_status":"closed","ping_status":"closed","template":"","meta":{"_acf_changed":false,"footnotes":""},"class_list":["post-606","page","type-page","status-publish","hentry"],"acf":[],"_links":{"self":[{"href":"https:\/\/antonioanaut.com\/fr\/wp-json\/wp\/v2\/pages\/606","targetHints":{"allow":["GET"]}}],"collection":[{"href":"https:\/\/antonioanaut.com\/fr\/wp-json\/wp\/v2\/pages"}],"about":[{"href":"https:\/\/antonioanaut.com\/fr\/wp-json\/wp\/v2\/types\/page"}],"author":[{"embeddable":true,"href":"https:\/\/antonioanaut.com\/fr\/wp-json\/wp\/v2\/users\/1"}],"replies":[{"embeddable":true,"href":"https:\/\/antonioanaut.com\/fr\/wp-json\/wp\/v2\/comments?post=606"}],"version-history":[{"count":12,"href":"https:\/\/antonioanaut.com\/fr\/wp-json\/wp\/v2\/pages\/606\/revisions"}],"predecessor-version":[{"id":5827,"href":"https:\/\/antonioanaut.com\/fr\/wp-json\/wp\/v2\/pages\/606\/revisions\/5827"}],"wp:attachment":[{"href":"https:\/\/antonioanaut.com\/fr\/wp-json\/wp\/v2\/media?parent=606"}],"curies":[{"name":"wp","href":"https:\/\/api.w.org\/{rel}","templated":true}]}}