{"id":5024,"date":"2024-03-26T10:20:48","date_gmt":"2024-03-26T08:20:48","guid":{"rendered":"https:\/\/antonioanaut.com\/?page_id=5024"},"modified":"2025-06-06T10:36:21","modified_gmt":"2025-06-06T08:36:21","slug":"madeleine-a-lavoine","status":"publish","type":"page","link":"https:\/\/antonioanaut.com\/fr\/patisserie-traditionnelle\/madeleine-a-lavoine\/","title":{"rendered":"MADELEINE \u00e0 l&rsquo;avoine"},"content":{"rendered":"<p><div class=\"fusion-fullwidth fullwidth-box fusion-builder-row-1 nonhundred-percent-fullwidth non-hundred-percent-height-scrolling\" style=\"--awb-border-radius-top-left:0px;--awb-border-radius-top-right:0px;--awb-border-radius-bottom-right:0px;--awb-border-radius-bottom-left:0px;--awb-flex-wrap:wrap;\" ><div class=\"fusion-builder-row fusion-row\"><div class=\"fusion-layout-column fusion_builder_column fusion-builder-column-0 fusion_builder_column_1_1 1_1 fusion-one-full fusion-column-first fusion-column-last\" style=\"--awb-bg-size:cover;\"><div class=\"fusion-column-wrapper fusion-flex-column-wrapper-legacy\"><div class=\"fusion-title title fusion-title-1 fusion-sep-none fusion-title-text fusion-title-size-one\"><h1 class=\"fusion-title-heading title-heading-left fusion-responsive-typography-calculated\" style=\"margin:0;--fontSize:40;line-height:1.4;\">Madeleine<span class=\"Y2IQFc\" lang=\"fr\"> l&rsquo;avoine (20%)<\/span><\/h1><\/div><div class=\"fusion-image-element fusion-image-align-center in-legacy-container\" style=\"text-align:center;--awb-caption-title-font-family:var(--h2_typography-font-family);--awb-caption-title-font-weight:var(--h2_typography-font-weight);--awb-caption-title-font-style:var(--h2_typography-font-style);--awb-caption-title-size:var(--h2_typography-font-size);--awb-caption-title-transform:var(--h2_typography-text-transform);--awb-caption-title-line-height:var(--h2_typography-line-height);--awb-caption-title-letter-spacing:var(--h2_typography-letter-spacing);\"><div class=\"imageframe-align-center\"><span class=\" fusion-imageframe imageframe-none imageframe-1 hover-type-none\"><img decoding=\"async\" width=\"667\" height=\"1000\" alt=\"Dulce tradicional Antonio Anaut\" title=\"3 Magdalenas AVENA\" src=\"https:\/\/antonioanaut.com\/wp-content\/uploads\/2022\/06\/3-Magdalenas-AVENA.jpg\" class=\"img-responsive wp-image-3507\" srcset=\"https:\/\/antonioanaut.com\/wp-content\/uploads\/2022\/06\/3-Magdalenas-AVENA-200x300.jpg 200w, https:\/\/antonioanaut.com\/wp-content\/uploads\/2022\/06\/3-Magdalenas-AVENA-400x600.jpg 400w, https:\/\/antonioanaut.com\/wp-content\/uploads\/2022\/06\/3-Magdalenas-AVENA-600x900.jpg 600w, https:\/\/antonioanaut.com\/wp-content\/uploads\/2022\/06\/3-Magdalenas-AVENA.jpg 667w\" sizes=\"(max-width: 800px) 100vw, 667px\" \/><\/span><\/div><\/div><div class=\"fusion-text fusion-text-1\" style=\"--awb-text-transform:none;\"><p id=\"tw-target-text\" class=\"tw-data-text tw-text-large tw-ta\" dir=\"ltr\" style=\"text-align: center;\" data-placeholder=\"Traducci\u00f3n\" aria-label=\"Texto traducido\" data-ved=\"2ahUKEwi64erMsJGFAxVyUKQEHbn8BTYQ3ewLegQIBRAU\"><span class=\"Y2IQFc\" lang=\"fr\">Essayez nos nouveaux madeleine aux flocons d&rsquo;avoine, fabriqu\u00e9s dans notre atelier avec le m\u00eame soin apport\u00e9 aux ingr\u00e9dients. Ce sont des muffins riches en \u0153ufs, et sans graisses hydrog\u00e9n\u00e9es ni huile de palme. <\/span><\/p>\n<p class=\"tw-data-text tw-text-large tw-ta\" dir=\"ltr\" style=\"text-align: center;\" data-placeholder=\"Traducci\u00f3n\" aria-label=\"Texto traducido\" data-ved=\"2ahUKEwi64erMsJGFAxVyUKQEHbn8BTYQ3ewLegQIBRAU\"><span class=\"Y2IQFc\" lang=\"fr\">L&rsquo;avoine est la c\u00e9r\u00e9ale qui apporte le plus de prot\u00e9ines, des prot\u00e9ines de haute qualit\u00e9 biologique, puisqu&rsquo;elles apportent la quasi-totalit\u00e9 des acides amin\u00e9s essentiels, et n&rsquo;oublions pas d&rsquo;autres innombrables bienfaits comme abaisser le cholest\u00e9rol, la tension art\u00e9rielle, tr\u00e8s \u00e9nerg\u00e9tique, prot\u00e8ge le c\u0153ur&#8230;<\/span><\/p>\n<div class=\"fusion-text\" style=\"text-align: center;\">\n<pre id=\"tw-target-text\" class=\"tw-data-text tw-text-large tw-ta\" dir=\"ltr\" data-placeholder=\"Traducci\u00f3n\" aria-label=\"Texto traducido\" data-ved=\"2ahUKEwi64erMsJGFAxVyUKQEHbn8BTYQ3ewLegQIBRAU\"><strong><span class=\"Y2IQFc\" lang=\"fr\">Ils sont sans lait (sans lactose, sans prot\u00e9ines de lait) et sans noix.<\/span><\/strong><\/pre>\n<p style=\"text-align: center;\">\n<\/div>\n<p id=\"tw-target-text\" class=\"tw-data-text tw-text-large tw-ta\" dir=\"ltr\" data-placeholder=\"Traducci\u00f3n\" aria-label=\"Texto traducido\" data-ved=\"2ahUKEwi64erMsJGFAxVyUKQEHbn8BTYQ3ewLegQIBRAU\"><span class=\"Y2IQFc\" lang=\"fr\">Pour ceux qui ne peuvent ou ne veulent pas manger de sucre, nous proposons des <\/span><strong><a href=\"https:\/\/antonioanaut.com\/fr\/producto\/madeleine-sans-sucre-300-g\/\">magdalenas sin az\u00facar a\u00f1adido<\/a>.<\/strong><\/p>\n<\/div><div class=\"fusion-clearfix\"><\/div><\/div><\/div><\/div><\/div><div class=\"fusion-fullwidth fullwidth-box fusion-builder-row-2 nonhundred-percent-fullwidth non-hundred-percent-height-scrolling\" style=\"--awb-border-radius-top-left:0px;--awb-border-radius-top-right:0px;--awb-border-radius-bottom-right:0px;--awb-border-radius-bottom-left:0px;--awb-flex-wrap:wrap;\" ><div class=\"fusion-builder-row fusion-row\"><div class=\"fusion-layout-column fusion_builder_column fusion-builder-column-1 fusion_builder_column_1_3 1_3 fusion-one-third fusion-column-first\" style=\"--awb-bg-size:cover;width:33.333333333333%;width:calc(33.333333333333% - ( ( 4% + 4% ) * 0.33333333333333 ) );margin-right: 4%;\"><div class=\"fusion-column-wrapper fusion-flex-column-wrapper-legacy\"><div class=\"fusion-clearfix\"><\/div><\/div><\/div><div class=\"fusion-layout-column fusion_builder_column fusion-builder-column-2 fusion_builder_column_1_3 1_3 fusion-one-third\" style=\"--awb-padding-right:4%;--awb-padding-left:4%;--awb-bg-size:cover;width:33.333333333333%;width:calc(33.333333333333% - ( ( 4% + 4% ) * 0.33333333333333 ) );margin-right: 4%;\"><div class=\"fusion-column-wrapper fusion-flex-column-wrapper-legacy\"><div class=\"fusion-image-element in-legacy-container\" style=\"--awb-caption-title-font-family:var(--h2_typography-font-family);--awb-caption-title-font-weight:var(--h2_typography-font-weight);--awb-caption-title-font-style:var(--h2_typography-font-style);--awb-caption-title-size:var(--h2_typography-font-size);--awb-caption-title-transform:var(--h2_typography-text-transform);--awb-caption-title-line-height:var(--h2_typography-line-height);--awb-caption-title-letter-spacing:var(--h2_typography-letter-spacing);\"><span class=\" fusion-imageframe imageframe-none imageframe-2 hover-type-none\"><img decoding=\"async\" width=\"492\" height=\"117\" src=\"https:\/\/antonioanaut.com\/wp-content\/uploads\/2019\/03\/ANAUT_SELLO_MAGDALENA_FR.png\" alt class=\"img-responsive wp-image-940\" srcset=\"https:\/\/antonioanaut.com\/wp-content\/uploads\/2019\/03\/ANAUT_SELLO_MAGDALENA_FR-200x48.png 200w, https:\/\/antonioanaut.com\/wp-content\/uploads\/2019\/03\/ANAUT_SELLO_MAGDALENA_FR-400x95.png 400w, https:\/\/antonioanaut.com\/wp-content\/uploads\/2019\/03\/ANAUT_SELLO_MAGDALENA_FR.png 492w\" sizes=\"(max-width: 800px) 100vw, 400px\" \/><\/span><\/div><div class=\"fusion-clearfix\"><\/div><\/div><\/div><div class=\"fusion-layout-column fusion_builder_column fusion-builder-column-3 fusion_builder_column_1_3 1_3 fusion-one-third fusion-column-last\" style=\"--awb-bg-size:cover;width:33.333333333333%;width:calc(33.333333333333% - ( ( 4% + 4% ) * 0.33333333333333 ) );\"><div class=\"fusion-column-wrapper fusion-flex-column-wrapper-legacy\"><div class=\"fusion-clearfix\"><\/div><\/div><\/div><\/div><\/div><div class=\"fusion-fullwidth fullwidth-box fusion-builder-row-3 nonhundred-percent-fullwidth non-hundred-percent-height-scrolling\" style=\"--awb-border-radius-top-left:0px;--awb-border-radius-top-right:0px;--awb-border-radius-bottom-right:0px;--awb-border-radius-bottom-left:0px;--awb-flex-wrap:wrap;\" ><div class=\"fusion-builder-row fusion-row\"><div class=\"fusion-layout-column fusion_builder_column fusion-builder-column-4 fusion_builder_column_1_2 1_2 fusion-one-half fusion-column-first\" style=\"--awb-bg-size:cover;width:50%;width:calc(50% - ( ( 4% ) * 0.5 ) );margin-right: 4%;\"><div class=\"fusion-column-wrapper fusion-flex-column-wrapper-legacy\"><div class=\"fusion-alignleft\"><a class=\"fusion-button button-flat button-small button-default fusion-button-default button-1 fusion-button-default-span \" target=\"_self\" href=\"https:\/\/antonioanaut.com\/fr\/producto\/madeleine-lavoine\/\"><span class=\"fusion-button-text awb-button__text awb-button__text--default\">acheter un sac 320GR<\/span><\/a><\/div><div class=\"fusion-text fusion-text-2\" style=\"--awb-text-transform:none;\"><p><strong>Format de sac:\u00a0 320 g<\/strong><\/p>\n<\/div><div class=\"fusion-text fusion-text-3\"><p id=\"tw-target-text\" class=\"tw-data-text tw-text-large tw-ta\" dir=\"ltr\" data-placeholder=\"Traducci\u00f3n\" aria-label=\"Texto traducido\" data-ved=\"2ahUKEwi64erMsJGFAxVyUKQEHbn8BTYQ3ewLegQIBRAU\"><strong><span class=\"Y2IQFc\" lang=\"fr\">Ingr\u00e9dients<\/span><\/strong><\/p>\n<\/div><div class=\"fusion-text fusion-text-4\" style=\"--awb-text-transform:none;\"><p id=\"tw-target-text\" class=\"tw-data-text tw-text-large tw-ta\" dir=\"ltr\" data-placeholder=\"Traducci\u00f3n\" aria-label=\"Texto traducido\" data-ved=\"2ahUKEwi64erMsJGFAxVyUKQEHbn8BTYQ3ewLegQIBRAU\"><span class=\"Y2IQFc\" lang=\"fr\">C\u00e9r\u00e9ales (farine d&rsquo;AVOINE compl\u00e8te, farine de BL\u00c9, flocons d&rsquo;AVOINE), sucre, \u0152UF, huile de tournesol raffin\u00e9e, poudre \u00e0 lever (bicarbonate de sodium, diphosphate disodique, acide citrique), amidon de m\u00e4is pr\u00e9g\u00e9latinis\u00e9, sel, sirop de sucre inverti, acidulant (cr\u00e8me de tartre) et conservateur (acide sorbique)<\/span><\/p>\n<p id=\"tw-target-text\" class=\"tw-data-text tw-text-large tw-ta\" dir=\"ltr\" data-placeholder=\"Traducci\u00f3n\" aria-label=\"Texto traducido\" data-ved=\"2ahUKEwi64erMsJGFAxVyUKQEHbn8BTYQ3ewLegQIBRAU\"><span class=\"Y2IQFc\" lang=\"fr\">Il contient du gluten. <\/span><\/p>\n<p class=\"tw-data-text tw-text-large tw-ta\" dir=\"ltr\" data-placeholder=\"Traducci\u00f3n\" aria-label=\"Texto traducido\" data-ved=\"2ahUKEwi64erMsJGFAxVyUKQEHbn8BTYQ3ewLegQIBRAU\"><strong><span class=\"Y2IQFc\" lang=\"fr\">Peut contenir des traces de soja et de moutarde.<\/span><\/strong><\/p>\n<\/div><div class=\"fusion-text fusion-text-5\"><p id=\"tw-target-text\" class=\"tw-data-text tw-text-large tw-ta\" dir=\"ltr\" data-placeholder=\"Traducci\u00f3n\" aria-label=\"Texto traducido\" data-ved=\"2ahUKEwi64erMsJGFAxVyUKQEHbn8BTYQ3ewLegQIBRAU\"><span class=\"Y2IQFc\" lang=\"fr\">Informations nutritionnelles pour 100 g<\/span><\/p>\n<\/div>\n<div class=\"table-1\">\n<table width=\"100%\">\n<tbody>\n<tr>\n<td align=\"left\">Valeur \u00e9nerg\u00e9tique<\/td>\n<td style=\"text-align: right;\" align=\"left\">1.833,52 KJ \/438 kcal.<\/td>\n<\/tr>\n<tr>\n<td align=\"left\">Graisses<\/td>\n<td style=\"text-align: right;\" align=\"left\">21,6 g<\/td>\n<\/tr>\n<tr>\n<td align=\"left\">Dont acides gras satur\u00e9s<\/td>\n<td style=\"text-align: right;\" align=\"left\">2,5 g<\/td>\n<\/tr>\n<tr>\n<td align=\"left\">Hydrate de carbone<\/td>\n<td style=\"text-align: right;\" align=\"left\">52,9 g<\/td>\n<\/tr>\n<tr>\n<td align=\"left\">dont sucres<\/td>\n<td style=\"text-align: right;\" align=\"left\">32,0 g<\/td>\n<\/tr>\n<tr>\n<td align=\"left\">Fibra alimentaire<\/td>\n<td style=\"text-align: right;\" align=\"left\">3,04 g<\/td>\n<\/tr>\n<tr>\n<td align=\"left\">Prot\u00e9ines<\/td>\n<td style=\"text-align: right;\" align=\"left\">6,47 g<\/td>\n<\/tr>\n<tr>\n<td align=\"left\">Sel<\/td>\n<td style=\"text-align: right;\" align=\"left\">1,3 g<\/td>\n<\/tr>\n<\/tbody>\n<\/table>\n<\/div>\n<div class=\"fusion-clearfix\"><\/div><\/div><\/div><div class=\"fusion-layout-column fusion_builder_column fusion-builder-column-5 fusion_builder_column_1_2 1_2 fusion-one-half fusion-column-last\" style=\"--awb-bg-size:cover;width:50%;width:calc(50% - ( ( 4% ) * 0.5 ) );\"><div class=\"fusion-column-wrapper fusion-flex-column-wrapper-legacy\"><div class=\"fusion-image-element fusion-image-align-center in-legacy-container\" style=\"text-align:center;--awb-caption-title-font-family:var(--h2_typography-font-family);--awb-caption-title-font-weight:var(--h2_typography-font-weight);--awb-caption-title-font-style:var(--h2_typography-font-style);--awb-caption-title-size:var(--h2_typography-font-size);--awb-caption-title-transform:var(--h2_typography-text-transform);--awb-caption-title-line-height:var(--h2_typography-line-height);--awb-caption-title-letter-spacing:var(--h2_typography-letter-spacing);\"><div class=\"imageframe-align-center\"><span class=\" fusion-imageframe imageframe-none imageframe-3 hover-type-none\"><img decoding=\"async\" width=\"1707\" height=\"2560\" alt=\"avena\" title=\"BOLSA Magdalenas AVENA\" src=\"https:\/\/antonioanaut.com\/wp-content\/uploads\/2022\/06\/BOLSA-Magdalenas-AVENA-scaled.jpg\" class=\"img-responsive wp-image-3493\" srcset=\"https:\/\/antonioanaut.com\/wp-content\/uploads\/2022\/06\/BOLSA-Magdalenas-AVENA-200x300.jpg 200w, https:\/\/antonioanaut.com\/wp-content\/uploads\/2022\/06\/BOLSA-Magdalenas-AVENA-400x600.jpg 400w, https:\/\/antonioanaut.com\/wp-content\/uploads\/2022\/06\/BOLSA-Magdalenas-AVENA-600x900.jpg 600w, https:\/\/antonioanaut.com\/wp-content\/uploads\/2022\/06\/BOLSA-Magdalenas-AVENA-800x1200.jpg 800w, https:\/\/antonioanaut.com\/wp-content\/uploads\/2022\/06\/BOLSA-Magdalenas-AVENA-1200x1800.jpg 1200w, https:\/\/antonioanaut.com\/wp-content\/uploads\/2022\/06\/BOLSA-Magdalenas-AVENA-scaled.jpg 1707w\" sizes=\"(max-width: 800px) 100vw, 600px\" \/><\/span><\/div><\/div><div class=\"fusion-sep-clear\"><\/div><div class=\"fusion-separator fusion-full-width-sep\" style=\"margin-left: auto;margin-right: auto;margin-top:55px;margin-bottom:20px;width:100%;\"><div class=\"fusion-separator-border sep-single sep-solid\" style=\"--awb-height:20px;--awb-amount:20px;border-color:#e0dede;border-top-width:1px;\"><\/div><\/div><div class=\"fusion-sep-clear\"><\/div><div class=\"fusion-clearfix\"><\/div><\/div><\/div><\/div><\/div><\/p>\n","protected":false},"excerpt":{"rendered":"","protected":false},"author":1,"featured_media":0,"parent":606,"menu_order":0,"comment_status":"closed","ping_status":"closed","template":"","meta":{"_acf_changed":false,"footnotes":""},"class_list":["post-5024","page","type-page","status-publish","hentry"],"acf":[],"_links":{"self":[{"href":"https:\/\/antonioanaut.com\/fr\/wp-json\/wp\/v2\/pages\/5024","targetHints":{"allow":["GET"]}}],"collection":[{"href":"https:\/\/antonioanaut.com\/fr\/wp-json\/wp\/v2\/pages"}],"about":[{"href":"https:\/\/antonioanaut.com\/fr\/wp-json\/wp\/v2\/types\/page"}],"author":[{"embeddable":true,"href":"https:\/\/antonioanaut.com\/fr\/wp-json\/wp\/v2\/users\/1"}],"replies":[{"embeddable":true,"href":"https:\/\/antonioanaut.com\/fr\/wp-json\/wp\/v2\/comments?post=5024"}],"version-history":[{"count":11,"href":"https:\/\/antonioanaut.com\/fr\/wp-json\/wp\/v2\/pages\/5024\/revisions"}],"predecessor-version":[{"id":5833,"href":"https:\/\/antonioanaut.com\/fr\/wp-json\/wp\/v2\/pages\/5024\/revisions\/5833"}],"up":[{"embeddable":true,"href":"https:\/\/antonioanaut.com\/fr\/wp-json\/wp\/v2\/pages\/606"}],"wp:attachment":[{"href":"https:\/\/antonioanaut.com\/fr\/wp-json\/wp\/v2\/media?parent=5024"}],"curies":[{"name":"wp","href":"https:\/\/api.w.org\/{rel}","templated":true}]}}