{"id":5015,"date":"2024-03-26T10:06:49","date_gmt":"2024-03-26T08:06:49","guid":{"rendered":"https:\/\/antonioanaut.com\/?page_id=5015"},"modified":"2025-06-06T10:40:24","modified_gmt":"2025-06-06T08:40:24","slug":"tontas-avec-du-chocolat","status":"publish","type":"page","link":"https:\/\/antonioanaut.com\/fr\/tontas-avec-du-chocolat\/","title":{"rendered":"TONTAS AVEC DU CHOCOLAT"},"content":{"rendered":"<p><div class=\"fusion-fullwidth fullwidth-box fusion-builder-row-1 nonhundred-percent-fullwidth non-hundred-percent-height-scrolling\" style=\"--awb-border-radius-top-left:0px;--awb-border-radius-top-right:0px;--awb-border-radius-bottom-right:0px;--awb-border-radius-bottom-left:0px;--awb-flex-wrap:wrap;\" ><div class=\"fusion-builder-row fusion-row\"><div class=\"fusion-layout-column fusion_builder_column fusion-builder-column-0 fusion_builder_column_1_1 1_1 fusion-one-full fusion-column-first fusion-column-last\" style=\"--awb-bg-blend:overlay;--awb-bg-size:cover;\"><div class=\"fusion-column-wrapper fusion-flex-column-wrapper-legacy\"><div class=\"fusion-title title fusion-title-1 fusion-sep-none fusion-title-text fusion-title-size-one\"><h1 class=\"fusion-title-heading title-heading-left fusion-responsive-typography-calculated\" style=\"margin:0;--fontSize:40;line-height:1.4;\">Tontas avec du chocolat<\/h1><\/div><div class=\"fusion-image-element fusion-image-align-center in-legacy-container\" style=\"text-align:center;--awb-caption-title-font-family:var(--h2_typography-font-family);--awb-caption-title-font-weight:var(--h2_typography-font-weight);--awb-caption-title-font-style:var(--h2_typography-font-style);--awb-caption-title-size:var(--h2_typography-font-size);--awb-caption-title-transform:var(--h2_typography-text-transform);--awb-caption-title-line-height:var(--h2_typography-line-height);--awb-caption-title-letter-spacing:var(--h2_typography-letter-spacing);\"><div class=\"imageframe-align-center\"><span class=\" fusion-imageframe imageframe-none imageframe-1 hover-type-none\"><img decoding=\"async\" width=\"1000\" height=\"750\" alt=\"Dulce tradicional Antonio Anaut\" title=\"TON CHOC Y FONDO (1)\" src=\"https:\/\/antonioanaut.com\/wp-content\/uploads\/2024\/02\/TON-CHOC-Y-FONDO-1-1.jpg\" class=\"img-responsive wp-image-4893\" srcset=\"https:\/\/antonioanaut.com\/wp-content\/uploads\/2024\/02\/TON-CHOC-Y-FONDO-1-1-200x150.jpg 200w, https:\/\/antonioanaut.com\/wp-content\/uploads\/2024\/02\/TON-CHOC-Y-FONDO-1-1-400x300.jpg 400w, https:\/\/antonioanaut.com\/wp-content\/uploads\/2024\/02\/TON-CHOC-Y-FONDO-1-1-600x450.jpg 600w, https:\/\/antonioanaut.com\/wp-content\/uploads\/2024\/02\/TON-CHOC-Y-FONDO-1-1-800x600.jpg 800w, https:\/\/antonioanaut.com\/wp-content\/uploads\/2024\/02\/TON-CHOC-Y-FONDO-1-1.jpg 1000w\" sizes=\"(max-width: 800px) 100vw, 1000px\" \/><\/span><\/div><\/div><div class=\"fusion-text fusion-text-1\"><p id=\"tw-target-text\" class=\"tw-data-text tw-text-large tw-ta\" dir=\"ltr\" style=\"text-align: center;\" data-placeholder=\"Traducci\u00f3n\" aria-label=\"Texto traducido\" data-ved=\"2ahUKEwi64erMsJGFAxVyUKQEHbn8BTYQ3ewLegQIBRAU\"><span class=\"Y2IQFc\" lang=\"fr\">Si vous aimez le chocolat, n&rsquo;h\u00e9sitez pas \u00e0 essayer nos fous au chocolat, ils sont id\u00e9aux pour les d\u00e9jeuners, les collations ou \u00e0 tout moment de la journ\u00e9e. \u00c0 base d&rsquo;\u0153ufs frais et d&rsquo;huile de tournesol. <\/span><\/p>\n<p class=\"tw-data-text tw-text-large tw-ta\" dir=\"ltr\" data-placeholder=\"Traducci\u00f3n\" aria-label=\"Texto traducido\" data-ved=\"2ahUKEwi64erMsJGFAxVyUKQEHbn8BTYQ3ewLegQIBRAU\"><strong><span class=\"Y2IQFc\" lang=\"fr\">ATTENTION : Ils peuvent contenir des traces de LAIT, SOJA ET MOUTARDE.<\/span><\/strong><\/p>\n<\/div><div class=\"fusion-clearfix\"><\/div><\/div><\/div><\/div><\/div><div class=\"fusion-fullwidth fullwidth-box fusion-builder-row-2 nonhundred-percent-fullwidth non-hundred-percent-height-scrolling\" style=\"--awb-border-radius-top-left:0px;--awb-border-radius-top-right:0px;--awb-border-radius-bottom-right:0px;--awb-border-radius-bottom-left:0px;--awb-flex-wrap:wrap;\" ><div class=\"fusion-builder-row fusion-row\"><div class=\"fusion-layout-column fusion_builder_column fusion-builder-column-1 fusion_builder_column_1_3 1_3 fusion-one-third fusion-column-first\" style=\"--awb-bg-blend:overlay;--awb-bg-size:cover;width:33.333333333333%;width:calc(33.333333333333% - ( ( 4% + 4% ) * 0.33333333333333 ) );margin-right: 4%;\"><div class=\"fusion-column-wrapper fusion-flex-column-wrapper-legacy\"><div class=\"fusion-clearfix\"><\/div><\/div><\/div><div class=\"fusion-layout-column fusion_builder_column fusion-builder-column-2 fusion_builder_column_1_3 1_3 fusion-one-third\" style=\"--awb-padding-right:4%;--awb-padding-left:4%;--awb-bg-blend:overlay;--awb-bg-size:cover;width:33.333333333333%;width:calc(33.333333333333% - ( ( 4% + 4% ) * 0.33333333333333 ) );margin-right: 4%;\"><div class=\"fusion-column-wrapper fusion-flex-column-wrapper-legacy\"><div class=\"fusion-clearfix\"><\/div><\/div><\/div><div class=\"fusion-layout-column fusion_builder_column fusion-builder-column-3 fusion_builder_column_1_3 1_3 fusion-one-third fusion-column-last\" style=\"--awb-bg-blend:overlay;--awb-bg-size:cover;width:33.333333333333%;width:calc(33.333333333333% - ( ( 4% + 4% ) * 0.33333333333333 ) );\"><div class=\"fusion-column-wrapper fusion-flex-column-wrapper-legacy\"><div class=\"fusion-clearfix\"><\/div><\/div><\/div><\/div><\/div><div class=\"fusion-fullwidth fullwidth-box fusion-builder-row-3 nonhundred-percent-fullwidth non-hundred-percent-height-scrolling\" style=\"--awb-border-radius-top-left:0px;--awb-border-radius-top-right:0px;--awb-border-radius-bottom-right:0px;--awb-border-radius-bottom-left:0px;--awb-flex-wrap:wrap;\" ><div class=\"fusion-builder-row fusion-row\"><div class=\"fusion-layout-column fusion_builder_column fusion-builder-column-4 fusion_builder_column_1_2 1_2 fusion-one-half fusion-column-first\" style=\"--awb-bg-blend:overlay;--awb-bg-size:cover;width:50%;width:calc(50% - ( ( 4% ) * 0.5 ) );margin-right: 4%;\"><div class=\"fusion-column-wrapper fusion-flex-column-wrapper-legacy\"><div class=\"fusion-alignleft\"><a class=\"fusion-button button-flat button-small button-default fusion-button-default button-1 fusion-button-default-span \" target=\"_self\" href=\"https:\/\/antonioanaut.com\/producto\/tontas-con-chocolate\/\"><span class=\"fusion-button-text awb-button__text awb-button__text--default\">COMPRAR<\/span><\/a><\/div><div class=\"fusion-text fusion-text-2\"><p><strong>Formato: Barquilla\u00a0 200 g<br \/>\n<\/strong><\/p>\n<\/div><div class=\"fusion-text fusion-text-3\"><h3 style=\"text-align: left;\">Ingr\u00e8dients<\/h3>\n<\/div><div class=\"fusion-text fusion-text-4\" style=\"--awb-text-transform:none;\"><p id=\"tw-target-text\" class=\"tw-data-text tw-text-large tw-ta\" dir=\"ltr\" data-placeholder=\"Traducci\u00f3n\" aria-label=\"Texto traducido\" data-ved=\"2ahUKEwi64erMsJGFAxVyUKQEHbn8BTYQ3ewLegQIBRAU\"><span class=\"Y2IQFc\" lang=\"fr\">Farine de BL\u00c9, enrobage sp\u00e9cial en graisse v\u00e9g\u00e9tale (20%) [sucre, graisse v\u00e9g\u00e9tale enti\u00e8rement hydrog\u00e9n\u00e9e (palmiste), poudre de cacao d\u00e9graiss\u00e9e (15,5%), \u00e9mulsifiants (l\u00e9cithine de tournesol, polyricinol\u00e9ate de polyglyc\u00e9rol, trist\u00e9arate et ar\u00f4me de sorbitane], huile de tournesol raffin\u00e9e, OEUF , sucre, poudre \u00e0 lever (bicarbonate de sodium).<\/span><\/p>\n<p id=\"tw-target-text\" class=\"tw-data-text tw-text-large tw-ta\" dir=\"ltr\" data-placeholder=\"Traducci\u00f3n\" aria-label=\"Texto traducido\" data-ved=\"2ahUKEwi64erMsJGFAxVyUKQEHbn8BTYQ3ewLegQIBRAU\"><strong><span class=\"Y2IQFc\" lang=\"fr\">Il contient du gluten. Peut contenir des traces de soja et de moutarde.<\/span><\/strong><\/p>\n<p id=\"tw-target-text\" class=\"tw-data-text tw-text-large tw-ta\" dir=\"ltr\" data-placeholder=\"Traducci\u00f3n\" aria-label=\"Texto traducido\" data-ved=\"2ahUKEwi64erMsJGFAxVyUKQEHbn8BTYQ3ewLegQIBRAU\"><strong><span class=\"Y2IQFc\" lang=\"fr\">Peut contenir des traces de lait, de soja et de moutarde.<\/span><\/strong><\/p>\n<\/div><div class=\"fusion-text fusion-text-5\"><h3 style=\"text-align: left;\">Valeur \u00e9nerg\u00e9tique 100 g<\/h3>\n<\/div>\n<div class=\"table-1\">\n<p>&nbsp;<\/p>\n<table width=\"100%\">\n<tbody>\n<tr>\n<td align=\"left\">Valeur \u00e9nerg\u00e9tique<\/td>\n<td style=\"text-align: right;\" align=\"left\">2.152,5 KJ \/ 515,2 kcal.<\/td>\n<\/tr>\n<tr>\n<td align=\"left\">Graisses<\/td>\n<td style=\"text-align: right;\" align=\"left\">28,1 g<\/td>\n<\/tr>\n<tr>\n<td align=\"left\">Dont acides gras satur\u00e9s<\/td>\n<td style=\"text-align: right;\" align=\"left\">9,52 g<\/td>\n<\/tr>\n<tr>\n<td align=\"left\">Hydrate de carbone<\/td>\n<td style=\"text-align: right;\" align=\"left\">56,46 g<\/td>\n<\/tr>\n<tr>\n<td align=\"left\">dont sucres<\/td>\n<td style=\"text-align: right;\" align=\"left\">28,02 g<\/td>\n<\/tr>\n<tr>\n<td align=\"left\">Fibra alimentaire<\/td>\n<td style=\"text-align: right;\" align=\"left\">3,36 g<\/td>\n<\/tr>\n<tr>\n<td align=\"left\">Prot\u00e9ines<\/td>\n<td style=\"text-align: right;\" align=\"left\">6,88 g<\/td>\n<\/tr>\n<tr>\n<td align=\"left\">Sel<\/td>\n<td style=\"text-align: right;\" align=\"left\">0,129 g<\/td>\n<\/tr>\n<\/tbody>\n<\/table>\n<\/div>\n<div class=\"fusion-clearfix\"><\/div><\/div><\/div><div class=\"fusion-layout-column fusion_builder_column fusion-builder-column-5 fusion_builder_column_1_2 1_2 fusion-one-half fusion-column-last\" style=\"--awb-padding-bottom:10%;--awb-bg-blend:overlay;--awb-bg-size:cover;width:50%;width:calc(50% - ( ( 4% ) * 0.5 ) );\"><div class=\"fusion-column-wrapper fusion-flex-column-wrapper-legacy\"><div class=\"fusion-image-element fusion-image-align-center in-legacy-container\" style=\"text-align:center;--awb-caption-title-font-family:var(--h2_typography-font-family);--awb-caption-title-font-weight:var(--h2_typography-font-weight);--awb-caption-title-font-style:var(--h2_typography-font-style);--awb-caption-title-size:var(--h2_typography-font-size);--awb-caption-title-transform:var(--h2_typography-text-transform);--awb-caption-title-line-height:var(--h2_typography-line-height);--awb-caption-title-letter-spacing:var(--h2_typography-letter-spacing);\"><div class=\"imageframe-align-center\"><span class=\" fusion-imageframe imageframe-none imageframe-2 hover-type-none\"><img decoding=\"async\" width=\"1707\" height=\"2560\" title=\"TONTITAS BROW FRONTAL vertical\" src=\"https:\/\/antonioanaut.com\/wp-content\/uploads\/2024\/02\/TONTITAS-BROW-FRONTAL-vertical-scaled.jpg\" alt class=\"img-responsive wp-image-5562\" srcset=\"https:\/\/antonioanaut.com\/wp-content\/uploads\/2024\/02\/TONTITAS-BROW-FRONTAL-vertical-200x300.jpg 200w, https:\/\/antonioanaut.com\/wp-content\/uploads\/2024\/02\/TONTITAS-BROW-FRONTAL-vertical-400x600.jpg 400w, https:\/\/antonioanaut.com\/wp-content\/uploads\/2024\/02\/TONTITAS-BROW-FRONTAL-vertical-600x900.jpg 600w, https:\/\/antonioanaut.com\/wp-content\/uploads\/2024\/02\/TONTITAS-BROW-FRONTAL-vertical-800x1200.jpg 800w, https:\/\/antonioanaut.com\/wp-content\/uploads\/2024\/02\/TONTITAS-BROW-FRONTAL-vertical-1200x1800.jpg 1200w, https:\/\/antonioanaut.com\/wp-content\/uploads\/2024\/02\/TONTITAS-BROW-FRONTAL-vertical-scaled.jpg 1707w\" sizes=\"(max-width: 800px) 100vw, 600px\" \/><\/span><\/div><\/div><div class=\"fusion-sep-clear\"><\/div><div class=\"fusion-separator fusion-full-width-sep\" style=\"margin-left: auto;margin-right: auto;margin-top:190px;margin-bottom:20px;width:100%;\"><div class=\"fusion-separator-border sep-single sep-solid\" style=\"--awb-height:20px;--awb-amount:20px;border-color:#e0dede;border-top-width:1px;\"><\/div><\/div><div class=\"fusion-sep-clear\"><\/div><div class=\"fusion-clearfix\"><\/div><\/div><\/div><\/div><\/div><\/p>\n","protected":false},"excerpt":{"rendered":"","protected":false},"author":1,"featured_media":0,"parent":0,"menu_order":0,"comment_status":"closed","ping_status":"closed","template":"","meta":{"_acf_changed":false,"footnotes":""},"class_list":["post-5015","page","type-page","status-publish","hentry"],"acf":[],"_links":{"self":[{"href":"https:\/\/antonioanaut.com\/fr\/wp-json\/wp\/v2\/pages\/5015","targetHints":{"allow":["GET"]}}],"collection":[{"href":"https:\/\/antonioanaut.com\/fr\/wp-json\/wp\/v2\/pages"}],"about":[{"href":"https:\/\/antonioanaut.com\/fr\/wp-json\/wp\/v2\/types\/page"}],"author":[{"embeddable":true,"href":"https:\/\/antonioanaut.com\/fr\/wp-json\/wp\/v2\/users\/1"}],"replies":[{"embeddable":true,"href":"https:\/\/antonioanaut.com\/fr\/wp-json\/wp\/v2\/comments?post=5015"}],"version-history":[{"count":4,"href":"https:\/\/antonioanaut.com\/fr\/wp-json\/wp\/v2\/pages\/5015\/revisions"}],"predecessor-version":[{"id":5839,"href":"https:\/\/antonioanaut.com\/fr\/wp-json\/wp\/v2\/pages\/5015\/revisions\/5839"}],"wp:attachment":[{"href":"https:\/\/antonioanaut.com\/fr\/wp-json\/wp\/v2\/media?parent=5015"}],"curies":[{"name":"wp","href":"https:\/\/api.w.org\/{rel}","templated":true}]}}