{"id":3484,"date":"2025-05-16T07:05:25","date_gmt":"2025-05-16T05:05:25","guid":{"rendered":"https:\/\/antonioanaut.com\/?page_id=3484"},"modified":"2025-06-06T10:34:53","modified_gmt":"2025-06-06T08:34:53","slug":"coquilles","status":"publish","type":"page","link":"https:\/\/antonioanaut.com\/fr\/patisserie-traditionnelle\/coquilles\/","title":{"rendered":"Coquilles"},"content":{"rendered":"<p><div class=\"fusion-fullwidth fullwidth-box fusion-builder-row-1 nonhundred-percent-fullwidth non-hundred-percent-height-scrolling\" style=\"--awb-border-radius-top-left:0px;--awb-border-radius-top-right:0px;--awb-border-radius-bottom-right:0px;--awb-border-radius-bottom-left:0px;--awb-flex-wrap:wrap;\" ><div class=\"fusion-builder-row fusion-row\"><div class=\"fusion-layout-column fusion_builder_column fusion-builder-column-0 fusion_builder_column_1_1 1_1 fusion-one-full fusion-column-first fusion-column-last\" style=\"--awb-bg-size:cover;\"><div class=\"fusion-column-wrapper fusion-flex-column-wrapper-legacy\"><div class=\"fusion-title title fusion-title-1 fusion-sep-none fusion-title-text fusion-title-size-one\"><h1 class=\"fusion-title-heading title-heading-left fusion-responsive-typography-calculated\" style=\"margin:0;--fontSize:40;line-height:1.4;\">Coquilles<\/h1><\/div><div class=\"fusion-image-element fusion-image-align-center in-legacy-container\" style=\"text-align:center;--awb-caption-title-font-family:var(--h2_typography-font-family);--awb-caption-title-font-weight:var(--h2_typography-font-weight);--awb-caption-title-font-style:var(--h2_typography-font-style);--awb-caption-title-size:var(--h2_typography-font-size);--awb-caption-title-transform:var(--h2_typography-text-transform);--awb-caption-title-line-height:var(--h2_typography-line-height);--awb-caption-title-letter-spacing:var(--h2_typography-letter-spacing);\"><div class=\"imageframe-align-center\"><span class=\" fusion-imageframe imageframe-none imageframe-1 hover-type-none\"><img decoding=\"async\" width=\"2560\" height=\"1920\" title=\"BODEG\u00d3N ESPIGAS\" src=\"https:\/\/antonioanaut.com\/wp-content\/uploads\/2025\/03\/BODEGON-ESPIGAS-scaled.jpg\" alt class=\"img-responsive wp-image-5595\" srcset=\"https:\/\/antonioanaut.com\/wp-content\/uploads\/2025\/03\/BODEGON-ESPIGAS-200x150.jpg 200w, https:\/\/antonioanaut.com\/wp-content\/uploads\/2025\/03\/BODEGON-ESPIGAS-400x300.jpg 400w, https:\/\/antonioanaut.com\/wp-content\/uploads\/2025\/03\/BODEGON-ESPIGAS-600x450.jpg 600w, https:\/\/antonioanaut.com\/wp-content\/uploads\/2025\/03\/BODEGON-ESPIGAS-800x600.jpg 800w, https:\/\/antonioanaut.com\/wp-content\/uploads\/2025\/03\/BODEGON-ESPIGAS-1200x900.jpg 1200w, https:\/\/antonioanaut.com\/wp-content\/uploads\/2025\/03\/BODEGON-ESPIGAS-scaled.jpg 2560w\" sizes=\"(max-width: 800px) 100vw, 1200px\" \/><\/span><\/div><\/div><div class=\"fusion-text fusion-text-1\"><p style=\"text-align: center;\">L<\/p>\n<p id=\"tw-target-text\" class=\"tw-data-text tw-text-large tw-ta\" dir=\"ltr\" data-placeholder=\"Traducci\u00f3n\" data-ved=\"2ahUKEwj7i7OGmqeNAxVdUaQEHSmwBLAQ3ewLegQICRAV\" aria-label=\"Texto traducido: Nos p\u00e2tes inspir\u00e9es de la coquille embl\u00e9matique du Chemin de Saint-Jacques. Ils sont parfaits pour accompagner le caf\u00e9 ou le th\u00e9 ou pour tout moment que vous souhaitez. Vous pouvez personnaliser votre bo\u00eete avec le tampon au dos et la transformer en un beau cadeau. Fabriqu\u00e9 sans ingr\u00e9dients d'origine animale. Sans lait et sans lactose\"><span class=\"Y2IQFc\" lang=\"fr\">Nos p\u00e2tes inspir\u00e9es de la coquille embl\u00e9matique du Chemin de Saint-Jacques. Ils sont parfaits pour accompagner le caf\u00e9 ou le th\u00e9 ou pour tout moment que vous souhaitez. Vous pouvez personnaliser votre bo\u00eete avec le tampon au dos et la transformer en un beau cadeau.<\/span><\/p>\n<div class=\"fusion-text\">\n<p style=\"text-align: center;\">Ils sont sans lait<\/p>\n<\/div>\n<\/div><div class=\"fusion-clearfix\"><\/div><\/div><\/div><\/div><\/div><div class=\"fusion-fullwidth fullwidth-box fusion-builder-row-2 nonhundred-percent-fullwidth non-hundred-percent-height-scrolling\" style=\"--awb-border-radius-top-left:0px;--awb-border-radius-top-right:0px;--awb-border-radius-bottom-right:0px;--awb-border-radius-bottom-left:0px;--awb-flex-wrap:wrap;\" ><div class=\"fusion-builder-row fusion-row\"><div class=\"fusion-layout-column fusion_builder_column fusion-builder-column-1 fusion_builder_column_1_3 1_3 fusion-one-third fusion-column-first\" style=\"--awb-bg-size:cover;width:33.333333333333%;width:calc(33.333333333333% - ( ( 4% + 4% ) * 0.33333333333333 ) );margin-right: 4%;\"><div class=\"fusion-column-wrapper fusion-flex-column-wrapper-legacy\"><div class=\"fusion-clearfix\"><\/div><\/div><\/div><div class=\"fusion-layout-column fusion_builder_column fusion-builder-column-2 fusion_builder_column_1_3 1_3 fusion-one-third\" style=\"--awb-padding-right:4%;--awb-padding-left:4%;--awb-bg-size:cover;width:33.333333333333%;width:calc(33.333333333333% - ( ( 4% + 4% ) * 0.33333333333333 ) );margin-right: 4%;\"><div class=\"fusion-column-wrapper fusion-flex-column-wrapper-legacy\"><div class=\"fusion-clearfix\"><\/div><\/div><\/div><div class=\"fusion-layout-column fusion_builder_column fusion-builder-column-3 fusion_builder_column_1_3 1_3 fusion-one-third fusion-column-last\" style=\"--awb-bg-size:cover;width:33.333333333333%;width:calc(33.333333333333% - ( ( 4% + 4% ) * 0.33333333333333 ) );\"><div class=\"fusion-column-wrapper fusion-flex-column-wrapper-legacy\"><div class=\"fusion-clearfix\"><\/div><\/div><\/div><\/div><\/div><div class=\"fusion-fullwidth fullwidth-box fusion-builder-row-3 nonhundred-percent-fullwidth non-hundred-percent-height-scrolling\" style=\"--awb-border-radius-top-left:0px;--awb-border-radius-top-right:0px;--awb-border-radius-bottom-right:0px;--awb-border-radius-bottom-left:0px;--awb-flex-wrap:wrap;\" ><div class=\"fusion-builder-row fusion-row\"><div class=\"fusion-layout-column fusion_builder_column fusion-builder-column-4 fusion_builder_column_1_2 1_2 fusion-one-half fusion-column-first\" style=\"--awb-bg-size:cover;width:50%;width:calc(50% - ( ( 4% ) * 0.5 ) );margin-right: 4%;\"><div class=\"fusion-column-wrapper fusion-flex-column-wrapper-legacy\"><div class=\"fusion-text fusion-text-2\"><h3 style=\"text-align: left;\">Ingredientes<\/h3>\n<\/div><div class=\"fusion-text fusion-text-3\"><p style=\"text-align: left;\">Farine de BLE, huile de tournesol raffin\u00e9e \u00e0 haute tener en acide ol\u00e9ique, sucre, l\u00e9cithine de tournesol, ar\u00f4me de beurre et sel.<\/p>\n<p style=\"text-align: left;\"><strong>Contient du gluten.<\/strong><\/p>\n<\/div><div class=\"fusion-text fusion-text-4\"><h3 style=\"text-align: left;\">Informaci\u00f3n nutricional por 100 g<\/h3>\n<\/div>\n<div class=\"table-1\">\n<table width=\"100%\">\n<tbody>\n<tr>\n<td align=\"left\">Valor energ\u00e9tico<\/td>\n<td style=\"text-align: right;\" align=\"left\">2.210 KJ \/528 kcal.<\/td>\n<\/tr>\n<tr>\n<td align=\"left\">Grasas<\/td>\n<td style=\"text-align: right;\" align=\"left\">27,7 g<\/td>\n<\/tr>\n<tr>\n<td align=\"left\">de las cuales saturadas<\/td>\n<td style=\"text-align: right;\" align=\"left\">2,6g<\/td>\n<\/tr>\n<tr>\n<td align=\"left\">Hidratos de carbono<\/td>\n<td style=\"text-align: right;\" align=\"left\">64,7 g<\/td>\n<\/tr>\n<tr>\n<td align=\"left\">de los cuales az\u00facares<\/td>\n<td style=\"text-align: right;\" align=\"left\">12,8 g<\/td>\n<\/tr>\n<tr>\n<td align=\"left\">Fibra alimentaria<\/td>\n<td style=\"text-align: right;\" align=\"left\">1,63 g<\/td>\n<\/tr>\n<tr>\n<td align=\"left\">Prote\u00ednas<\/td>\n<td style=\"text-align: right;\" align=\"left\">6 g<\/td>\n<\/tr>\n<tr>\n<td align=\"left\">Sal<\/td>\n<td style=\"text-align: right;\" align=\"left\">0,22 g<\/td>\n<\/tr>\n<\/tbody>\n<\/table>\n<\/div>\n<div class=\"fusion-text fusion-text-5\"><p><strong>Formato: B\u00f4ite\u00a0 180 g<\/strong><\/p>\n<\/div><div class=\"fusion-alignleft\"><a class=\"fusion-button button-flat button-small button-default fusion-button-default button-1 fusion-button-default-span \" target=\"_self\" href=\"https:\/\/antonioanaut.com\/fr\/producto\/coquilles\/\"><span class=\"fusion-button-text awb-button__text awb-button__text--default\">B\u00d2ITE 180 g<\/span><\/a><\/div><div class=\"fusion-clearfix\"><\/div><\/div><\/div><div class=\"fusion-layout-column fusion_builder_column fusion-builder-column-5 fusion_builder_column_1_2 1_2 fusion-one-half fusion-column-last\" style=\"--awb-bg-size:cover;width:50%;width:calc(50% - ( ( 4% ) * 0.5 ) );\"><div class=\"fusion-column-wrapper fusion-flex-column-wrapper-legacy\"><div class=\"fusion-image-element fusion-image-align-center in-legacy-container\" style=\"text-align:center;--awb-caption-title-font-family:var(--h2_typography-font-family);--awb-caption-title-font-weight:var(--h2_typography-font-weight);--awb-caption-title-font-style:var(--h2_typography-font-style);--awb-caption-title-size:var(--h2_typography-font-size);--awb-caption-title-transform:var(--h2_typography-text-transform);--awb-caption-title-line-height:var(--h2_typography-line-height);--awb-caption-title-letter-spacing:var(--h2_typography-letter-spacing);\"><div class=\"imageframe-align-center\"><span class=\" fusion-imageframe imageframe-none imageframe-2 hover-type-none\"><img decoding=\"async\" width=\"1150\" height=\"1150\" title=\"CAJA_DELCAMINO_3 lados\" src=\"https:\/\/antonioanaut.com\/wp-content\/uploads\/2025\/03\/CAJA_DELCAMINO_3-lados.jpg\" alt class=\"img-responsive wp-image-5592\" srcset=\"https:\/\/antonioanaut.com\/wp-content\/uploads\/2025\/03\/CAJA_DELCAMINO_3-lados-200x200.jpg 200w, https:\/\/antonioanaut.com\/wp-content\/uploads\/2025\/03\/CAJA_DELCAMINO_3-lados-400x400.jpg 400w, https:\/\/antonioanaut.com\/wp-content\/uploads\/2025\/03\/CAJA_DELCAMINO_3-lados-600x600.jpg 600w, https:\/\/antonioanaut.com\/wp-content\/uploads\/2025\/03\/CAJA_DELCAMINO_3-lados-800x800.jpg 800w, https:\/\/antonioanaut.com\/wp-content\/uploads\/2025\/03\/CAJA_DELCAMINO_3-lados.jpg 1150w\" sizes=\"(max-width: 800px) 100vw, 600px\" \/><\/span><\/div><\/div><div class=\"fusion-sep-clear\"><\/div><div class=\"fusion-separator fusion-full-width-sep\" style=\"margin-left: auto;margin-right: auto;margin-top:55px;margin-bottom:20px;width:100%;\"><div class=\"fusion-separator-border sep-single sep-solid\" style=\"--awb-height:20px;--awb-amount:20px;border-color:#e0dede;border-top-width:1px;\"><\/div><\/div><div class=\"fusion-sep-clear\"><\/div><div class=\"fusion-image-element fusion-image-align-right in-legacy-container\" style=\"text-align:right;--awb-max-width:150px;--awb-caption-title-font-family:var(--h2_typography-font-family);--awb-caption-title-font-weight:var(--h2_typography-font-weight);--awb-caption-title-font-style:var(--h2_typography-font-style);--awb-caption-title-size:var(--h2_typography-font-size);--awb-caption-title-transform:var(--h2_typography-text-transform);--awb-caption-title-line-height:var(--h2_typography-line-height);--awb-caption-title-letter-spacing:var(--h2_typography-letter-spacing);\"><span class=\" fusion-imageframe imageframe-none imageframe-3 hover-type-none\" style=\"margin-left:25px;float:right;\"><img decoding=\"async\" width=\"1227\" height=\"1228\" title=\"RG transparente\" src=\"https:\/\/antonioanaut.com\/wp-content\/uploads\/2024\/01\/RG-transparente-1.png\" alt class=\"img-responsive wp-image-4640\" srcset=\"https:\/\/antonioanaut.com\/wp-content\/uploads\/2024\/01\/RG-transparente-1-200x200.png 200w, https:\/\/antonioanaut.com\/wp-content\/uploads\/2024\/01\/RG-transparente-1-400x400.png 400w, https:\/\/antonioanaut.com\/wp-content\/uploads\/2024\/01\/RG-transparente-1-600x600.png 600w, https:\/\/antonioanaut.com\/wp-content\/uploads\/2024\/01\/RG-transparente-1-800x801.png 800w, https:\/\/antonioanaut.com\/wp-content\/uploads\/2024\/01\/RG-transparente-1-1200x1201.png 1200w, https:\/\/antonioanaut.com\/wp-content\/uploads\/2024\/01\/RG-transparente-1.png 1227w\" sizes=\"(max-width: 800px) 100vw, 600px\" \/><\/span><\/div><div class=\"fusion-clearfix\"><\/div><\/div><\/div><\/div><\/div><\/p>\n","protected":false},"excerpt":{"rendered":"","protected":false},"author":1,"featured_media":0,"parent":606,"menu_order":0,"comment_status":"closed","ping_status":"closed","template":"","meta":{"_acf_changed":false,"footnotes":""},"class_list":["post-3484","page","type-page","status-publish","hentry"],"acf":[],"_links":{"self":[{"href":"https:\/\/antonioanaut.com\/fr\/wp-json\/wp\/v2\/pages\/3484","targetHints":{"allow":["GET"]}}],"collection":[{"href":"https:\/\/antonioanaut.com\/fr\/wp-json\/wp\/v2\/pages"}],"about":[{"href":"https:\/\/antonioanaut.com\/fr\/wp-json\/wp\/v2\/types\/page"}],"author":[{"embeddable":true,"href":"https:\/\/antonioanaut.com\/fr\/wp-json\/wp\/v2\/users\/1"}],"replies":[{"embeddable":true,"href":"https:\/\/antonioanaut.com\/fr\/wp-json\/wp\/v2\/comments?post=3484"}],"version-history":[{"count":7,"href":"https:\/\/antonioanaut.com\/fr\/wp-json\/wp\/v2\/pages\/3484\/revisions"}],"predecessor-version":[{"id":5831,"href":"https:\/\/antonioanaut.com\/fr\/wp-json\/wp\/v2\/pages\/3484\/revisions\/5831"}],"up":[{"embeddable":true,"href":"https:\/\/antonioanaut.com\/fr\/wp-json\/wp\/v2\/pages\/606"}],"wp:attachment":[{"href":"https:\/\/antonioanaut.com\/fr\/wp-json\/wp\/v2\/media?parent=3484"}],"curies":[{"name":"wp","href":"https:\/\/api.w.org\/{rel}","templated":true}]}}