{"id":2504,"date":"2021-09-20T15:48:11","date_gmt":"2021-09-20T15:48:11","guid":{"rendered":"https:\/\/antonioanaut.com\/politica-de-cookies\/"},"modified":"2021-10-18T20:55:09","modified_gmt":"2021-10-18T20:55:09","slug":"politique-en-matiere-de-cookies","status":"publish","type":"page","link":"https:\/\/antonioanaut.com\/fr\/politique-en-matiere-de-cookies\/","title":{"rendered":"Politique en mati\u00e8re de cookies"},"content":{"rendered":"<h1>Politique en mati\u00e8re de cookies<\/h1>\n<h2>Types de cookies<br \/>\n1. D\u00e9finition et fonction g\u00e9n\u00e9rique des cookies<\/h2>\n<p>L&rsquo;objectif de cette politique est de vous informer de mani\u00e8re claire et d\u00e9taill\u00e9e sur ce qu&rsquo;est un cookie, son objectif, le type de cookies que nous utilisons et comment les configurer ou les d\u00e9sactiver.<\/p>\n<h3>Que sont les cookies ?<\/h3>\n<p>Ce site web utilise des cookies et\/ou des technologies similaires qui stockent et r\u00e9cup\u00e8rent des informations sur ceux qui naviguent sur notre site web. Un cookie est un petit fichier texte qui est stock\u00e9 dans le navigateur utilis\u00e9 et dont le but principal est de se rappeler qui a d\u00e9j\u00e0 visit\u00e9 la page, de permettre ou de faciliter la navigation, de stocker des informations sur vos pr\u00e9f\u00e9rences, d&rsquo;analyser la fa\u00e7on dont vous interagissez, de mesurer l&rsquo;utilisation que vous faites des services fournis par le site web et de pouvoir les am\u00e9liorer. Parfois, ils seront \u00e9galement utilis\u00e9s pour vous montrer des publicit\u00e9s bas\u00e9es sur vos habitudes de navigation et votre profil.<\/p>\n<p>En g\u00e9n\u00e9ral, les cookies peuvent \u00eatre utilis\u00e9s \u00e0 des fins tr\u00e8s diff\u00e9rentes, comme, par exemple, reconna\u00eetre l&rsquo;utilisateur, obtenir des informations sur vos habitudes de navigation ou personnaliser la mani\u00e8re dont le contenu est affich\u00e9.<\/p>\n<h3>\u00c0 quoi servent les cookies sur ce site web?<\/h3>\n<p>Nous ne stockons pas, dans les cookies que nous utilisons, d&rsquo;informations sensibles permettant de vous identifier de mani\u00e8re directe, telles que votre adresse, votre mot de passe, les d\u00e9tails de votre carte de cr\u00e9dit ou de d\u00e9bit, etc.<\/p>\n<p>Les utilisations sp\u00e9cifiques que nous faisons de ces technologies sont d\u00e9crites ci-dessous.<\/p>\n<h2>2. des informations sur le type de cookies utilis\u00e9s et leur finalit\u00e9.<\/h2>\n<p>Conform\u00e9ment aux dispositions de la loi sur les services de la soci\u00e9t\u00e9 de l&rsquo;information et du commerce \u00e9lectronique et conform\u00e9ment aux directives \u00e9tablies par l&rsquo;Agence espagnole de protection des donn\u00e9es, nous vous informons, dans la section suivante, des cookies existants sur notre site web.<\/p>\n<h2>3. Identification de ceux qui utilisent les cookies<\/h2>\n<p>Selon la personne qui utilise les cookies, il peut s&rsquo;agir de cookies de premi\u00e8re partie ou de tiers.<\/p>\n<p><strong>Propres: <\/strong>Ce sont ceux qui sont envoy\u00e9s \u00e0 l&rsquo;\u00e9quipement terminal de l&rsquo;utilisateur \u00e0 partir d&rsquo;un ordinateur ou d&rsquo;un domaine g\u00e9r\u00e9 par l&rsquo;\u00e9diteur lui-m\u00eame et \u00e0 partir duquel le service demand\u00e9 par l&rsquo;utilisateur est fourni.<\/p>\n<p><strong>Tiers: <\/strong>Ce sont ceux qui sont envoy\u00e9s \u00e0 l&rsquo;\u00e9quipement terminal de l&rsquo;utilisateur depuis un ordinateur ou un domaine qui n&rsquo;est pas g\u00e9r\u00e9 par l&rsquo;\u00e9diteur, mais par une autre entit\u00e9 qui traite les donn\u00e9es obtenues \u00e0 travers les cookies.<\/p>\n<h2>4. Types de cookies<\/h2>\n<p>Afin de vous permettre de donner votre consentement en toute connaissance de cause, voici une description de chaque type de cookie et de sa finalit\u00e9.<\/p>\n<p><strong> Les cookies techniques<\/strong> permettent \u00e0 l&rsquo;utilisateur de naviguer sur un site web, une plateforme ou une application et d&rsquo;utiliser les diff\u00e9rentes options ou services qui y existent, y compris la gestion et le fonctionnement du site web et permettent ses fonctions et services, comme, par exemple, l&rsquo;identification de la session, l&rsquo;acc\u00e8s aux zones d&rsquo;acc\u00e8s restreint, la m\u00e9morisation des \u00e9l\u00e9ments qui composent une commande, la r\u00e9alisation du processus d&rsquo;achat d&rsquo;une commande, la gestion du paiement, etc. Le site web ne peut pas fonctionner correctement sans ces cookies, c&rsquo;est pourquoi ils sont consid\u00e9r\u00e9s comme n\u00e9cessaires et ne n\u00e9cessitent pas votre consentement.<\/p>\n<p> <strong> Les cookies de pr\u00e9f\u00e9rence<\/strong> ou <strong>de personnalisation<\/strong> Les cookies de pr\u00e9f\u00e9rence ou de personnalisation permettent au site web de m\u00e9moriser des informations qui modifient le comportement ou l&rsquo;aspect de la page afin que l&rsquo;utilisateur acc\u00e8de au service avec certaines caract\u00e9ristiques qui peuvent diff\u00e9rencier ses choix d&rsquo;utilisation du site web de ceux des autres utilisateurs, comme, par exemple, la langue, le nombre de r\u00e9sultats \u00e0 afficher lorsque l&rsquo;utilisateur effectue une recherche ou la r\u00e9gion dans laquelle il se trouve. Si c&rsquo;est l&rsquo;utilisateur lui-m\u00eame qui choisit ces caract\u00e9ristiques, par exemple en marquant le drapeau de la langue, on consid\u00e8re qu&rsquo;il s&rsquo;agit d&rsquo;un service express\u00e9ment demand\u00e9 pour autant que les cookies ob\u00e9issent exclusivement \u00e0 l&rsquo;objectif de personnalisation s\u00e9lectionn\u00e9. Comme dans le cas pr\u00e9c\u00e9dent, ces cookies ne n\u00e9cessitent pas votre consentement.<\/p>\n<p> <strong> Les cookies d&rsquo;analyse<\/strong> ou <strong>de mesure<\/strong> sont ceux qui nous permettent de comprendre comment les visiteurs interagissent avec les pages web et de r\u00e9aliser ainsi une analyse statistique de l&rsquo;utilisation faite par les utilisateurs du site web des services fournis. Les informations recueillies sont utilis\u00e9es pour mesurer l&rsquo;activit\u00e9 du site web ou de l&rsquo;application afin d&rsquo;introduire des am\u00e9liorations dans les produits et services offerts par le responsable.<\/p>\n<p> <strong> Les cookies de marketing<\/strong> ou <strong>de publicit\u00e9 comportementale<\/strong> stockent des informations sur le comportement des utilisateurs obtenues par l&rsquo;observation continue de leurs habitudes de navigation, ce qui nous permet de d\u00e9velopper un profil sp\u00e9cifique pour montrer des publicit\u00e9s pertinentes et attrayantes pour l&rsquo;utilisateur individuel, et donc, plus pr\u00e9cieuses pour les annonceurs tiers.<\/p>\n<p>Nous utilisons nos propres cookies et des cookies tiers techniques, de personnalisation, analytiques et publicitaires aux fins \u00e9nonc\u00e9es dans la d\u00e9claration de cookies suivante:<\/p>\n<p>&nbsp;<\/p>\n<table class=\"table\">\n<thead>\n<tr>\n<td><strong>TYPE<\/strong><\/td>\n<td><strong>NOM<\/strong><\/td>\n<td><strong>OBJET<\/strong><\/td>\n<td><strong>EXPIRATION<\/strong><\/td>\n<td><strong>PROPRE\/TIERS<\/strong><\/td>\n<\/tr>\n<\/thead>\n<tbody>\n<tr>\n<td>TECHNIQUE<\/td>\n<td>woocommerce_cart_hash<\/td>\n<td>Aide WooCommerce \u00e0 d\u00e9terminer quand le contenu du panier\/les donn\u00e9es changent.<\/td>\n<td>Session<\/td>\n<td>PROPRE<\/td>\n<\/tr>\n<tr>\n<td>TECHNIQUE<\/td>\n<td>woocommerce_items_in_cart<\/td>\n<td>Aide WooCommerce \u00e0 d\u00e9terminer quand le contenu du panier\/les donn\u00e9es changent.<\/td>\n<td>Session<\/td>\n<td>PROPRE<\/td>\n<\/tr>\n<tr>\n<td>TECHNIQUE<\/td>\n<td>wp_woocommerce_session_<\/td>\n<td>Contient un code unique pour chaque client pour savoir o\u00f9 trouver les donn\u00e9es du panier dans la base de donn\u00e9es pour chaque client.<\/td>\n<td>2 jours<\/td>\n<td>PROPRE<\/td>\n<\/tr>\n<tr>\n<td>TECHNIQUE<\/td>\n<td>wp-wpml_current_language<\/td>\n<td>Cookie du plugin WPML pour stocker la configuration de la langue.<\/td>\n<td>1 jour<\/td>\n<td>PROPRE<\/td>\n<\/tr>\n<tr>\n<td>TECHNIQUE<\/td>\n<td>wordpress_sec_<\/td>\n<td>Cookie fonctionnel utilis\u00e9 par WordPress pour maintenir la session d&rsquo;un utilisateur enregistr\u00e9.<\/td>\n<td>Session<\/td>\n<td>PROPRE<\/td>\n<\/tr>\n<tr>\n<td>TECHNIQUE<\/td>\n<td>wordpress_test_cookie<\/td>\n<td>Ce cookie est utilis\u00e9 par le gestionnaire de contenu WordPress pour v\u00e9rifier si le navigateur a activ\u00e9 les cookies.<\/td>\n<td>Session<\/td>\n<td>PROPRE<\/td>\n<\/tr>\n<tr>\n<td>TECHNIQUE<\/td>\n<td>cookie_notice_accepted<\/td>\n<td>Ce cookie m\u00e9morise si le message d&rsquo;avertissement de cookie a \u00e9t\u00e9 accept\u00e9 afin de ne plus l&rsquo;afficher tant qu&rsquo;il est actif.<\/td>\n<td>15 jours<\/td>\n<td>PROPRE<\/td>\n<\/tr>\n<tr>\n<td>ANALYSE<\/td>\n<td>_fbp<\/td>\n<td>Facebook utilis\u00e9 pour collecter<br \/>\nstatistiques sur les visites du site et les performances des campagnes publicitaires<\/td>\n<td>1 jour<\/td>\n<td>TIERCES (Facebook)<\/td>\n<\/tr>\n<tr>\n<td>ANALYSE<\/td>\n<td>_ga<\/td>\n<td>Le cookie _ga, d\u00e9fini par Google Analytics, calcule les donn\u00e9es relatives aux visiteurs, aux sessions et aux campagnes et suit \u00e9galement l&rsquo;utilisation du site pour les rapports d&rsquo;analyse du site. Ce cookie stocke des informations de mani\u00e8re anonyme et attribue un num\u00e9ro g\u00e9n\u00e9r\u00e9 de mani\u00e8re al\u00e9atoire pour reconna\u00eetre les visiteurs uniques.<\/td>\n<td>2 ans<\/td>\n<td>TIERCES (Google)<\/td>\n<\/tr>\n<tr>\n<td>ANALYSE<\/td>\n<td>_gid<\/td>\n<td>D\u00e9fini par Google Analytics, le cookie _gid stocke des informations sur la fa\u00e7on dont les visiteurs utilisent un site Web, tout en cr\u00e9ant un rapport d&rsquo;analyse sur les performances du site. Certaines des donn\u00e9es collect\u00e9es comprennent le nombre de visiteurs, leur provenance et les pages qu&rsquo;ils visitent de mani\u00e8re anonyme.<\/td>\n<td>1 jour<\/td>\n<td>TIERCES (Google)<\/td>\n<\/tr>\n<\/tbody>\n<\/table>\n<p>Pour les cookies analytiques et publicitaires, nous avons besoin de votre consentement, que nous pouvons obtenir en cliquant sur le bouton \u00ab\u00a0J&rsquo;accepte\u00a0\u00bb dans le message d&rsquo;information affich\u00e9 lorsque vous acc\u00e9dez \u00e0 notre site web.<\/p>\n<p>Si vous d\u00e9sactivez les cookies, vous pourrez toujours acc\u00e9der au site web, mais la navigation sur le site peut ne pas \u00eatre optimale et certains des services propos\u00e9s peuvent ne pas fonctionner correctement.<\/p>\n<p>Vous pouvez autoriser, bloquer ou supprimer les cookies install\u00e9s sur votre appareil via le menu de configuration de votre navigateur internet, qui peut \u00eatre configur\u00e9 pour bloquer les cookies ou alerter l&rsquo;utilisateur lorsqu&rsquo;un serveur veut l&rsquo;enregistrer. Les liens suivants fournissent des informations sur la mani\u00e8re de configurer et\/ou de d\u00e9sactiver les cookies pour chacun des principaux navigateurs du march\u00e9, afin que l&rsquo;utilisateur puisse d\u00e9cider d&rsquo;accepter ou non l&rsquo;utilisation de cookies.<\/p>\n<ul>\n<li><a href=\"https:\/\/support.microsoft.com\/es-es\/help\/17442\/windows-internet-explorer-delete-manage-cookies\" target=\"{wpml_trans_unit_1_0_45_0_0_-1_1}\" rel=\"{wpml_trans_unit_1_0_45_0_0_-1_2} noopener noreferrer\">Microsoft Internet Explorer<\/a>: menu Outils &gt; Options Internet &gt; Confidentialit\u00e9 &gt; Param\u00e8tres.<\/li>\n<li><a href=\"https:\/\/support.mozilla.org\/es\/kb\/habilitar-y-deshabilitar-cookies-sitios-web-rastrear-preferencias?redirectlocale=es&amp;redirectslug=habilitar-y-deshabilitar-cookies-que-los-sitios-we\" target=\"{wpml_trans_unit_1_0_45_1_0_-1_1}\" rel=\"{wpml_trans_unit_1_0_45_1_0_-1_2} noopener noreferrer\">Firefox<\/a>: menu Outils &gt; Options &gt; Confidentialit\u00e9 &gt; Cookies.<\/li>\n<li><a href=\"https:\/\/support.google.com\/accounts\/answer\/61416?hl=es\" target=\"{wpml_trans_unit_1_0_45_2_0_-1_1}\" rel=\"{wpml_trans_unit_1_0_45_2_0_-1_2} noopener noreferrer\">Chrome<\/a>: menu Options &gt; Options avanc\u00e9es &gt; Confidentialit\u00e9.<\/li>\n<li><a href=\"https:\/\/support.apple.com\/es-es\/guide\/safari\/sfri11471\/mac\" target=\"{wpml_trans_unit_1_0_45_3_0_-1_1}\" rel=\"{wpml_trans_unit_1_0_45_3_0_-1_2} noopener noreferrer\">Safari:<\/a> menu Pr\u00e9f\u00e9rences\/Privacy.<\/li>\n<li><a href=\"https:\/\/support.apple.com\/es-es\/HT201265\" target=\"{wpml_trans_unit_1_0_45_4_0_-1_1}\" rel=\"{wpml_trans_unit_1_0_45_4_0_-1_2} noopener noreferrer\">Safari pour IOS<\/a> (iPhone et iPad): Param\u00e8tres &gt; option Safari<\/li>\n<li><a href=\"https:\/\/support.google.com\/chrome\/answer\/95647?co=GENIE.Platform%3DAndroid&amp;hl=es-419\" target=\"{wpml_trans_unit_1_0_45_5_0_-1_1}\" rel=\"{wpml_trans_unit_1_0_45_5_0_-1_2} noopener noreferrer\">Chrome pour Android<\/a>: Param\u00e8tres &gt; Param\u00e8tres du site Web &gt; Cookies<\/li>\n<\/ul>\n","protected":false},"excerpt":{"rendered":"<p>Politique en mati\u00e8re de cookies Types de cookies 1. D\u00e9finition  [&#8230;]<\/p>\n","protected":false},"author":1,"featured_media":0,"parent":0,"menu_order":0,"comment_status":"closed","ping_status":"open","template":"","meta":{"_acf_changed":false,"footnotes":""},"class_list":["post-2504","page","type-page","status-publish","hentry"],"acf":[],"_links":{"self":[{"href":"https:\/\/antonioanaut.com\/fr\/wp-json\/wp\/v2\/pages\/2504","targetHints":{"allow":["GET"]}}],"collection":[{"href":"https:\/\/antonioanaut.com\/fr\/wp-json\/wp\/v2\/pages"}],"about":[{"href":"https:\/\/antonioanaut.com\/fr\/wp-json\/wp\/v2\/types\/page"}],"author":[{"embeddable":true,"href":"https:\/\/antonioanaut.com\/fr\/wp-json\/wp\/v2\/users\/1"}],"replies":[{"embeddable":true,"href":"https:\/\/antonioanaut.com\/fr\/wp-json\/wp\/v2\/comments?post=2504"}],"version-history":[{"count":1,"href":"https:\/\/antonioanaut.com\/fr\/wp-json\/wp\/v2\/pages\/2504\/revisions"}],"predecessor-version":[{"id":2505,"href":"https:\/\/antonioanaut.com\/fr\/wp-json\/wp\/v2\/pages\/2504\/revisions\/2505"}],"wp:attachment":[{"href":"https:\/\/antonioanaut.com\/fr\/wp-json\/wp\/v2\/media?parent=2504"}],"curies":[{"name":"wp","href":"https:\/\/api.w.org\/{rel}","templated":true}]}}