{"id":2298,"date":"2021-09-22T06:27:53","date_gmt":"2021-09-22T06:27:53","guid":{"rendered":"https:\/\/antonioanaut.com\/?page_id=2298"},"modified":"2025-05-09T14:09:01","modified_gmt":"2025-05-09T12:09:01","slug":"polvoron-traditionnel-kraft","status":"publish","type":"page","link":"https:\/\/antonioanaut.com\/fr\/patisserie-traditionnelle\/polvoron-traditionnel-kraft\/","title":{"rendered":"POLVORON TRADITIONNEL KRAFT"},"content":{"rendered":"<p><div class=\"fusion-fullwidth fullwidth-box fusion-builder-row-1 nonhundred-percent-fullwidth non-hundred-percent-height-scrolling\" style=\"--awb-border-radius-top-left:0px;--awb-border-radius-top-right:0px;--awb-border-radius-bottom-right:0px;--awb-border-radius-bottom-left:0px;--awb-flex-wrap:wrap;\" ><div class=\"fusion-builder-row fusion-row\"><div class=\"fusion-layout-column fusion_builder_column fusion-builder-column-0 fusion_builder_column_1_1 1_1 fusion-one-full fusion-column-first fusion-column-last\" style=\"--awb-bg-size:cover;\"><div class=\"fusion-column-wrapper fusion-flex-column-wrapper-legacy\"><div class=\"fusion-title title fusion-title-1 fusion-sep-none fusion-title-text fusion-title-size-one\"><h1 class=\"fusion-title-heading title-heading-left fusion-responsive-typography-calculated\" style=\"margin:0;--fontSize:40;line-height:1.4;\">Polvoron traditionnel<\/h1><\/div><div class=\"fusion-image-element fusion-image-align-center in-legacy-container\" style=\"text-align:center;--awb-caption-title-font-family:var(--h2_typography-font-family);--awb-caption-title-font-weight:var(--h2_typography-font-weight);--awb-caption-title-font-style:var(--h2_typography-font-style);--awb-caption-title-size:var(--h2_typography-font-size);--awb-caption-title-transform:var(--h2_typography-text-transform);--awb-caption-title-line-height:var(--h2_typography-line-height);--awb-caption-title-letter-spacing:var(--h2_typography-letter-spacing);\"><div class=\"imageframe-align-center\"><span class=\" fusion-imageframe imageframe-none imageframe-1 hover-type-none\"><img decoding=\"async\" width=\"2560\" height=\"1920\" alt=\"Dulce tradicional Antonio Anaut\" title=\"Caja Kraft abierta\" src=\"https:\/\/antonioanaut.com\/wp-content\/uploads\/2020\/07\/Caja-Kraft-abierta-scaled.jpg\" class=\"img-responsive wp-image-1699\" srcset=\"https:\/\/antonioanaut.com\/wp-content\/uploads\/2020\/07\/Caja-Kraft-abierta-200x150.jpg 200w, https:\/\/antonioanaut.com\/wp-content\/uploads\/2020\/07\/Caja-Kraft-abierta-400x300.jpg 400w, https:\/\/antonioanaut.com\/wp-content\/uploads\/2020\/07\/Caja-Kraft-abierta-600x450.jpg 600w, https:\/\/antonioanaut.com\/wp-content\/uploads\/2020\/07\/Caja-Kraft-abierta-800x600.jpg 800w, https:\/\/antonioanaut.com\/wp-content\/uploads\/2020\/07\/Caja-Kraft-abierta-1200x900.jpg 1200w, https:\/\/antonioanaut.com\/wp-content\/uploads\/2020\/07\/Caja-Kraft-abierta-scaled.jpg 2560w\" sizes=\"(max-width: 800px) 100vw, 1200px\" \/><\/span><\/div><\/div><div class=\"fusion-text fusion-text-1\"><p style=\"text-align: center;\">Au doux ar\u00f4me naturel de cannelle. Leur \u00e9laboration soigneuse leur donne une texture d\u00e9licate extraordinaire, incroyablement facile \u00e0 manger. Ils nous ram\u00e8nent aux saveurs d\u2019antan, tout en continuant \u00e0 faire la joie des enfants. Ils sont beaucoup plus l\u00e9gers qu\u2019il n\u2019y para\u00eet. Nous les enveloppons individuellement dans du papier de soie.<\/p>\n<p style=\"text-align: center;\"><b><span lang=\"FR\">Ils sont sans lait (sans lactose, sans prot\u00e9ines de lait) et sans fruits secs.<\/span><\/b><\/p>\n<p style=\"text-align: center;\">Il existe d\u00e9sormais \u00e9galement un <a href=\"https:\/\/antonioanaut.com\/fr\/patisserie-traditionnelle\/polvoron-a-larome-de-citron\/\">polvoron \u00e0 l\u2019ar\u00f4me de citron<\/a> et un <a href=\"https:\/\/antonioanaut.com\/fr\/patisserie-traditionnelle\/polvoron-au-cacao\/\">polvoron au cacao<\/a>.<\/p>\n<\/div><div class=\"fusion-clearfix\"><\/div><\/div><\/div><\/div><\/div><div class=\"fusion-fullwidth fullwidth-box fusion-builder-row-2 nonhundred-percent-fullwidth non-hundred-percent-height-scrolling\" style=\"--awb-border-radius-top-left:0px;--awb-border-radius-top-right:0px;--awb-border-radius-bottom-right:0px;--awb-border-radius-bottom-left:0px;--awb-flex-wrap:wrap;\" ><div class=\"fusion-builder-row fusion-row\"><div class=\"fusion-layout-column fusion_builder_column fusion-builder-column-1 fusion_builder_column_1_3 1_3 fusion-one-third fusion-column-first\" style=\"--awb-bg-size:cover;width:33.333333333333%;width:calc(33.333333333333% - ( ( 4% + 4% ) * 0.33333333333333 ) );margin-right: 4%;\"><div class=\"fusion-column-wrapper fusion-flex-column-wrapper-legacy\"><div class=\"fusion-clearfix\"><\/div><\/div><\/div><div class=\"fusion-layout-column fusion_builder_column fusion-builder-column-2 fusion_builder_column_1_3 1_3 fusion-one-third\" style=\"--awb-padding-right:4%;--awb-padding-left:4%;--awb-bg-size:cover;width:33.333333333333%;width:calc(33.333333333333% - ( ( 4% + 4% ) * 0.33333333333333 ) );margin-right: 4%;\"><div class=\"fusion-column-wrapper fusion-flex-column-wrapper-legacy\"><div class=\"fusion-clearfix\"><\/div><\/div><\/div><div class=\"fusion-layout-column fusion_builder_column fusion-builder-column-3 fusion_builder_column_1_3 1_3 fusion-one-third fusion-column-last\" style=\"--awb-bg-size:cover;width:33.333333333333%;width:calc(33.333333333333% - ( ( 4% + 4% ) * 0.33333333333333 ) );\"><div class=\"fusion-column-wrapper fusion-flex-column-wrapper-legacy\"><div class=\"fusion-clearfix\"><\/div><\/div><\/div><\/div><\/div><div class=\"fusion-fullwidth fullwidth-box fusion-builder-row-3 nonhundred-percent-fullwidth non-hundred-percent-height-scrolling\" style=\"--awb-border-radius-top-left:0px;--awb-border-radius-top-right:0px;--awb-border-radius-bottom-right:0px;--awb-border-radius-bottom-left:0px;--awb-flex-wrap:wrap;\" ><div class=\"fusion-builder-row fusion-row\"><div class=\"fusion-layout-column fusion_builder_column fusion-builder-column-4 fusion_builder_column_1_2 1_2 fusion-one-half fusion-column-first\" style=\"--awb-bg-size:cover;width:50%;width:calc(50% - ( ( 4% ) * 0.5 ) );margin-right: 4%;\"><div class=\"fusion-column-wrapper fusion-flex-column-wrapper-legacy\"><div class=\"fusion-text fusion-text-2\"><h3>Ingr\u00e9dients<\/h3>\n<\/div><div class=\"fusion-text fusion-text-3\"><p style=\"text-align: left;\">Farine de BL\u00c9, sucre, saindoux de porc et ar\u00f4me de cannelle.<\/p>\n<p><strong>Contient du gluten. <\/strong><\/p>\n<p id=\"tw-target-text\" class=\"tw-data-text tw-text-large tw-ta\" dir=\"ltr\" data-placeholder=\"Traducci\u00f3n\" data-ved=\"2ahUKEwiGps_r65WNAxXyAfsDHcBiE0AQ3ewLegQICRAV\" aria-label=\"Texto traducido: Peut contenir des traces d'\u0153uf, de soja et de moutarde.\"><strong><span class=\"Y2IQFc\" lang=\"fr\">Peut contenir des traces d&rsquo;\u0153uf, de soja et de moutarde.<\/span><\/strong><\/p>\n<p><strong>Sans colorants ni conservateurs.<\/strong><\/p>\n<p style=\"text-align: left;\"><strong>\u00a0<\/strong><\/p>\n<\/div><div class=\"fusion-text fusion-text-4\"><h3>Information nutritionnelle pour 100 g<\/h3>\n<\/div>\n<div class=\"table-1\">\n<table width=\"100%\">\n<tbody>\n<tr>\n<td align=\"left\">Valeur \u00e9nerg\u00e9tique<\/td>\n<td style=\"text-align: right;\" align=\"left\">2.091 KJ \/ 498,8 kcal.<\/td>\n<\/tr>\n<tr>\n<td align=\"left\">Graisses<\/td>\n<td style=\"text-align: right;\" align=\"left\">22 g<\/td>\n<\/tr>\n<tr>\n<td align=\"left\">dont acides gras satur\u00e9s<\/td>\n<td style=\"text-align: right;\" align=\"left\">10,3 g<\/td>\n<\/tr>\n<tr>\n<td align=\"left\">Hydrates de carbone<\/td>\n<td style=\"text-align: right;\" align=\"left\">68,8 g<\/td>\n<\/tr>\n<tr>\n<td align=\"left\">dont sucres<\/td>\n<td style=\"text-align: right;\" align=\"left\">31,7 g<\/td>\n<\/tr>\n<tr>\n<td align=\"left\">Prot\u00e9ines<\/td>\n<td style=\"text-align: right;\" align=\"left\">5,17 g<\/td>\n<\/tr>\n<tr>\n<td align=\"left\">Sel<\/td>\n<td style=\"text-align: right;\" align=\"left\">&lt;0,01 g<\/td>\n<\/tr>\n<\/tbody>\n<\/table>\n<\/div>\n<div class=\"fusion-text fusion-text-5\"><p><strong>Format: Sachet 300 g<\/strong><\/p>\n<\/div><div class=\"fusion-alignleft\"><a class=\"fusion-button button-flat button-small button-default fusion-button-default button-1 fusion-button-default-span \" target=\"_self\" href=\"https:\/\/antonioanaut.com\/fr\/producto\/polvoron-traditionnel-kraft\/\"><span class=\"fusion-button-text awb-button__text awb-button__text--default\">ACHETER<\/span><\/a><\/div><div class=\"fusion-clearfix\"><\/div><\/div><\/div><div class=\"fusion-layout-column fusion_builder_column fusion-builder-column-5 fusion_builder_column_1_2 1_2 fusion-one-half fusion-column-last\" style=\"--awb-bg-size:cover;width:50%;width:calc(50% - ( ( 4% ) * 0.5 ) );\"><div class=\"fusion-column-wrapper fusion-flex-column-wrapper-legacy\"><div class=\"fusion-image-element fusion-image-align-center in-legacy-container\" style=\"text-align:center;--awb-caption-title-font-family:var(--h2_typography-font-family);--awb-caption-title-font-weight:var(--h2_typography-font-weight);--awb-caption-title-font-style:var(--h2_typography-font-style);--awb-caption-title-size:var(--h2_typography-font-size);--awb-caption-title-transform:var(--h2_typography-text-transform);--awb-caption-title-line-height:var(--h2_typography-line-height);--awb-caption-title-letter-spacing:var(--h2_typography-letter-spacing);\"><div class=\"imageframe-align-center\"><span class=\" fusion-imageframe imageframe-none imageframe-2 hover-type-none\"><img decoding=\"async\" width=\"800\" height=\"600\" alt=\"cajita polvoron \" title=\"Cajita Kraft\" src=\"https:\/\/antonioanaut.com\/wp-content\/uploads\/2020\/09\/Cajita-Kraft.jpg\" class=\"img-responsive wp-image-1733\" srcset=\"https:\/\/antonioanaut.com\/wp-content\/uploads\/2020\/09\/Cajita-Kraft-200x150.jpg 200w, https:\/\/antonioanaut.com\/wp-content\/uploads\/2020\/09\/Cajita-Kraft-400x300.jpg 400w, https:\/\/antonioanaut.com\/wp-content\/uploads\/2020\/09\/Cajita-Kraft-600x450.jpg 600w, https:\/\/antonioanaut.com\/wp-content\/uploads\/2020\/09\/Cajita-Kraft.jpg 800w\" sizes=\"(max-width: 800px) 100vw, 600px\" \/><\/span><\/div><\/div><div class=\"fusion-sep-clear\"><\/div><div class=\"fusion-separator fusion-full-width-sep\" style=\"margin-left: auto;margin-right: auto;margin-top:-10px;margin-bottom:20px;width:100%;\"><div class=\"fusion-separator-border sep-single sep-solid\" style=\"--awb-height:20px;--awb-amount:20px;border-color:#e0dede;border-top-width:1px;\"><\/div><\/div><div class=\"fusion-sep-clear\"><\/div><div class=\"fusion-image-element fusion-image-align-right in-legacy-container\" style=\"text-align:right;--awb-max-width:150px;--awb-caption-title-font-family:var(--h2_typography-font-family);--awb-caption-title-font-weight:var(--h2_typography-font-weight);--awb-caption-title-font-style:var(--h2_typography-font-style);--awb-caption-title-size:var(--h2_typography-font-size);--awb-caption-title-transform:var(--h2_typography-text-transform);--awb-caption-title-line-height:var(--h2_typography-line-height);--awb-caption-title-letter-spacing:var(--h2_typography-letter-spacing);\"><span class=\" fusion-imageframe imageframe-none imageframe-3 hover-type-none\" style=\"margin-left:25px;float:right;\"><img decoding=\"async\" width=\"1227\" height=\"1228\" title=\"RG transparente\" src=\"https:\/\/antonioanaut.com\/wp-content\/uploads\/2024\/01\/RG-transparente-1.png\" alt class=\"img-responsive wp-image-4640\" srcset=\"https:\/\/antonioanaut.com\/wp-content\/uploads\/2024\/01\/RG-transparente-1-200x200.png 200w, https:\/\/antonioanaut.com\/wp-content\/uploads\/2024\/01\/RG-transparente-1-400x400.png 400w, https:\/\/antonioanaut.com\/wp-content\/uploads\/2024\/01\/RG-transparente-1-600x600.png 600w, https:\/\/antonioanaut.com\/wp-content\/uploads\/2024\/01\/RG-transparente-1-800x801.png 800w, https:\/\/antonioanaut.com\/wp-content\/uploads\/2024\/01\/RG-transparente-1-1200x1201.png 1200w, https:\/\/antonioanaut.com\/wp-content\/uploads\/2024\/01\/RG-transparente-1.png 1227w\" sizes=\"(max-width: 800px) 100vw, 600px\" \/><\/span><\/div><div class=\"fusion-clearfix\"><\/div><\/div><\/div><\/div><\/div><\/p>\n","protected":false},"excerpt":{"rendered":"","protected":false},"author":1,"featured_media":0,"parent":606,"menu_order":0,"comment_status":"closed","ping_status":"closed","template":"","meta":{"_acf_changed":false,"footnotes":""},"class_list":["post-2298","page","type-page","status-publish","hentry"],"acf":[],"_links":{"self":[{"href":"https:\/\/antonioanaut.com\/fr\/wp-json\/wp\/v2\/pages\/2298","targetHints":{"allow":["GET"]}}],"collection":[{"href":"https:\/\/antonioanaut.com\/fr\/wp-json\/wp\/v2\/pages"}],"about":[{"href":"https:\/\/antonioanaut.com\/fr\/wp-json\/wp\/v2\/types\/page"}],"author":[{"embeddable":true,"href":"https:\/\/antonioanaut.com\/fr\/wp-json\/wp\/v2\/users\/1"}],"replies":[{"embeddable":true,"href":"https:\/\/antonioanaut.com\/fr\/wp-json\/wp\/v2\/comments?post=2298"}],"version-history":[{"count":7,"href":"https:\/\/antonioanaut.com\/fr\/wp-json\/wp\/v2\/pages\/2298\/revisions"}],"predecessor-version":[{"id":5716,"href":"https:\/\/antonioanaut.com\/fr\/wp-json\/wp\/v2\/pages\/2298\/revisions\/5716"}],"up":[{"embeddable":true,"href":"https:\/\/antonioanaut.com\/fr\/wp-json\/wp\/v2\/pages\/606"}],"wp:attachment":[{"href":"https:\/\/antonioanaut.com\/fr\/wp-json\/wp\/v2\/media?parent=2298"}],"curies":[{"name":"wp","href":"https:\/\/api.w.org\/{rel}","templated":true}]}}