{"id":1576,"date":"2021-10-19T06:46:44","date_gmt":"2021-10-19T06:46:44","guid":{"rendered":"https:\/\/antonioanaut.com\/?page_id=1576"},"modified":"2021-10-26T10:32:14","modified_gmt":"2021-10-26T10:32:14","slug":"sans-sucre","status":"publish","type":"page","link":"https:\/\/antonioanaut.com\/fr\/sans-sucre\/","title":{"rendered":"SANS SUCRE"},"content":{"rendered":"<p><div class=\"fusion-fullwidth fullwidth-box fusion-builder-row-1 nonhundred-percent-fullwidth non-hundred-percent-height-scrolling\" style=\"--awb-border-radius-top-left:0px;--awb-border-radius-top-right:0px;--awb-border-radius-bottom-right:0px;--awb-border-radius-bottom-left:0px;--awb-flex-wrap:wrap;\" ><div class=\"fusion-builder-row fusion-row\"><div class=\"fusion-layout-column fusion_builder_column fusion-builder-column-0 fusion_builder_column_1_1 1_1 fusion-one-full fusion-column-first fusion-column-last\" style=\"--awb-bg-size:cover;\"><div class=\"fusion-column-wrapper fusion-flex-column-wrapper-legacy\"><div class=\"fusion-title title fusion-title-1 fusion-sep-none fusion-title-text fusion-title-size-one\"><h1 class=\"fusion-title-heading title-heading-left fusion-responsive-typography-calculated\" style=\"margin:0;--fontSize:40;line-height:1.4;\">Sans sucre<\/h1><\/div><div class=\"fusion-image-element fusion-image-align-center in-legacy-container\" style=\"text-align:center;--awb-caption-title-font-family:var(--h2_typography-font-family);--awb-caption-title-font-weight:var(--h2_typography-font-weight);--awb-caption-title-font-style:var(--h2_typography-font-style);--awb-caption-title-size:var(--h2_typography-font-size);--awb-caption-title-transform:var(--h2_typography-text-transform);--awb-caption-title-line-height:var(--h2_typography-line-height);--awb-caption-title-letter-spacing:var(--h2_typography-letter-spacing);\"><div class=\"imageframe-align-center\"><span class=\" fusion-imageframe imageframe-none imageframe-1 hover-type-none\"><img decoding=\"async\" width=\"1100\" height=\"825\" alt=\"Dulce tradicional Antonio Anaut\" title=\"BODEG\u00d3N SIN AZUC BLANCO\" src=\"https:\/\/antonioanaut.com\/wp-content\/uploads\/2020\/10\/BODEG\u00d3N-SIN-AZUC-BLANCO.jpg\" class=\"img-responsive wp-image-1757\" srcset=\"https:\/\/antonioanaut.com\/wp-content\/uploads\/2020\/10\/BODEG\u00d3N-SIN-AZUC-BLANCO-200x150.jpg 200w, https:\/\/antonioanaut.com\/wp-content\/uploads\/2020\/10\/BODEG\u00d3N-SIN-AZUC-BLANCO-400x300.jpg 400w, https:\/\/antonioanaut.com\/wp-content\/uploads\/2020\/10\/BODEG\u00d3N-SIN-AZUC-BLANCO-600x450.jpg 600w, https:\/\/antonioanaut.com\/wp-content\/uploads\/2020\/10\/BODEG\u00d3N-SIN-AZUC-BLANCO-800x600.jpg 800w, https:\/\/antonioanaut.com\/wp-content\/uploads\/2020\/10\/BODEG\u00d3N-SIN-AZUC-BLANCO.jpg 1100w\" sizes=\"(max-width: 800px) 100vw, 1100px\" \/><\/span><\/div><\/div><div class=\"fusion-text fusion-text-1\"><p style=\"text-align: center;\">Pour ceux qui ne peuvent ou ne veulent pas prendre de sucre.<\/p>\n<p style=\"text-align: center;\">En suivant nos recettes traditionnelles, nous proposons une vari\u00e9t\u00e9 de sucreries auxquelles nous n&rsquo;ajoutons pas de sucre.<\/p>\n<p style=\"text-align: center;\">Riche en \u0153ufs. Ils vous donnent de l&rsquo;\u00e9nergie \u00e0 tout moment de la journ\u00e9e.<\/p>\n<p style=\"text-align: center;\">Uniquement avec de l&rsquo;huile de tournesol et du maltitol.<\/p>\n<p style=\"text-align: center;\"><strong>Tous nos produits sont sans lait (sans lactose, sans prot\u00e9ines de lait) et sans fruits secs.<\/strong><\/p>\n<\/div><div class=\"fusion-image-element fusion-image-align-center in-legacy-container\" style=\"text-align:center;--awb-max-width:150px;--awb-caption-title-font-family:var(--h2_typography-font-family);--awb-caption-title-font-weight:var(--h2_typography-font-weight);--awb-caption-title-font-style:var(--h2_typography-font-style);--awb-caption-title-size:var(--h2_typography-font-size);--awb-caption-title-transform:var(--h2_typography-text-transform);--awb-caption-title-line-height:var(--h2_typography-line-height);--awb-caption-title-letter-spacing:var(--h2_typography-letter-spacing);\"><div class=\"imageframe-align-center\"><span class=\" fusion-imageframe imageframe-none imageframe-2 hover-type-none\"><img decoding=\"async\" width=\"254\" height=\"122\" title=\"ANAUT_REYNOGOURMET\" src=\"https:\/\/antonioanaut.com\/wp-content\/uploads\/2018\/07\/ANAUT_REYNOGOURMET.png\" alt class=\"img-responsive wp-image-56\" srcset=\"https:\/\/antonioanaut.com\/wp-content\/uploads\/2018\/07\/ANAUT_REYNOGOURMET-200x96.png 200w, https:\/\/antonioanaut.com\/wp-content\/uploads\/2018\/07\/ANAUT_REYNOGOURMET.png 254w\" sizes=\"(max-width: 800px) 100vw, 254px\" \/><\/span><\/div><\/div><div class=\"fusion-clearfix\"><\/div><\/div><\/div><\/div><\/div><div class=\"fusion-fullwidth fullwidth-box fusion-builder-row-2 lista-productos nonhundred-percent-fullwidth non-hundred-percent-height-scrolling fusion-equal-height-columns\" style=\"--awb-border-radius-top-left:0px;--awb-border-radius-top-right:0px;--awb-border-radius-bottom-right:0px;--awb-border-radius-bottom-left:0px;--awb-flex-wrap:wrap;\" ><div class=\"fusion-builder-row fusion-row\"><div class=\"fusion-layout-column fusion_builder_column fusion-builder-column-1 fusion_builder_column_1_3 1_3 fusion-one-third fusion-column-first fusion-column-inner-bg-wrapper\" style=\"--awb-inner-bg-size:cover;width:33.333333333333%;width:calc(33.333333333333% - ( ( 4% + 4% ) * 0.33333333333333 ) );margin-right: 4%;\"><span class=\"fusion-column-inner-bg hover-type-none\"><a class=\"fusion-column-anchor\" href=\"https:\/\/antonioanaut.com\/fr\/producto\/beignets-sans-sucre-ajoute\/\"><span class=\"fusion-column-inner-bg-image\"><\/span><\/a><\/span><div class=\"fusion-column-wrapper fusion-column-has-shadow fusion-flex-column-wrapper-legacy\"><div class=\"fusion-image-element fusion-image-align-center in-legacy-container\" style=\"text-align:center;--awb-caption-title-font-family:var(--h2_typography-font-family);--awb-caption-title-font-weight:var(--h2_typography-font-weight);--awb-caption-title-font-style:var(--h2_typography-font-style);--awb-caption-title-size:var(--h2_typography-font-size);--awb-caption-title-transform:var(--h2_typography-text-transform);--awb-caption-title-line-height:var(--h2_typography-line-height);--awb-caption-title-letter-spacing:var(--h2_typography-letter-spacing);\"><div class=\"imageframe-align-center\"><span class=\" fusion-imageframe imageframe-none imageframe-3 hover-type-none\"><img decoding=\"async\" width=\"270\" height=\"360\" alt=\"rosco sin az\u00facar\" title=\"ROSCOS SIN AZUCAR (1)\" src=\"https:\/\/antonioanaut.com\/wp-content\/uploads\/2020\/07\/ROSCOS-SIN-AZUCAR-1.jpg\" class=\"img-responsive wp-image-1596\" srcset=\"https:\/\/antonioanaut.com\/wp-content\/uploads\/2020\/07\/ROSCOS-SIN-AZUCAR-1-200x267.jpg 200w, https:\/\/antonioanaut.com\/wp-content\/uploads\/2020\/07\/ROSCOS-SIN-AZUCAR-1.jpg 270w\" sizes=\"(max-width: 800px) 100vw, 270px\" \/><\/span><\/div><\/div><div class=\"fusion-text fusion-text-2\"><h2 class=\"product_title entry-title fusion-responsive-typography-calculated\" style=\"text-align: center;\" data-fontsize=\"18\" data-lineheight=\"27px\">Beignets sans sucre ajout\u00e9<\/h2>\n<\/div><div class=\"fusion-clearfix\"><\/div><\/div><\/div><div class=\"fusion-layout-column fusion_builder_column fusion-builder-column-2 fusion_builder_column_1_3 1_3 fusion-one-third fusion-column-inner-bg-wrapper\" style=\"--awb-inner-bg-size:cover;width:33.333333333333%;width:calc(33.333333333333% - ( ( 4% + 4% ) * 0.33333333333333 ) );margin-right: 4%;\"><span class=\"fusion-column-inner-bg hover-type-none\"><a class=\"fusion-column-anchor\" href=\"https:\/\/antonioanaut.com\/fr\/producto\/tontita-sans-sucre\/\"><span class=\"fusion-column-inner-bg-image\"><\/span><\/a><\/span><div class=\"fusion-column-wrapper fusion-column-has-shadow fusion-flex-column-wrapper-legacy\"><div class=\"fusion-image-element fusion-image-align-center in-legacy-container\" style=\"text-align:center;--awb-caption-title-font-family:var(--h2_typography-font-family);--awb-caption-title-font-weight:var(--h2_typography-font-weight);--awb-caption-title-font-style:var(--h2_typography-font-style);--awb-caption-title-size:var(--h2_typography-font-size);--awb-caption-title-transform:var(--h2_typography-text-transform);--awb-caption-title-line-height:var(--h2_typography-line-height);--awb-caption-title-letter-spacing:var(--h2_typography-letter-spacing);\"><div class=\"imageframe-align-center\"><span class=\" fusion-imageframe imageframe-none imageframe-4 hover-type-none\"><img decoding=\"async\" width=\"750\" height=\"1000\" alt=\"Tontitas 0% az\u00facares\" title=\"TONTITAS SIN AZUCAR\" src=\"https:\/\/antonioanaut.com\/wp-content\/uploads\/2018\/11\/TONTITAS-SIN-AZUCAR.jpg\" class=\"img-responsive wp-image-1567\" srcset=\"https:\/\/antonioanaut.com\/wp-content\/uploads\/2018\/11\/TONTITAS-SIN-AZUCAR-200x267.jpg 200w, https:\/\/antonioanaut.com\/wp-content\/uploads\/2018\/11\/TONTITAS-SIN-AZUCAR-400x533.jpg 400w, https:\/\/antonioanaut.com\/wp-content\/uploads\/2018\/11\/TONTITAS-SIN-AZUCAR-600x800.jpg 600w, https:\/\/antonioanaut.com\/wp-content\/uploads\/2018\/11\/TONTITAS-SIN-AZUCAR.jpg 750w\" sizes=\"(max-width: 800px) 100vw, 400px\" \/><\/span><\/div><\/div><div class=\"fusion-text fusion-text-3\"><h2 class=\"title-heading-left fusion-responsive-typography-calculated\" style=\"text-align: center;\" data-fontsize=\"40\" data-lineheight=\"56px\">Tontita 0% sucre ajout\u00e9<\/h2>\n<\/div><div class=\"fusion-clearfix\"><\/div><\/div><\/div><div class=\"fusion-layout-column fusion_builder_column fusion-builder-column-3 fusion_builder_column_1_3 1_3 fusion-one-third fusion-column-last fusion-column-inner-bg-wrapper\" style=\"--awb-inner-bg-size:cover;width:33.333333333333%;width:calc(33.333333333333% - ( ( 4% + 4% ) * 0.33333333333333 ) );\"><span class=\"fusion-column-inner-bg hover-type-none\"><a class=\"fusion-column-anchor\" href=\"https:\/\/antonioanaut.com\/fr\/producto\/madeleine-sans-sucre-copia\/\"><span class=\"fusion-column-inner-bg-image\"><\/span><\/a><\/span><div class=\"fusion-column-wrapper fusion-column-has-shadow fusion-flex-column-wrapper-legacy\"><div class=\"fusion-image-element fusion-image-align-center in-legacy-container\" style=\"text-align:center;--awb-caption-title-font-family:var(--h2_typography-font-family);--awb-caption-title-font-weight:var(--h2_typography-font-weight);--awb-caption-title-font-style:var(--h2_typography-font-style);--awb-caption-title-size:var(--h2_typography-font-size);--awb-caption-title-transform:var(--h2_typography-text-transform);--awb-caption-title-line-height:var(--h2_typography-line-height);--awb-caption-title-letter-spacing:var(--h2_typography-letter-spacing);\"><div class=\"imageframe-align-center\"><span class=\" fusion-imageframe imageframe-none imageframe-5 hover-type-none\"><img decoding=\"async\" width=\"750\" height=\"1125\" alt=\"magdalena sin azucar\" title=\"Bolsa Magd sin azucar\" src=\"https:\/\/antonioanaut.com\/wp-content\/uploads\/2021\/10\/Bolsa-Magd-sin-azucar.jpg\" class=\"img-responsive wp-image-2546\" srcset=\"https:\/\/antonioanaut.com\/wp-content\/uploads\/2021\/10\/Bolsa-Magd-sin-azucar-200x300.jpg 200w, https:\/\/antonioanaut.com\/wp-content\/uploads\/2021\/10\/Bolsa-Magd-sin-azucar-400x600.jpg 400w, https:\/\/antonioanaut.com\/wp-content\/uploads\/2021\/10\/Bolsa-Magd-sin-azucar-600x900.jpg 600w, https:\/\/antonioanaut.com\/wp-content\/uploads\/2021\/10\/Bolsa-Magd-sin-azucar.jpg 750w\" sizes=\"(max-width: 800px) 100vw, 400px\" \/><\/span><\/div><\/div><div class=\"fusion-text fusion-text-4\"><h2 style=\"text-align: center;\">Madeleine sans sucre<\/h2>\n<\/div><div class=\"fusion-clearfix\"><\/div><\/div><\/div><\/div><\/div><div class=\"fusion-fullwidth fullwidth-box fusion-builder-row-3 nonhundred-percent-fullwidth non-hundred-percent-height-scrolling\" style=\"--awb-border-radius-top-left:0px;--awb-border-radius-top-right:0px;--awb-border-radius-bottom-right:0px;--awb-border-radius-bottom-left:0px;--awb-flex-wrap:wrap;\" ><div class=\"fusion-builder-row fusion-row\"><\/div><\/div><div class=\"fusion-fullwidth fullwidth-box fusion-builder-row-4 nonhundred-percent-fullwidth non-hundred-percent-height-scrolling\" style=\"--awb-border-radius-top-left:0px;--awb-border-radius-top-right:0px;--awb-border-radius-bottom-right:0px;--awb-border-radius-bottom-left:0px;--awb-flex-wrap:wrap;\" ><div class=\"fusion-builder-row fusion-row\"><\/div><\/div><\/p>\n","protected":false},"excerpt":{"rendered":"","protected":false},"author":1,"featured_media":0,"parent":0,"menu_order":0,"comment_status":"closed","ping_status":"closed","template":"","meta":{"_acf_changed":false,"footnotes":""},"class_list":["post-1576","page","type-page","status-publish","hentry"],"acf":[],"_links":{"self":[{"href":"https:\/\/antonioanaut.com\/fr\/wp-json\/wp\/v2\/pages\/1576","targetHints":{"allow":["GET"]}}],"collection":[{"href":"https:\/\/antonioanaut.com\/fr\/wp-json\/wp\/v2\/pages"}],"about":[{"href":"https:\/\/antonioanaut.com\/fr\/wp-json\/wp\/v2\/types\/page"}],"author":[{"embeddable":true,"href":"https:\/\/antonioanaut.com\/fr\/wp-json\/wp\/v2\/users\/1"}],"replies":[{"embeddable":true,"href":"https:\/\/antonioanaut.com\/fr\/wp-json\/wp\/v2\/comments?post=1576"}],"version-history":[{"count":12,"href":"https:\/\/antonioanaut.com\/fr\/wp-json\/wp\/v2\/pages\/1576\/revisions"}],"predecessor-version":[{"id":2627,"href":"https:\/\/antonioanaut.com\/fr\/wp-json\/wp\/v2\/pages\/1576\/revisions\/2627"}],"wp:attachment":[{"href":"https:\/\/antonioanaut.com\/fr\/wp-json\/wp\/v2\/media?parent=1576"}],"curies":[{"name":"wp","href":"https:\/\/api.w.org\/{rel}","templated":true}]}}