{"id":1246,"date":"2021-10-26T10:39:47","date_gmt":"2021-10-26T10:39:47","guid":{"rendered":"https:\/\/antonioanaut.com\/?page_id=1246"},"modified":"2025-06-06T10:33:56","modified_gmt":"2025-06-06T08:33:56","slug":"beignets-sans-sucre-ajoute","status":"publish","type":"page","link":"https:\/\/antonioanaut.com\/fr\/patisserie-traditionnelle\/beignets-sans-sucre-ajoute\/","title":{"rendered":"BEIGNETS SANS SUCRE AJOUT\u00c9"},"content":{"rendered":"<p><div class=\"fusion-fullwidth fullwidth-box fusion-builder-row-1 nonhundred-percent-fullwidth non-hundred-percent-height-scrolling\" style=\"--awb-border-radius-top-left:0px;--awb-border-radius-top-right:0px;--awb-border-radius-bottom-right:0px;--awb-border-radius-bottom-left:0px;--awb-flex-wrap:wrap;\" ><div class=\"fusion-builder-row fusion-row\"><div class=\"fusion-layout-column fusion_builder_column fusion-builder-column-0 fusion_builder_column_1_1 1_1 fusion-one-full fusion-column-first fusion-column-last\" style=\"--awb-bg-size:cover;\"><div class=\"fusion-column-wrapper fusion-flex-column-wrapper-legacy\"><div class=\"fusion-title title fusion-title-1 fusion-sep-none fusion-title-text fusion-title-size-one\"><h1 class=\"fusion-title-heading title-heading-left fusion-responsive-typography-calculated\" style=\"margin:0;--fontSize:40;line-height:1.4;\">Beignets sans sucre ajout\u00e9<\/h1><\/div><div class=\"fusion-image-element fusion-image-align-center in-legacy-container\" style=\"text-align:center;--awb-caption-title-font-family:var(--h2_typography-font-family);--awb-caption-title-font-weight:var(--h2_typography-font-weight);--awb-caption-title-font-style:var(--h2_typography-font-style);--awb-caption-title-size:var(--h2_typography-font-size);--awb-caption-title-transform:var(--h2_typography-text-transform);--awb-caption-title-line-height:var(--h2_typography-line-height);--awb-caption-title-letter-spacing:var(--h2_typography-letter-spacing);\"><div class=\"imageframe-align-center\"><span class=\" fusion-imageframe imageframe-none imageframe-1 hover-type-none\"><img decoding=\"async\" width=\"270\" height=\"405\" alt=\"Dulce tradicional Antonio Anaut\" title=\"rosco 0%\" src=\"https:\/\/antonioanaut.com\/wp-content\/uploads\/2024\/02\/rosco-0.jpg\" class=\"img-responsive wp-image-4809\" srcset=\"https:\/\/antonioanaut.com\/wp-content\/uploads\/2024\/02\/rosco-0-200x300.jpg 200w, https:\/\/antonioanaut.com\/wp-content\/uploads\/2024\/02\/rosco-0.jpg 270w\" sizes=\"(max-width: 800px) 100vw, 270px\" \/><\/span><\/div><\/div><div class=\"fusion-text fusion-text-1\"><p style=\"text-align: center;\">Beignets croustillant avec un agr\u00e9able a\u00f4me naturel de citron et sans sucre ajout\u00e9. \u00c9labor\u00e9es uniquement avec de l\u2019huile de tournesol et du maltitol.<\/p>\n<p style=\"text-align: center;\"><b><span lang=\"FR\">Elles sont sans lait (sans lactose, sans prot\u00e9ines de lait) et sans fruits secs.<\/span><\/b><\/p>\n<\/div><div class=\"fusion-clearfix\"><\/div><\/div><\/div><\/div><\/div><div class=\"fusion-fullwidth fullwidth-box fusion-builder-row-2 nonhundred-percent-fullwidth non-hundred-percent-height-scrolling\" style=\"--awb-border-radius-top-left:0px;--awb-border-radius-top-right:0px;--awb-border-radius-bottom-right:0px;--awb-border-radius-bottom-left:0px;--awb-flex-wrap:wrap;\" ><div class=\"fusion-builder-row fusion-row\"><div class=\"fusion-layout-column fusion_builder_column fusion-builder-column-1 fusion_builder_column_1_3 1_3 fusion-one-third fusion-column-first\" style=\"--awb-bg-size:cover;width:33.333333333333%;width:calc(33.333333333333% - ( ( 4% + 4% ) * 0.33333333333333 ) );margin-right: 4%;\"><div class=\"fusion-column-wrapper fusion-flex-column-wrapper-legacy\"><div class=\"fusion-clearfix\"><\/div><\/div><\/div><div class=\"fusion-layout-column fusion_builder_column fusion-builder-column-2 fusion_builder_column_1_3 1_3 fusion-one-third\" style=\"--awb-padding-right:4%;--awb-padding-left:4%;--awb-bg-size:cover;width:33.333333333333%;width:calc(33.333333333333% - ( ( 4% + 4% ) * 0.33333333333333 ) );margin-right: 4%;\"><div class=\"fusion-column-wrapper fusion-flex-column-wrapper-legacy\"><div class=\"fusion-image-element in-legacy-container\" style=\"--awb-caption-title-font-family:var(--h2_typography-font-family);--awb-caption-title-font-weight:var(--h2_typography-font-weight);--awb-caption-title-font-style:var(--h2_typography-font-style);--awb-caption-title-size:var(--h2_typography-font-size);--awb-caption-title-transform:var(--h2_typography-text-transform);--awb-caption-title-line-height:var(--h2_typography-line-height);--awb-caption-title-letter-spacing:var(--h2_typography-letter-spacing);\"><span class=\" fusion-imageframe imageframe-none imageframe-2 hover-type-none\"><img decoding=\"async\" width=\"492\" height=\"117\" title=\"ANAUT_SELLO_TONTITA_SA_FR\" src=\"https:\/\/antonioanaut.com\/wp-content\/uploads\/2018\/10\/ANAUT_SELLO_TONTITA_SA_FR.png\" alt class=\"img-responsive wp-image-714\" srcset=\"https:\/\/antonioanaut.com\/wp-content\/uploads\/2018\/10\/ANAUT_SELLO_TONTITA_SA_FR-200x48.png 200w, https:\/\/antonioanaut.com\/wp-content\/uploads\/2018\/10\/ANAUT_SELLO_TONTITA_SA_FR-400x95.png 400w, https:\/\/antonioanaut.com\/wp-content\/uploads\/2018\/10\/ANAUT_SELLO_TONTITA_SA_FR.png 492w\" sizes=\"(max-width: 800px) 100vw, 400px\" \/><\/span><\/div><div class=\"fusion-clearfix\"><\/div><\/div><\/div><div class=\"fusion-layout-column fusion_builder_column fusion-builder-column-3 fusion_builder_column_1_3 1_3 fusion-one-third fusion-column-last\" style=\"--awb-bg-size:cover;width:33.333333333333%;width:calc(33.333333333333% - ( ( 4% + 4% ) * 0.33333333333333 ) );\"><div class=\"fusion-column-wrapper fusion-flex-column-wrapper-legacy\"><div class=\"fusion-clearfix\"><\/div><\/div><\/div><\/div><\/div><div class=\"fusion-fullwidth fullwidth-box fusion-builder-row-3 nonhundred-percent-fullwidth non-hundred-percent-height-scrolling\" style=\"--awb-border-radius-top-left:0px;--awb-border-radius-top-right:0px;--awb-border-radius-bottom-right:0px;--awb-border-radius-bottom-left:0px;--awb-flex-wrap:wrap;\" ><div class=\"fusion-builder-row fusion-row\"><div class=\"fusion-layout-column fusion_builder_column fusion-builder-column-4 fusion_builder_column_1_2 1_2 fusion-one-half fusion-column-first\" style=\"--awb-bg-size:cover;width:50%;width:calc(50% - ( ( 4% ) * 0.5 ) );margin-right: 4%;\"><div class=\"fusion-column-wrapper fusion-flex-column-wrapper-legacy\"><div class=\"fusion-text fusion-text-2\"><h3>Ingr\u00e9dients<\/h3>\n<\/div><div class=\"fusion-text fusion-text-3\"><p style=\"text-align: left;\">Farine de BL\u00c9, \u00e9dulcorant( maltitol), OEUF, huile de tournesol raffin\u00e9e, et poudre \u00e0 lever (bicarbonate de sodium, pyrophosphate de sodium, acide citrique), et ar\u00f4me naturel de citron<\/p>\n<p><strong>Il contient du gluten. Sans colorants ni conservateurs.<\/strong><\/p>\n<p style=\"text-align: left;\"><strong>\u00a0<\/strong><\/p>\n<\/div><div class=\"fusion-text fusion-text-4\"><h3>Information nutritionnelle pour 100 g<\/h3>\n<\/div>\n<div class=\"table-1\">\n<table width=\"100%\">\n<tbody>\n<tr>\n<td align=\"left\">Valeur \u00e9nerg\u00e9tique<\/td>\n<td style=\"text-align: right;\" align=\"left\">1708,3 KJ \/ 407,8 kcal.<\/td>\n<\/tr>\n<tr>\n<td align=\"left\">Graisses<\/td>\n<td style=\"text-align: right;\" align=\"left\">15,7 g<\/td>\n<\/tr>\n<tr>\n<td align=\"left\">dont acides gras satur\u00e9s<\/td>\n<td style=\"text-align: right;\" align=\"left\">2,1 g<\/td>\n<\/tr>\n<tr>\n<td align=\"left\">Hydrates de carbone<\/td>\n<td style=\"text-align: right;\" align=\"left\">66,2 g<\/td>\n<\/tr>\n<tr>\n<td align=\"left\">dont sucres<\/td>\n<td style=\"text-align: right;\" align=\"left\">&lt;0,01 g<\/td>\n<\/tr>\n<tr>\n<td align=\"left\">Prot\u00e9ines<\/td>\n<td style=\"text-align: right;\" align=\"left\">8,5 g<\/td>\n<\/tr>\n<tr>\n<td align=\"left\">Sel<\/td>\n<td style=\"text-align: right;\" align=\"left\">0,6 g<\/td>\n<\/tr>\n<\/tbody>\n<\/table>\n<\/div>\n<div class=\"fusion-text fusion-text-5\"><p><strong>Format: Au d\u00e9tail \/ Sachet 220 g<br \/>\n<\/strong><\/p>\n<p><strong>\u00a0<\/strong><\/p>\n<\/div><div class=\"fusion-text fusion-text-6\"><p style=\"text-align: left;\"><a href=\"https:\/\/antonioanaut.com\/wp-content\/uploads\/2018\/10\/ANAUT_TONTITA_SANSSUCRE.pdf\"><strong>T\u00e9l\u00e9charger fiche<\/strong><\/a><\/p>\n<\/div><div class=\"fusion-alignleft\"><a class=\"fusion-button button-flat button-small button-default fusion-button-default button-1 fusion-button-default-span \" target=\"_self\" href=\"https:\/\/antonioanaut.com\/fr\/producto\/beignets-sans-sucre-ajoute\/\"><span class=\"fusion-button-text awb-button__text awb-button__text--default\">ACHETER<\/span><\/a><\/div><div class=\"fusion-clearfix\"><\/div><\/div><\/div><div class=\"fusion-layout-column fusion_builder_column fusion-builder-column-5 fusion_builder_column_1_2 1_2 fusion-one-half fusion-column-last\" style=\"--awb-bg-size:cover;width:50%;width:calc(50% - ( ( 4% ) * 0.5 ) );\"><div class=\"fusion-column-wrapper fusion-flex-column-wrapper-legacy\"><div class=\"fusion-image-element fusion-image-align-center in-legacy-container\" style=\"text-align:center;--awb-caption-title-font-family:var(--h2_typography-font-family);--awb-caption-title-font-weight:var(--h2_typography-font-weight);--awb-caption-title-font-style:var(--h2_typography-font-style);--awb-caption-title-size:var(--h2_typography-font-size);--awb-caption-title-transform:var(--h2_typography-text-transform);--awb-caption-title-line-height:var(--h2_typography-line-height);--awb-caption-title-letter-spacing:var(--h2_typography-letter-spacing);\"><div class=\"imageframe-align-center\"><span class=\" fusion-imageframe imageframe-none imageframe-3 hover-type-none\"><img decoding=\"async\" width=\"270\" height=\"405\" title=\"rosco 0%\" src=\"https:\/\/antonioanaut.com\/wp-content\/uploads\/2024\/02\/rosco-0.jpg\" alt class=\"img-responsive wp-image-4809\" srcset=\"https:\/\/antonioanaut.com\/wp-content\/uploads\/2024\/02\/rosco-0-200x300.jpg 200w, https:\/\/antonioanaut.com\/wp-content\/uploads\/2024\/02\/rosco-0.jpg 270w\" sizes=\"(max-width: 800px) 100vw, 270px\" \/><\/span><\/div><\/div><div class=\"fusion-sep-clear\"><\/div><div class=\"fusion-separator fusion-full-width-sep\" style=\"margin-left: auto;margin-right: auto;margin-top:130px;margin-bottom:20px;width:100%;\"><div class=\"fusion-separator-border sep-single sep-solid\" style=\"--awb-height:20px;--awb-amount:20px;border-color:#e0dede;border-top-width:1px;\"><\/div><\/div><div class=\"fusion-sep-clear\"><\/div><div class=\"fusion-image-element fusion-image-align-right in-legacy-container\" style=\"text-align:right;--awb-max-width:150px;--awb-caption-title-font-family:var(--h2_typography-font-family);--awb-caption-title-font-weight:var(--h2_typography-font-weight);--awb-caption-title-font-style:var(--h2_typography-font-style);--awb-caption-title-size:var(--h2_typography-font-size);--awb-caption-title-transform:var(--h2_typography-text-transform);--awb-caption-title-line-height:var(--h2_typography-line-height);--awb-caption-title-letter-spacing:var(--h2_typography-letter-spacing);\"><span class=\" fusion-imageframe imageframe-none imageframe-4 hover-type-none\" style=\"margin-left:25px;float:right;\"><img decoding=\"async\" width=\"1227\" height=\"1228\" title=\"RG transparente\" src=\"https:\/\/antonioanaut.com\/wp-content\/uploads\/2024\/01\/RG-transparente-1.png\" alt class=\"img-responsive wp-image-4640\" srcset=\"https:\/\/antonioanaut.com\/wp-content\/uploads\/2024\/01\/RG-transparente-1-200x200.png 200w, https:\/\/antonioanaut.com\/wp-content\/uploads\/2024\/01\/RG-transparente-1-400x400.png 400w, https:\/\/antonioanaut.com\/wp-content\/uploads\/2024\/01\/RG-transparente-1-600x600.png 600w, https:\/\/antonioanaut.com\/wp-content\/uploads\/2024\/01\/RG-transparente-1-800x801.png 800w, https:\/\/antonioanaut.com\/wp-content\/uploads\/2024\/01\/RG-transparente-1-1200x1201.png 1200w, https:\/\/antonioanaut.com\/wp-content\/uploads\/2024\/01\/RG-transparente-1.png 1227w\" sizes=\"(max-width: 800px) 100vw, 600px\" \/><\/span><\/div><div class=\"fusion-clearfix\"><\/div><\/div><\/div><\/div><\/div><\/p>\n","protected":false},"excerpt":{"rendered":"","protected":false},"author":1,"featured_media":0,"parent":606,"menu_order":0,"comment_status":"closed","ping_status":"closed","template":"","meta":{"_acf_changed":false,"footnotes":""},"class_list":["post-1246","page","type-page","status-publish","hentry"],"acf":[],"_links":{"self":[{"href":"https:\/\/antonioanaut.com\/fr\/wp-json\/wp\/v2\/pages\/1246","targetHints":{"allow":["GET"]}}],"collection":[{"href":"https:\/\/antonioanaut.com\/fr\/wp-json\/wp\/v2\/pages"}],"about":[{"href":"https:\/\/antonioanaut.com\/fr\/wp-json\/wp\/v2\/types\/page"}],"author":[{"embeddable":true,"href":"https:\/\/antonioanaut.com\/fr\/wp-json\/wp\/v2\/users\/1"}],"replies":[{"embeddable":true,"href":"https:\/\/antonioanaut.com\/fr\/wp-json\/wp\/v2\/comments?post=1246"}],"version-history":[{"count":7,"href":"https:\/\/antonioanaut.com\/fr\/wp-json\/wp\/v2\/pages\/1246\/revisions"}],"predecessor-version":[{"id":5830,"href":"https:\/\/antonioanaut.com\/fr\/wp-json\/wp\/v2\/pages\/1246\/revisions\/5830"}],"up":[{"embeddable":true,"href":"https:\/\/antonioanaut.com\/fr\/wp-json\/wp\/v2\/pages\/606"}],"wp:attachment":[{"href":"https:\/\/antonioanaut.com\/fr\/wp-json\/wp\/v2\/media?parent=1246"}],"curies":[{"name":"wp","href":"https:\/\/api.w.org\/{rel}","templated":true}]}}